{"id":1937,"date":"2021-05-08T14:18:34","date_gmt":"2021-05-08T14:18:34","guid":{"rendered":"https:\/\/tonacorp.com\/divi\/?page_id=1937"},"modified":"2021-09-12T02:06:50","modified_gmt":"2021-09-12T02:06:50","slug":"dich-vu","status":"publish","type":"page","link":"https:\/\/tonacorp.com\/vi\/dich-vu\/","title":{"rendered":"D\u1ecbch v\u1ee5"},"content":{"rendered":"<p>[et_pb_section fb_built=&#8221;1&#8243; _builder_version=&#8221;4.9.10&#8243; _module_preset=&#8221;default&#8221; background_image=&#8221;https:\/\/tonacorp.com\/wp-content\/uploads\/2021\/05\/dich-vu-banner-min.jpg&#8221; background_enable_image=&#8221;on&#8221; custom_padding=&#8221;70px||70px||true|false&#8221;][et_pb_row _builder_version=&#8221;4.9.4&#8243; _module_preset=&#8221;default&#8221; global_colors_info=&#8221;{}&#8221;][et_pb_column type=&#8221;4_4&#8243; _builder_version=&#8221;4.9.4&#8243; _module_preset=&#8221;default&#8221;][et_pb_text _builder_version=&#8221;4.9.10&#8243; _module_preset=&#8221;342c4ba3-ce3b-4ab6-b1d2-5e5703be4677&#8243; header_text_color=&#8221;#FFFFFF&#8221; animation_style=&#8221;fade&#8221;]<\/p>\n<h1>D\u1ecbch v\u1ee5<\/h1>\n<p>[\/et_pb_text][\/et_pb_column][\/et_pb_row][\/et_pb_section][et_pb_section fb_built=&#8221;1&#8243; _builder_version=&#8221;4.9.4&#8243; _module_preset=&#8221;default&#8221; custom_padding=&#8221;40px||40px||false|false&#8221;][et_pb_row column_structure=&#8221;3_5,2_5&#8243; make_equal=&#8221;on&#8221; _builder_version=&#8221;4.9.10&#8243; _module_preset=&#8221;default&#8221; animation_direction=&#8221;bottom&#8221; hover_enabled=&#8221;0&#8243; sticky_enabled=&#8221;0&#8243;][et_pb_column type=&#8221;3_5&#8243; _builder_version=&#8221;4.9.4&#8243; _module_preset=&#8221;default&#8221; transform_translate_linked=&#8221;off&#8221; transform_styles__hover_enabled=&#8221;on|hover&#8221; transform_scale__hover_enabled=&#8221;on|desktop&#8221; transform_translate__hover=&#8221;0px|-8px&#8221; transform_translate__hover_enabled=&#8221;on|hover&#8221; transform_rotate__hover_enabled=&#8221;on|desktop&#8221; transform_skew__hover_enabled=&#8221;on|desktop&#8221; transform_origin__hover_enabled=&#8221;on|desktop&#8221;][et_pb_image src=&#8221;https:\/\/tonacorp.com\/wp-content\/uploads\/2021\/08\/hinh-du-an_2-min-1.jpg&#8221; title_text=&#8221;hinh-du-an_2-min-1&#8243; _builder_version=&#8221;4.9.10&#8243; _module_preset=&#8221;default&#8221; animation_style=&#8221;fade&#8221; global_colors_info=&#8221;{}&#8221;][\/et_pb_image][\/et_pb_column][et_pb_column type=&#8221;2_5&#8243; _builder_version=&#8221;4.9.4&#8243; _module_preset=&#8221;default&#8221; background_color=&#8221;#FFFFFF&#8221; transform_translate_linked=&#8221;off&#8221; custom_padding=&#8221;50px|30px|50px|30px|false|false&#8221; border_width_all=&#8221;2px&#8221; border_color_all=&#8221;rgba(10,0,0,0.22)&#8221; border_width_bottom=&#8221;5px&#8221; border_color_bottom=&#8221;#F4AA1F&#8221; transform_styles__hover_enabled=&#8221;on|hover&#8221; transform_scale__hover_enabled=&#8221;on|desktop&#8221; transform_translate__hover=&#8221;0px|-8px&#8221; transform_translate__hover_enabled=&#8221;on|hover&#8221; transform_rotate__hover_enabled=&#8221;on|desktop&#8221; transform_skew__hover_enabled=&#8221;on|desktop&#8221; transform_origin__hover_enabled=&#8221;on|desktop&#8221;][et_pb_blurb title=&#8221;T\u1ed5ng th\u1ea7u thi\u1ebft k\u1ebf &#8211; thi c\u00f4ng c\u00f4ng nghi\u1ec7p&#8221; image=&#8221;https:\/\/tonacorp.com\/wp-content\/uploads\/2021\/05\/Home-construction.png&#8221; image_max_width=&#8221;100%&#8221; _builder_version=&#8221;4.9.4&#8243; _module_preset=&#8221;default&#8221; header_font=&#8221;Montserrat|800|||||||&#8221; header_text_align=&#8221;center&#8221; header_text_color=&#8221;#166F4F&#8221; header_font_size=&#8221;16px&#8221; body_font=&#8221;Montserrat|500|||||||&#8221; body_font_size=&#8221;13px&#8221; body_line_height=&#8221;1em&#8221; body_ul_font=&#8221;Montserrat|500|||||||&#8221; body_ul_text_color=&#8221;#0A0000&#8243; body_ul_line_height=&#8221;1.3em&#8221; animation_style=&#8221;fade&#8221; header_font_size_last_edited=&#8221;off|desktop&#8221; locked=&#8221;off&#8221; global_colors_info=&#8221;{}&#8221;]<\/p>\n<p>\u2022 Nh\u00e0 m\u00e1y<\/p>\n<p>\u2022 Nh\u00e0 x\u01b0\u1edfng<\/p>\n<p>\u2022 C\u01a1 \u0111i\u1ec7n l\u1ea1nh MEP<\/p>\n<p>[\/et_pb_blurb][\/et_pb_column][\/et_pb_row][et_pb_row column_structure=&#8221;2_5,3_5&#8243; make_equal=&#8221;on&#8221; _builder_version=&#8221;4.9.4&#8243; _module_preset=&#8221;default&#8221; animation_direction=&#8221;bottom&#8221; global_colors_info=&#8221;{}&#8221;][et_pb_column type=&#8221;2_5&#8243; _builder_version=&#8221;4.9.4&#8243; _module_preset=&#8221;default&#8221; background_color=&#8221;#FFFFFF&#8221; transform_translate_linked=&#8221;off&#8221; custom_padding=&#8221;50px|30px|50px|30px|false|false&#8221; border_width_all=&#8221;2px&#8221; border_color_all=&#8221;rgba(10,0,0,0.22)&#8221; border_width_bottom=&#8221;5px&#8221; border_color_bottom=&#8221;#F4AA1F&#8221; transform_styles__hover_enabled=&#8221;on|hover&#8221; transform_scale__hover_enabled=&#8221;on|desktop&#8221; transform_translate__hover=&#8221;0px|-8px&#8221; transform_translate__hover_enabled=&#8221;on|hover&#8221; transform_rotate__hover_enabled=&#8221;on|desktop&#8221; transform_skew__hover_enabled=&#8221;on|desktop&#8221; transform_origin__hover_enabled=&#8221;on|desktop&#8221;][et_pb_blurb title=&#8221;T\u1ed5ng th\u1ea7u thi\u1ebft k\u1ebf &#8211; thi c\u00f4ng d\u00e2n d\u1ee5ng&#8221; image=&#8221;https:\/\/tonacorp.com\/wp-content\/uploads\/2021\/05\/Home-sketch.png&#8221; image_max_width=&#8221;100%&#8221; _builder_version=&#8221;4.9.4&#8243; _module_preset=&#8221;default&#8221; header_font=&#8221;Montserrat|800|||||||&#8221; header_text_align=&#8221;center&#8221; header_text_color=&#8221;#166F4F&#8221; header_font_size=&#8221;16px&#8221; body_font=&#8221;Montserrat|500|||||||&#8221; body_font_size=&#8221;13px&#8221; body_line_height=&#8221;1em&#8221; body_ul_font=&#8221;Montserrat|500|||||||&#8221; body_ul_text_color=&#8221;#0A0000&#8243; body_ul_line_height=&#8221;1.3em&#8221; animation_style=&#8221;fade&#8221; header_font_size_last_edited=&#8221;off|desktop&#8221; locked=&#8221;off&#8221; global_colors_info=&#8221;{}&#8221;]<\/p>\n<p>\u2022 Cao \u1ed1c v\u0103n ph\u00f2ng<\/p>\n<p>\u2022 T\u00f2a nh\u00e0 chung c\u01b0<\/p>\n<p>\u2022 Kh\u00e1ch s\u1ea1n<\/p>\n<p>\u2022 Trung t\u00e2m th\u01b0\u01a1ng m\u1ea1i &amp; d\u1ecbch v\u1ee5<\/p>\n<p>[\/et_pb_blurb][\/et_pb_column][et_pb_column type=&#8221;3_5&#8243; _builder_version=&#8221;4.9.4&#8243; _module_preset=&#8221;default&#8221; transform_translate_linked=&#8221;off&#8221; transform_styles__hover_enabled=&#8221;on|hover&#8221; transform_scale__hover_enabled=&#8221;on|desktop&#8221; transform_translate__hover=&#8221;0px|-8px&#8221; transform_translate__hover_enabled=&#8221;on|hover&#8221; transform_rotate__hover_enabled=&#8221;on|desktop&#8221; transform_skew__hover_enabled=&#8221;on|desktop&#8221; transform_origin__hover_enabled=&#8221;on|desktop&#8221;][et_pb_image src=&#8221;https:\/\/tonacorp.com\/wp-content\/uploads\/2021\/06\/hinh-du-an_2-min-1.jpg&#8221; title_text=&#8221;hinh du an_2-min (1)&#8221; _builder_version=&#8221;4.9.4&#8243; _module_preset=&#8221;default&#8221; animation_style=&#8221;fade&#8221; global_colors_info=&#8221;{}&#8221;][\/et_pb_image][\/et_pb_column][\/et_pb_row][et_pb_row column_structure=&#8221;3_5,2_5&#8243; make_equal=&#8221;on&#8221; _builder_version=&#8221;4.9.4&#8243; _module_preset=&#8221;default&#8221; animation_direction=&#8221;bottom&#8221; global_colors_info=&#8221;{}&#8221;][et_pb_column type=&#8221;3_5&#8243; _builder_version=&#8221;4.9.4&#8243; _module_preset=&#8221;default&#8221; background_color=&#8221;#FFFFFF&#8221; transform_translate_linked=&#8221;off&#8221; border_color_all=&#8221;rgba(10,0,0,0.22)&#8221; border_color_bottom=&#8221;#F4AA1F&#8221; transform_styles__hover_enabled=&#8221;on|hover&#8221; transform_scale__hover_enabled=&#8221;on|desktop&#8221; transform_translate__hover=&#8221;0px|-8px&#8221; transform_translate__hover_enabled=&#8221;on|hover&#8221; transform_rotate__hover_enabled=&#8221;on|desktop&#8221; transform_skew__hover_enabled=&#8221;on|desktop&#8221; transform_origin__hover_enabled=&#8221;on|desktop&#8221;][et_pb_image src=&#8221;https:\/\/tonacorp.com\/wp-content\/uploads\/2021\/06\/hinh-du-an_3-min-1.jpg&#8221; title_text=&#8221;hinh du an_3-min (1)&#8221; _builder_version=&#8221;4.9.4&#8243; _module_preset=&#8221;default&#8221; animation_style=&#8221;fade&#8221; global_colors_info=&#8221;{}&#8221;][\/et_pb_image][\/et_pb_column][et_pb_column type=&#8221;2_5&#8243; _builder_version=&#8221;4.9.4&#8243; _module_preset=&#8221;default&#8221; background_color=&#8221;#FFFFFF&#8221; transform_translate_linked=&#8221;off&#8221; custom_padding=&#8221;50px|30px|50px|30px|false|false&#8221; border_width_all=&#8221;2px&#8221; border_color_all=&#8221;rgba(10,0,0,0.22)&#8221; border_width_bottom=&#8221;5px&#8221; border_color_bottom=&#8221;#F4AA1F&#8221; transform_styles__hover_enabled=&#8221;on|hover&#8221; transform_scale__hover_enabled=&#8221;on|desktop&#8221; transform_translate__hover=&#8221;0px|-8px&#8221; transform_translate__hover_enabled=&#8221;on|hover&#8221; transform_rotate__hover_enabled=&#8221;on|desktop&#8221; transform_skew__hover_enabled=&#8221;on|desktop&#8221; transform_origin__hover_enabled=&#8221;on|desktop&#8221;][et_pb_blurb title=&#8221;T\u1ed5ng th\u1ea7u thi c\u00f4ng \u0111i\u1ec7n n\u0103ng l\u01b0\u1ee3ng m\u1eb7t tr\u1eddi m\u00e1i nh\u00e0&#8221; image=&#8221;https:\/\/tonacorp.com\/wp-content\/uploads\/2021\/05\/Home-solar-panel.png&#8221; image_max_width=&#8221;100%&#8221; _builder_version=&#8221;4.9.10&#8243; _module_preset=&#8221;default&#8221; header_font=&#8221;Montserrat|800|||||||&#8221; header_text_align=&#8221;center&#8221; header_text_color=&#8221;#166F4F&#8221; header_font_size=&#8221;16px&#8221; body_font=&#8221;Montserrat|500|||||||&#8221; body_font_size=&#8221;13px&#8221; body_ul_font=&#8221;Montserrat|500|||||||&#8221; body_ul_text_color=&#8221;#0A0000&#8243; body_ul_line_height=&#8221;1.3em&#8221; animation_style=&#8221;fade&#8221; header_font_size_last_edited=&#8221;off|desktop&#8221; locked=&#8221;off&#8221; global_colors_info=&#8221;{}&#8221;]<\/p>\n<p>\u2022 Thi c\u00f4ng l\u1eafp \u0111\u1eb7t<\/p>\n<p>\u2022 V\u1eadn h\u00e0nh &amp; b\u1ea3o tr\u00ec (O&amp;M)<\/p>\n<p>[\/et_pb_blurb][\/et_pb_column][\/et_pb_row][et_pb_row column_structure=&#8221;2_5,3_5&#8243; make_equal=&#8221;on&#8221; _builder_version=&#8221;4.9.4&#8243; _module_preset=&#8221;default&#8221; animation_direction=&#8221;bottom&#8221; global_colors_info=&#8221;{}&#8221;][et_pb_column type=&#8221;2_5&#8243; _builder_version=&#8221;4.9.4&#8243; _module_preset=&#8221;default&#8221; background_color=&#8221;#FFFFFF&#8221; transform_translate_linked=&#8221;off&#8221; custom_padding=&#8221;50px|30px|50px|30px|false|false&#8221; border_width_all=&#8221;2px&#8221; border_color_all=&#8221;rgba(10,0,0,0.22)&#8221; border_width_bottom=&#8221;5px&#8221; border_color_bottom=&#8221;#F4AA1F&#8221; transform_styles__hover_enabled=&#8221;on|hover&#8221; transform_scale__hover_enabled=&#8221;on|desktop&#8221; transform_translate__hover=&#8221;0px|-8px&#8221; transform_translate__hover_enabled=&#8221;on|hover&#8221; transform_rotate__hover_enabled=&#8221;on|desktop&#8221; transform_skew__hover_enabled=&#8221;on|desktop&#8221; transform_origin__hover_enabled=&#8221;on|desktop&#8221;][et_pb_blurb title=&#8221;\u0110\u1ea7u t\u01b0 v\u00e0 ph\u00e1t tri\u1ec3n&#8221; image=&#8221;https:\/\/tonacorp.com\/wp-content\/uploads\/2021\/05\/Home-dashboard.png&#8221; image_max_width=&#8221;100%&#8221; _builder_version=&#8221;4.9.4&#8243; _module_preset=&#8221;default&#8221; header_font=&#8221;Montserrat|800|||||||&#8221; header_text_align=&#8221;center&#8221; header_text_color=&#8221;#166F4F&#8221; header_font_size=&#8221;16px&#8221; body_font=&#8221;Montserrat|500|||||||&#8221; body_font_size=&#8221;13px&#8221; body_ul_font=&#8221;Montserrat|500|||||||&#8221; body_ul_text_color=&#8221;#0A0000&#8243; body_ul_line_height=&#8221;1.3em&#8221; animation_style=&#8221;fade&#8221; header_font_size_last_edited=&#8221;off|desktop&#8221; locked=&#8221;off&#8221; global_colors_info=&#8221;{}&#8221;]<\/p>\n<p>\u2022 \u0110i\u1ec7n n\u0103ng l\u01b0\u1ee3ng m\u1eb7t tr\u1eddi \u00e1p m\u00e1i quy m\u00f4 l\u1edbn<\/p>\n<p>\u2022 B\u1ea5t \u0111\u1ed9ng s\u1ea3n khu c\u00f4ng nghi\u1ec7p<\/p>\n<p>[\/et_pb_blurb][\/et_pb_column][et_pb_column type=&#8221;3_5&#8243; _builder_version=&#8221;4.9.4&#8243; _module_preset=&#8221;default&#8221; transform_translate_linked=&#8221;off&#8221; transform_styles__hover_enabled=&#8221;on|hover&#8221; transform_scale__hover_enabled=&#8221;on|desktop&#8221; transform_translate__hover=&#8221;0px|-8px&#8221; transform_translate__hover_enabled=&#8221;on|hover&#8221; transform_rotate__hover_enabled=&#8221;on|desktop&#8221; transform_skew__hover_enabled=&#8221;on|desktop&#8221; transform_origin__hover_enabled=&#8221;on|desktop&#8221;][et_pb_image src=&#8221;https:\/\/tonacorp.com\/wp-content\/uploads\/2021\/08\/hinh-du-an_4-min-1.jpg&#8221; title_text=&#8221;hinh-du-an_4-min-1&#8243; _builder_version=&#8221;4.9.10&#8243; _module_preset=&#8221;default&#8221; animation_style=&#8221;fade&#8221; global_colors_info=&#8221;{}&#8221;][\/et_pb_image][\/et_pb_column][\/et_pb_row][\/et_pb_section]<\/p>\n","protected":false},"excerpt":{"rendered":"<p>D\u1ecbch v\u1ee5\u2022 Nh\u00e0 m\u00e1y \u2022 Nh\u00e0 x\u01b0\u1edfng \u2022 C\u01a1 \u0111i\u1ec7n l\u1ea1nh MEP\u2022 Cao \u1ed1c v\u0103n ph\u00f2ng \u2022 T\u00f2a nh\u00e0 chung c\u01b0 \u2022 Kh\u00e1ch s\u1ea1n \u2022 Trung t\u00e2m th\u01b0\u01a1ng m\u1ea1i &amp; d\u1ecbch v\u1ee5\u2022 Thi c\u00f4ng l\u1eafp \u0111\u1eb7t \u2022 V\u1eadn h\u00e0nh &amp; b\u1ea3o tr\u00ec (O&amp;M)\u2022 \u0110i\u1ec7n n\u0103ng l\u01b0\u1ee3ng m\u1eb7t tr\u1eddi \u00e1p m\u00e1i quy m\u00f4 l\u1edbn \u2022 B\u1ea5t \u0111\u1ed9ng s\u1ea3n khu c\u00f4ng nghi\u1ec7p<\/p>\n","protected":false},"author":2,"featured_media":0,"parent":0,"menu_order":0,"comment_status":"closed","ping_status":"closed","template":"","meta":{"_et_pb_use_builder":"on","_et_pb_old_content":"<!-- wp:divi\/placeholder \/-->","_et_gb_content_width":"","footnotes":""},"class_list":["post-1937","page","type-page","status-publish","hentry"],"yoast_head":"<!-- This site is optimized with the Yoast SEO plugin v22.9 - https:\/\/yoast.com\/wordpress\/plugins\/seo\/ -->\n<title>D\u1ecbch v\u1ee5 - TONA CORP<\/title>\n<meta name=\"robots\" content=\"index, follow, max-snippet:-1, max-image-preview:large, max-video-preview:-1\" \/>\n<link rel=\"canonical\" href=\"https:\/\/tonacorp.com\/dich-vu\/\" \/>\n<meta property=\"og:locale\" content=\"vi_VN\" \/>\n<meta property=\"og:type\" content=\"article\" \/>\n<meta property=\"og:title\" content=\"D\u1ecbch v\u1ee5 - TONA CORP\" \/>\n<meta property=\"og:description\" content=\"\u2022 H\u01a1n 15 n\u0103m kinh nghi\u1ec7m trong l\u0129nh v\u1ef1c t\u00e0i ch\u00ednh, ng\u00e2n h\u00e0ng, \u0111\u1ea7u t\u01b0 v\u00e0 kinh doanh \u2022 C\u1ef1u Ph\u00f3 T\u1ed5ng Gi\u00e1m \u0111\u1ed1c, Ng\u00e2n h\u00e0ng TMCP Vi\u1ec7t Nam Th\u01b0\u01a1ng T\u00edn (Vietbank) \u2022 C\u1ef1u Ph\u00f3 T\u1ed5ng Gi\u00e1m \u0111\u1ed1c, Ng\u00e2n h\u00e0ng TMCP Nam \u00c1 (NamAbank) \u2022 C\u1ef1u T\u1ed5ng Gi\u00e1m \u0111\u1ed1c C\u00f4ng ty AMC \u2013 Ng\u00e2n h\u00e0ng TMCP Nam \u00c1 (NamAbank) \u2022 Th\u1ea1c s\u0129 qu\u1ea3n tr\u1ecb kinh doanh qu\u1ed1c t\u1ebf (MBA) c\u00f9ng v\u1edbi c\u00e1c ng\u00e0nh qu\u1ea3n l\u00fd t\u00e0i ch\u00ednh, ng\u00e2n h\u00e0ng, b\u1ea3o hi\u1ec3m &amp; qu\u1ea3n l\u00fd c\u00f4ng ngh\u1ec7 th\u00f4ng tin, \u0110\u1ea1i h\u1ecdc Hannover t\u1ea1i \u0110\u1ee9c. \u2022 C\u1eed nh\u00e2n kinh doanh qu\u1ed1c t\u1ebf, \u0110\u1ea1i h\u1ecdc Ngo\u1ea1i th\u01b0\u01a1ng Tp.H\u1ed3 Ch\u00ed Minh\" \/>\n<meta property=\"og:url\" content=\"https:\/\/tonacorp.com\/dich-vu\/\" \/>\n<meta property=\"og:site_name\" content=\"TONA CORP\" \/>\n<meta property=\"article:modified_time\" content=\"2021-09-12T02:06:50+00:00\" \/>\n<meta name=\"twitter:card\" content=\"summary_large_image\" \/>\n<meta name=\"twitter:label1\" content=\"Est. reading time\" \/>\n\t<meta name=\"twitter:data1\" content=\"2 minutes\" \/>\n<script type=\"application\/ld+json\" class=\"yoast-schema-graph\">{\"@context\":\"https:\/\/schema.org\",\"@graph\":[{\"@type\":\"WebPage\",\"@id\":\"https:\/\/tonacorp.com\/dich-vu\/\",\"url\":\"https:\/\/tonacorp.com\/dich-vu\/\",\"name\":\"D\u1ecbch v\u1ee5 - TONA CORP\",\"isPartOf\":{\"@id\":\"https:\/\/tonacorp.com\/#website\"},\"datePublished\":\"2021-05-08T14:18:34+00:00\",\"dateModified\":\"2021-09-12T02:06:50+00:00\",\"breadcrumb\":{\"@id\":\"https:\/\/tonacorp.com\/dich-vu\/#breadcrumb\"},\"inLanguage\":\"vi-VN\",\"potentialAction\":[{\"@type\":\"ReadAction\",\"target\":[\"https:\/\/tonacorp.com\/dich-vu\/\"]}]},{\"@type\":\"BreadcrumbList\",\"@id\":\"https:\/\/tonacorp.com\/dich-vu\/#breadcrumb\",\"itemListElement\":[{\"@type\":\"ListItem\",\"position\":1,\"name\":\"Home\",\"item\":\"https:\/\/tonacorp.com\/vi\/\"},{\"@type\":\"ListItem\",\"position\":2,\"name\":\"D\u1ecbch v\u1ee5\"}]},{\"@type\":\"WebSite\",\"@id\":\"https:\/\/tonacorp.com\/#website\",\"url\":\"https:\/\/tonacorp.com\/\",\"name\":\"TONA CORP\",\"description\":\"Build it right\",\"potentialAction\":[{\"@type\":\"SearchAction\",\"target\":{\"@type\":\"EntryPoint\",\"urlTemplate\":\"https:\/\/tonacorp.com\/?s={search_term_string}\"},\"query-input\":\"required name=search_term_string\"}],\"inLanguage\":\"vi-VN\"}]}<\/script>\n<!-- \/ Yoast SEO plugin. -->","yoast_head_json":{"title":"D\u1ecbch v\u1ee5 - TONA CORP","robots":{"index":"index","follow":"follow","max-snippet":"max-snippet:-1","max-image-preview":"max-image-preview:large","max-video-preview":"max-video-preview:-1"},"canonical":"https:\/\/tonacorp.com\/dich-vu\/","og_locale":"vi_VN","og_type":"article","og_title":"D\u1ecbch v\u1ee5 - TONA CORP","og_description":"\u2022 H\u01a1n 15 n\u0103m kinh nghi\u1ec7m trong l\u0129nh v\u1ef1c t\u00e0i ch\u00ednh, ng\u00e2n h\u00e0ng, \u0111\u1ea7u t\u01b0 v\u00e0 kinh doanh \u2022 C\u1ef1u Ph\u00f3 T\u1ed5ng Gi\u00e1m \u0111\u1ed1c, Ng\u00e2n h\u00e0ng TMCP Vi\u1ec7t Nam Th\u01b0\u01a1ng T\u00edn (Vietbank) \u2022 C\u1ef1u Ph\u00f3 T\u1ed5ng Gi\u00e1m \u0111\u1ed1c, Ng\u00e2n h\u00e0ng TMCP Nam \u00c1 (NamAbank) \u2022 C\u1ef1u T\u1ed5ng Gi\u00e1m \u0111\u1ed1c C\u00f4ng ty AMC \u2013 Ng\u00e2n h\u00e0ng TMCP Nam \u00c1 (NamAbank) \u2022 Th\u1ea1c s\u0129 qu\u1ea3n tr\u1ecb kinh doanh qu\u1ed1c t\u1ebf (MBA) c\u00f9ng v\u1edbi c\u00e1c ng\u00e0nh qu\u1ea3n l\u00fd t\u00e0i ch\u00ednh, ng\u00e2n h\u00e0ng, b\u1ea3o hi\u1ec3m &amp; qu\u1ea3n l\u00fd c\u00f4ng ngh\u1ec7 th\u00f4ng tin, \u0110\u1ea1i h\u1ecdc Hannover t\u1ea1i \u0110\u1ee9c. \u2022 C\u1eed nh\u00e2n kinh doanh qu\u1ed1c t\u1ebf, \u0110\u1ea1i h\u1ecdc Ngo\u1ea1i th\u01b0\u01a1ng Tp.H\u1ed3 Ch\u00ed Minh","og_url":"https:\/\/tonacorp.com\/dich-vu\/","og_site_name":"TONA CORP","article_modified_time":"2021-09-12T02:06:50+00:00","twitter_card":"summary_large_image","twitter_misc":{"Est. reading time":"2 minutes"},"schema":{"@context":"https:\/\/schema.org","@graph":[{"@type":"WebPage","@id":"https:\/\/tonacorp.com\/dich-vu\/","url":"https:\/\/tonacorp.com\/dich-vu\/","name":"D\u1ecbch v\u1ee5 - TONA CORP","isPartOf":{"@id":"https:\/\/tonacorp.com\/#website"},"datePublished":"2021-05-08T14:18:34+00:00","dateModified":"2021-09-12T02:06:50+00:00","breadcrumb":{"@id":"https:\/\/tonacorp.com\/dich-vu\/#breadcrumb"},"inLanguage":"vi-VN","potentialAction":[{"@type":"ReadAction","target":["https:\/\/tonacorp.com\/dich-vu\/"]}]},{"@type":"BreadcrumbList","@id":"https:\/\/tonacorp.com\/dich-vu\/#breadcrumb","itemListElement":[{"@type":"ListItem","position":1,"name":"Home","item":"https:\/\/tonacorp.com\/vi\/"},{"@type":"ListItem","position":2,"name":"D\u1ecbch v\u1ee5"}]},{"@type":"WebSite","@id":"https:\/\/tonacorp.com\/#website","url":"https:\/\/tonacorp.com\/","name":"TONA CORP","description":"Build it right","potentialAction":[{"@type":"SearchAction","target":{"@type":"EntryPoint","urlTemplate":"https:\/\/tonacorp.com\/?s={search_term_string}"},"query-input":"required name=search_term_string"}],"inLanguage":"vi-VN"}]}},"_links":{"self":[{"href":"https:\/\/tonacorp.com\/vi\/wp-json\/wp\/v2\/pages\/1937","targetHints":{"allow":["GET"]}}],"collection":[{"href":"https:\/\/tonacorp.com\/vi\/wp-json\/wp\/v2\/pages"}],"about":[{"href":"https:\/\/tonacorp.com\/vi\/wp-json\/wp\/v2\/types\/page"}],"author":[{"embeddable":true,"href":"https:\/\/tonacorp.com\/vi\/wp-json\/wp\/v2\/users\/2"}],"replies":[{"embeddable":true,"href":"https:\/\/tonacorp.com\/vi\/wp-json\/wp\/v2\/comments?post=1937"}],"version-history":[{"count":0,"href":"https:\/\/tonacorp.com\/vi\/wp-json\/wp\/v2\/pages\/1937\/revisions"}],"wp:attachment":[{"href":"https:\/\/tonacorp.com\/vi\/wp-json\/wp\/v2\/media?parent=1937"}],"curies":[{"name":"wp","href":"https:\/\/api.w.org\/{rel}","templated":true}]}}