{"id":1958,"date":"2021-05-09T14:46:26","date_gmt":"2021-05-09T14:46:26","guid":{"rendered":"https:\/\/tonacorp.com\/divi\/?page_id=1958"},"modified":"2022-06-24T03:32:50","modified_gmt":"2022-06-24T03:32:50","slug":"cong-ty-thanh-vien","status":"publish","type":"page","link":"https:\/\/tonacorp.com\/vi\/cong-ty-thanh-vien\/","title":{"rendered":"C\u00f4ng ty th\u00e0nh vi\u00ean"},"content":{"rendered":"<p>[et_pb_section fb_built=&#8221;1&#8243; _builder_version=&#8221;4.16&#8243; _module_preset=&#8221;default&#8221; background_image=&#8221;https:\/\/tonacorp.com\/wp-content\/uploads\/2021\/05\/gioi-thieu-tona-banner-min.jpg&#8221; background_enable_image=&#8221;on&#8221; custom_padding=&#8221;70px||70px||true|false&#8221; saved_tabs=&#8221;all&#8221; locked=&#8221;off&#8221; global_colors_info=&#8221;{}&#8221;][et_pb_row _builder_version=&#8221;4.16&#8243; _module_preset=&#8221;default&#8221; global_colors_info=&#8221;{}&#8221;][et_pb_column type=&#8221;4_4&#8243; _builder_version=&#8221;4.16&#8243; _module_preset=&#8221;default&#8221; global_colors_info=&#8221;{}&#8221;][et_pb_text _builder_version=&#8221;4.16&#8243; _module_preset=&#8221;342c4ba3-ce3b-4ab6-b1d2-5e5703be4677&#8243; header_text_color=&#8221;#FFFFFF&#8221; global_colors_info=&#8221;{}&#8221;]<\/p>\n<h1>C\u00f4ng ty th\u00e0nh vi\u00ean<\/h1>\n<p>[\/et_pb_text][\/et_pb_column][\/et_pb_row][\/et_pb_section][et_pb_section fb_built=&#8221;1&#8243; _builder_version=&#8221;4.17.4&#8243; _module_preset=&#8221;default&#8221; global_colors_info=&#8221;{}&#8221;][et_pb_row column_structure=&#8221;1_4,3_4&#8243; _builder_version=&#8221;4.16&#8243; _module_preset=&#8221;default&#8221; custom_padding=&#8221;4px||6px|||&#8221; saved_tabs=&#8221;all&#8221; locked=&#8221;off&#8221; global_colors_info=&#8221;{}&#8221;][et_pb_column type=&#8221;1_4&#8243; _builder_version=&#8221;4.16&#8243; _module_preset=&#8221;default&#8221; global_colors_info=&#8221;{}&#8221;][et_pb_image src=&#8221;https:\/\/tonacorp.com\/wp-content\/uploads\/2021\/05\/Cong-ty-thanh-vien-LOGO-tss-01-min-1.png&#8221; title_text=&#8221;Cong ty thanh vien-LOGO tss-01-min (1)&#8221; url=&#8221;https:\/\/tss-solar.com\/vi\/trang-chu\/&#8221; url_new_window=&#8221;on&#8221; align=&#8221;center&#8221; _builder_version=&#8221;4.16&#8243; _module_preset=&#8221;default&#8221; width=&#8221;100%&#8221; custom_margin=&#8221;100px||||false|false&#8221; custom_margin_tablet=&#8221;0px||0px||false|false&#8221; custom_margin_phone=&#8221;&#8221; custom_margin_last_edited=&#8221;on|phone&#8221; custom_padding=&#8221;0px||0px||false|false&#8221; animation_style=&#8221;fade&#8221; animation_direction=&#8221;bottom&#8221; global_colors_info=&#8221;{}&#8221;][\/et_pb_image][\/et_pb_column][et_pb_column type=&#8221;3_4&#8243; _builder_version=&#8221;4.16&#8243; _module_preset=&#8221;default&#8221; global_colors_info=&#8221;{}&#8221;][et_pb_text _builder_version=&#8221;4.16&#8243; _module_preset=&#8221;default&#8221; text_font=&#8221;Montserrat||||||||&#8221; custom_padding=&#8221;|||30px|false|false&#8221; animation_style=&#8221;fade&#8221; animation_direction=&#8221;bottom&#8221; border_width_left=&#8221;3px&#8221; border_color_left=&#8221;#166F4F&#8221; global_colors_info=&#8221;{}&#8221;]<\/p>\n<p>Ch\u00fang t\u00f4i hi\u1ec3u r\u1eb1ng s\u1ef1 ph\u00e1t tri\u1ec3n c\u1ee7a nh\u00e2n lo\u1ea1i kh\u00f4ng th\u1ec3 t\u00e1ch r\u1eddi kh\u1ecfi vi\u1ec7c b\u1ea3o v\u1ec7 m\u00f4i tr\u01b0\u1eddng t\u1ef1 nhi\u00ean. Ch\u00fang t\u00f4i t\u00f4n tr\u1ecdng v\u00e0 quan t\u00e2m \u0111\u1ebfn vi\u1ec7c c\u1ea3i thi\u1ec7n ch\u1ea5t l\u01b0\u1ee3ng cu\u1ed9c s\u1ed1ng c\u1ed9ng \u0111\u1ed3ng trong c\u00e1c chi\u1ebfn l\u01b0\u1ee3c thi\u1ebft k\u1ebf, x\u00e2y d\u1ef1ng v\u00e0 ph\u00e1t tri\u1ec3n c\u1ee7a m\u00ecnh. \u0110\u1ec3 gi\u1ea3i quy\u1ebft \u00f4 nhi\u1ec5m m\u00f4i tr\u01b0\u1eddng nghi\u00eam tr\u1ecdng nh\u01b0 khai th\u00e1c v\u00e0 s\u1eed d\u1ee5ng c\u1ea1n ki\u1ec7t t\u00e0i nguy\u00ean thi\u00ean nhi\u00ean \u0111\u1ec3 ph\u00e1t tri\u1ec3n v\u00e0 s\u1ea3n xu\u1ea5t; c\u00e1c ng\u00e0nh c\u00f4ng nghi\u1ec7p thi\u1ebft k\u1ebf v\u00e0 ki\u1ebfn tr\u00fac c\u1ea7n ti\u00ean phong thay \u0111\u1ed5i theo h\u01b0\u1edbng ph\u00e1t tri\u1ec3n theo h\u01b0\u1edbng b\u1ec1n v\u1eefng, th\u00e2n thi\u1ec7n v\u1edbi m\u00f4i tr\u01b0\u1eddng h\u01a1n. T\u1ea1i Vi\u1ec7t Nam, m\u00f4i tr\u01b0\u1eddng \u00f4 nhi\u1ec5m, kh\u00ed th\u1ea3i &amp; ch\u1ea5t th\u1ea3i c\u00f4ng nghi\u1ec7p nguy h\u1ea1i l\u00e0 nguy\u00ean nh\u00e2n g\u1ed1c r\u1ec5 g\u00e2y nguy h\u1ea1i \u0111\u1ebfn s\u1ee9c kh\u1ecfe v\u00e0 tu\u1ed5i th\u1ecd c\u1ee7a con ng\u01b0\u1eddi.<\/p>\n<p>\u0110\u1ebfn n\u0103m 2025, kh\u1ed1i l\u01b0\u1ee3ng ch\u1ea5t th\u1ea3i x\u00e2y d\u1ef1ng ph\u00e1t sinh m\u1ed7i n\u0103m d\u1ef1 ki\u1ebfn \u200b\u200bs\u1ebd t\u0103ng g\u1ea5p \u0111\u00f4i l\u00ean 2,2 t\u1ef7 t\u1ea5n (theo t\u1ed5 ch\u1ee9c <a href=\"https:\/\/www.cdrecycler.com\/\">Construction &amp; Demolition Recycling<\/a>).<\/p>\n<p>\u0110\u1ec3 gi\u1ea3m con s\u1ed1 n\u00e0y m\u1ed9t c\u00e1ch nhanh ch\u00f3ng v\u00e0 hi\u1ec7u qu\u1ea3, ch\u00fang ta bu\u1ed9c ph\u1ea3i \u00e1p d\u1ee5ng c\u00e1c bi\u1ec7n ph\u00e1p x\u00e2y d\u1ef1ng t\u1ed1i \u01b0u \u0111\u1ec3 gi\u1ea3m l\u01b0\u1ee3ng kh\u00ed th\u1ea3i, s\u1eed d\u1ee5ng c\u00f4ng ngh\u1ec7 v\u1eadt li\u1ec7u th\u00e2n thi\u1ec7n v\u1edbi m\u00f4i tr\u01b0\u1eddng. Tona \u0111\u00e3 \u0111\u1ea9y nhanh vi\u1ec7c \u00e1p d\u1ee5ng c\u00e1c Gi\u1ea3i ph\u00e1p \u0110i\u1ec7n m\u1eb7t tr\u1eddi cho x\u00e2y d\u1ef1ng nh\u00e0 m\u00e1y c\u00f4ng nghi\u1ec7p c\u0169ng nh\u01b0 qu\u00e1 tr\u00ecnh x\u00e2y d\u1ef1ng nh\u1eb1m ti\u1ebft ki\u1ec7m n\u0103ng l\u01b0\u1ee3ng \u0111\u1ed3ng th\u1eddi gi\u1ea3m l\u01b0\u1ee3ng kh\u00ed th\u1ea3i CO2.<\/p>\n<p>V\u1edbi m\u1ee5c ti\u00eau chung tay b\u1ea3o v\u1ec7 m\u00f4i tr\u01b0\u1eddng v\u00e0 trong b\u1ed1i c\u1ea3nh to\u00e0n x\u00e3 h\u1ed9i \u0111ang quan t\u00e2m v\u00e0 \u0111\u1eb7t v\u1ea5n \u0111\u1ec1 n\u00e0y l\u00ean h\u00e0ng \u0111\u1ea7u, <a href=\"https:\/\/tonacorp.com\/\"><strong>Tona<\/strong><\/a> \u0111\u00e3 li\u00ean doanh v\u1edbi <a href=\"http:\/\/www.syntegra-solar.com\/\"><strong>Syntegra Solar AG<\/strong><\/a> th\u00e0nh l\u1eadp C\u00f4ng ty <strong><a href=\"https:\/\/tss-solar.com\/\">Tona Syntegra Solar<\/a><\/strong> \u0111\u1ec3 ph\u00e1t tri\u1ec3n <a href=\"https:\/\/tss-solar.com\/reference-category\/rooftop-solar-system\/\">Rooftop Solar<\/a> quy m\u00f4 trong c\u00f4ng nghi\u1ec7p &amp; th\u01b0\u01a1ng m\u1ea1i v\u00e0o th\u00e1ng 5\/2017 &#8211; ki\u00ean \u0111\u1ecbnh theo \u0111u\u1ed5i con \u0111\u01b0\u1eddng ph\u00e1t tri\u1ec3n b\u1ec1n v\u1eefng b\u1eb1ng n\u0103ng l\u01b0\u1ee3ng s\u1ea1ch &#8211; n\u0103ng l\u01b0\u1ee3ng m\u1eb7t tr\u1eddi.\u00a0<\/p>\n<p>[\/et_pb_text][\/et_pb_column][\/et_pb_row][\/et_pb_section]<\/p>\n","protected":false},"excerpt":{"rendered":"<p>C\u00f4ng ty th\u00e0nh vi\u00eanCh\u00fang t\u00f4i hi\u1ec3u r\u1eb1ng s\u1ef1 ph\u00e1t tri\u1ec3n c\u1ee7a nh\u00e2n lo\u1ea1i kh\u00f4ng th\u1ec3 t\u00e1ch r\u1eddi kh\u1ecfi vi\u1ec7c b\u1ea3o v\u1ec7 m\u00f4i tr\u01b0\u1eddng t\u1ef1 nhi\u00ean. Ch\u00fang t\u00f4i t\u00f4n tr\u1ecdng v\u00e0 quan t\u00e2m \u0111\u1ebfn vi\u1ec7c c\u1ea3i thi\u1ec7n ch\u1ea5t l\u01b0\u1ee3ng cu\u1ed9c s\u1ed1ng c\u1ed9ng \u0111\u1ed3ng trong c\u00e1c chi\u1ebfn l\u01b0\u1ee3c thi\u1ebft k\u1ebf, x\u00e2y d\u1ef1ng v\u00e0 ph\u00e1t tri\u1ec3n c\u1ee7a m\u00ecnh. \u0110\u1ec3 gi\u1ea3i quy\u1ebft \u00f4 nhi\u1ec5m m\u00f4i tr\u01b0\u1eddng nghi\u00eam tr\u1ecdng nh\u01b0 khai th\u00e1c v\u00e0 s\u1eed d\u1ee5ng c\u1ea1n ki\u1ec7t t\u00e0i nguy\u00ean thi\u00ean nhi\u00ean \u0111\u1ec3 ph\u00e1t tri\u1ec3n v\u00e0 s\u1ea3n xu\u1ea5t; c\u00e1c ng\u00e0nh c\u00f4ng nghi\u1ec7p thi\u1ebft k\u1ebf v\u00e0 ki\u1ebfn tr\u00fac c\u1ea7n ti\u00ean phong thay \u0111\u1ed5i theo h\u01b0\u1edbng ph\u00e1t tri\u1ec3n theo h\u01b0\u1edbng b\u1ec1n v\u1eefng, th\u00e2n thi\u1ec7n v\u1edbi m\u00f4i tr\u01b0\u1eddng h\u01a1n. T\u1ea1i Vi\u1ec7t Nam, m\u00f4i tr\u01b0\u1eddng \u00f4 nhi\u1ec5m, kh\u00ed th\u1ea3i &amp; ch\u1ea5t th\u1ea3i c\u00f4ng nghi\u1ec7p nguy h\u1ea1i l\u00e0 nguy\u00ean nh\u00e2n g\u1ed1c r\u1ec5 g\u00e2y nguy h\u1ea1i \u0111\u1ebfn s\u1ee9c kh\u1ecfe v\u00e0 tu\u1ed5i th\u1ecd c\u1ee7a con ng\u01b0\u1eddi. \u0110\u1ebfn n\u0103m 2025, kh\u1ed1i l\u01b0\u1ee3ng ch\u1ea5t th\u1ea3i x\u00e2y d\u1ef1ng ph\u00e1t sinh m\u1ed7i n\u0103m d\u1ef1 ki\u1ebfn \u200b\u200bs\u1ebd t\u0103ng g\u1ea5p \u0111\u00f4i l\u00ean 2,2 t\u1ef7 t\u1ea5n (theo t\u1ed5 ch\u1ee9c Construction &amp; Demolition Recycling). \u0110\u1ec3 gi\u1ea3m con s\u1ed1 n\u00e0y m\u1ed9t c\u00e1ch nhanh ch\u00f3ng v\u00e0 hi\u1ec7u qu\u1ea3, ch\u00fang ta bu\u1ed9c ph\u1ea3i \u00e1p d\u1ee5ng c\u00e1c bi\u1ec7n ph\u00e1p x\u00e2y d\u1ef1ng t\u1ed1i \u01b0u \u0111\u1ec3 gi\u1ea3m [&hellip;]<\/p>\n","protected":false},"author":2,"featured_media":0,"parent":0,"menu_order":0,"comment_status":"closed","ping_status":"closed","template":"","meta":{"_et_pb_use_builder":"on","_et_pb_old_content":"","_et_gb_content_width":"","footnotes":""},"class_list":["post-1958","page","type-page","status-publish","hentry"],"yoast_head":"<!-- This site is optimized with the Yoast SEO plugin v22.9 - https:\/\/yoast.com\/wordpress\/plugins\/seo\/ -->\n<title>C\u00f4ng ty th\u00e0nh vi\u00ean - TONA CORP<\/title>\n<meta name=\"description\" content=\"C\u00f4ng ty Tona Syntegra Solar \u0111\u01b0\u1ee3c th\u00e0nh l\u1eadp b\u1edfi s\u1ef1 li\u00ean doanh gi\u1eefa Tona v\u1edbi Syntegra Solar AG, ph\u00e1t tri\u1ec3n Rooftop Solar qui m\u00f4 l\u1edbn cho c\u00f4ng...\" \/>\n<meta name=\"robots\" content=\"index, follow, max-snippet:-1, max-image-preview:large, max-video-preview:-1\" \/>\n<link rel=\"canonical\" href=\"https:\/\/tonacorp.com\/cong-ty-thanh-vien\/\" \/>\n<meta property=\"og:locale\" content=\"vi_VN\" \/>\n<meta property=\"og:type\" content=\"article\" \/>\n<meta property=\"og:title\" content=\"C\u00f4ng ty th\u00e0nh vi\u00ean - TONA CORP\" \/>\n<meta property=\"og:description\" content=\"C\u00f4ng ty Tona Syntegra Solar \u0111\u01b0\u1ee3c th\u00e0nh l\u1eadp b\u1edfi s\u1ef1 li\u00ean doanh gi\u1eefa Tona v\u1edbi Syntegra Solar AG, ph\u00e1t tri\u1ec3n Rooftop Solar qui m\u00f4 l\u1edbn cho c\u00f4ng...\" \/>\n<meta property=\"og:url\" content=\"https:\/\/tonacorp.com\/cong-ty-thanh-vien\/\" \/>\n<meta property=\"og:site_name\" content=\"TONA CORP\" \/>\n<meta property=\"article:modified_time\" content=\"2022-06-24T03:32:50+00:00\" \/>\n<meta name=\"twitter:card\" content=\"summary_large_image\" \/>\n<script type=\"application\/ld+json\" class=\"yoast-schema-graph\">{\"@context\":\"https:\/\/schema.org\",\"@graph\":[{\"@type\":\"WebPage\",\"@id\":\"https:\/\/tonacorp.com\/cong-ty-thanh-vien\/\",\"url\":\"https:\/\/tonacorp.com\/cong-ty-thanh-vien\/\",\"name\":\"C\u00f4ng ty th\u00e0nh vi\u00ean - TONA CORP\",\"isPartOf\":{\"@id\":\"https:\/\/tonacorp.com\/#website\"},\"datePublished\":\"2021-05-09T14:46:26+00:00\",\"dateModified\":\"2022-06-24T03:32:50+00:00\",\"description\":\"C\u00f4ng ty Tona Syntegra Solar \u0111\u01b0\u1ee3c th\u00e0nh l\u1eadp b\u1edfi s\u1ef1 li\u00ean doanh gi\u1eefa Tona v\u1edbi Syntegra Solar AG, ph\u00e1t tri\u1ec3n Rooftop Solar qui m\u00f4 l\u1edbn cho c\u00f4ng...\",\"breadcrumb\":{\"@id\":\"https:\/\/tonacorp.com\/cong-ty-thanh-vien\/#breadcrumb\"},\"inLanguage\":\"vi-VN\",\"potentialAction\":[{\"@type\":\"ReadAction\",\"target\":[\"https:\/\/tonacorp.com\/cong-ty-thanh-vien\/\"]}]},{\"@type\":\"BreadcrumbList\",\"@id\":\"https:\/\/tonacorp.com\/cong-ty-thanh-vien\/#breadcrumb\",\"itemListElement\":[{\"@type\":\"ListItem\",\"position\":1,\"name\":\"Home\",\"item\":\"https:\/\/tonacorp.com\/vi\/\"},{\"@type\":\"ListItem\",\"position\":2,\"name\":\"C\u00f4ng ty th\u00e0nh vi\u00ean\"}]},{\"@type\":\"WebSite\",\"@id\":\"https:\/\/tonacorp.com\/#website\",\"url\":\"https:\/\/tonacorp.com\/\",\"name\":\"TONA CORP\",\"description\":\"Build it right\",\"potentialAction\":[{\"@type\":\"SearchAction\",\"target\":{\"@type\":\"EntryPoint\",\"urlTemplate\":\"https:\/\/tonacorp.com\/?s={search_term_string}\"},\"query-input\":\"required name=search_term_string\"}],\"inLanguage\":\"vi-VN\"}]}<\/script>\n<!-- \/ Yoast SEO plugin. -->","yoast_head_json":{"title":"C\u00f4ng ty th\u00e0nh vi\u00ean - TONA CORP","description":"C\u00f4ng ty Tona Syntegra Solar \u0111\u01b0\u1ee3c th\u00e0nh l\u1eadp b\u1edfi s\u1ef1 li\u00ean doanh gi\u1eefa Tona v\u1edbi Syntegra Solar AG, ph\u00e1t tri\u1ec3n Rooftop Solar qui m\u00f4 l\u1edbn cho c\u00f4ng...","robots":{"index":"index","follow":"follow","max-snippet":"max-snippet:-1","max-image-preview":"max-image-preview:large","max-video-preview":"max-video-preview:-1"},"canonical":"https:\/\/tonacorp.com\/cong-ty-thanh-vien\/","og_locale":"vi_VN","og_type":"article","og_title":"C\u00f4ng ty th\u00e0nh vi\u00ean - TONA CORP","og_description":"C\u00f4ng ty Tona Syntegra Solar \u0111\u01b0\u1ee3c th\u00e0nh l\u1eadp b\u1edfi s\u1ef1 li\u00ean doanh gi\u1eefa Tona v\u1edbi Syntegra Solar AG, ph\u00e1t tri\u1ec3n Rooftop Solar qui m\u00f4 l\u1edbn cho c\u00f4ng...","og_url":"https:\/\/tonacorp.com\/cong-ty-thanh-vien\/","og_site_name":"TONA CORP","article_modified_time":"2022-06-24T03:32:50+00:00","twitter_card":"summary_large_image","schema":{"@context":"https:\/\/schema.org","@graph":[{"@type":"WebPage","@id":"https:\/\/tonacorp.com\/cong-ty-thanh-vien\/","url":"https:\/\/tonacorp.com\/cong-ty-thanh-vien\/","name":"C\u00f4ng ty th\u00e0nh vi\u00ean - TONA CORP","isPartOf":{"@id":"https:\/\/tonacorp.com\/#website"},"datePublished":"2021-05-09T14:46:26+00:00","dateModified":"2022-06-24T03:32:50+00:00","description":"C\u00f4ng ty Tona Syntegra Solar \u0111\u01b0\u1ee3c th\u00e0nh l\u1eadp b\u1edfi s\u1ef1 li\u00ean doanh gi\u1eefa Tona v\u1edbi Syntegra Solar AG, ph\u00e1t tri\u1ec3n Rooftop Solar qui m\u00f4 l\u1edbn cho c\u00f4ng...","breadcrumb":{"@id":"https:\/\/tonacorp.com\/cong-ty-thanh-vien\/#breadcrumb"},"inLanguage":"vi-VN","potentialAction":[{"@type":"ReadAction","target":["https:\/\/tonacorp.com\/cong-ty-thanh-vien\/"]}]},{"@type":"BreadcrumbList","@id":"https:\/\/tonacorp.com\/cong-ty-thanh-vien\/#breadcrumb","itemListElement":[{"@type":"ListItem","position":1,"name":"Home","item":"https:\/\/tonacorp.com\/vi\/"},{"@type":"ListItem","position":2,"name":"C\u00f4ng ty th\u00e0nh vi\u00ean"}]},{"@type":"WebSite","@id":"https:\/\/tonacorp.com\/#website","url":"https:\/\/tonacorp.com\/","name":"TONA CORP","description":"Build it right","potentialAction":[{"@type":"SearchAction","target":{"@type":"EntryPoint","urlTemplate":"https:\/\/tonacorp.com\/?s={search_term_string}"},"query-input":"required name=search_term_string"}],"inLanguage":"vi-VN"}]}},"_links":{"self":[{"href":"https:\/\/tonacorp.com\/vi\/wp-json\/wp\/v2\/pages\/1958","targetHints":{"allow":["GET"]}}],"collection":[{"href":"https:\/\/tonacorp.com\/vi\/wp-json\/wp\/v2\/pages"}],"about":[{"href":"https:\/\/tonacorp.com\/vi\/wp-json\/wp\/v2\/types\/page"}],"author":[{"embeddable":true,"href":"https:\/\/tonacorp.com\/vi\/wp-json\/wp\/v2\/users\/2"}],"replies":[{"embeddable":true,"href":"https:\/\/tonacorp.com\/vi\/wp-json\/wp\/v2\/comments?post=1958"}],"version-history":[{"count":0,"href":"https:\/\/tonacorp.com\/vi\/wp-json\/wp\/v2\/pages\/1958\/revisions"}],"wp:attachment":[{"href":"https:\/\/tonacorp.com\/vi\/wp-json\/wp\/v2\/media?parent=1958"}],"curies":[{"name":"wp","href":"https:\/\/api.w.org\/{rel}","templated":true}]}}