{"id":2188,"date":"2021-05-10T10:58:06","date_gmt":"2021-05-10T10:58:06","guid":{"rendered":"https:\/\/tonacorp.com\/divi\/?page_id=2188"},"modified":"2025-11-04T07:42:50","modified_gmt":"2025-11-04T07:42:50","slug":"nghe-nghiep","status":"publish","type":"page","link":"https:\/\/tonacorp.com\/vi\/nghe-nghiep\/","title":{"rendered":"Ngh\u1ec1 nghi\u1ec7p"},"content":{"rendered":"<p>[et_pb_section fb_built=&#8221;1&#8243; _builder_version=&#8221;4.16&#8243; _module_preset=&#8221;default&#8221; background_image=&#8221;https:\/\/tonacorp.com\/wp-content\/uploads\/2021\/05\/nghe-nghiep-min.jpg&#8221; background_enable_image=&#8221;on&#8221; custom_padding=&#8221;70px||70px||true|false&#8221; global_colors_info=&#8221;{}&#8221;][et_pb_row _builder_version=&#8221;4.16&#8243; _module_preset=&#8221;default&#8221; global_colors_info=&#8221;{}&#8221;][et_pb_column type=&#8221;4_4&#8243; _builder_version=&#8221;4.16&#8243; _module_preset=&#8221;default&#8221; global_colors_info=&#8221;{}&#8221;][et_pb_text _builder_version=&#8221;4.16&#8243; _module_preset=&#8221;342c4ba3-ce3b-4ab6-b1d2-5e5703be4677&#8243; header_text_color=&#8221;#FFFFFF&#8221; global_colors_info=&#8221;{}&#8221;]<\/p>\n<h1>Ngh\u1ec1 nghi\u1ec7p<\/h1>\n<p>[\/et_pb_text][\/et_pb_column][\/et_pb_row][\/et_pb_section][et_pb_section fb_built=&#8221;1&#8243; _builder_version=&#8221;4.16&#8243; _module_preset=&#8221;default&#8221; custom_padding=&#8221;20px||29px||false|false&#8221; global_colors_info=&#8221;{}&#8221;][et_pb_row _builder_version=&#8221;4.16&#8243; _module_preset=&#8221;default&#8221; width=&#8221;60%&#8221; global_colors_info=&#8221;{}&#8221;][et_pb_column type=&#8221;4_4&#8243; _builder_version=&#8221;4.16&#8243; _module_preset=&#8221;default&#8221; global_colors_info=&#8221;{}&#8221;][et_pb_testimonial portrait_url=&#8221;https:\/\/tonacorp.com\/wp-content\/uploads\/2021\/05\/nghe-nghiep-quote.png&#8221; quote_icon=&#8221;off&#8221; portrait_width=&#8221;50px&#8221; portrait_height=&#8221;50px&#8221; _builder_version=&#8221;4.16&#8243; _module_preset=&#8221;default&#8221; body_font=&#8221;Montserrat||||||||&#8221; body_text_align=&#8221;left&#8221; body_text_color=&#8221;#FFFFFF&#8221; body_font_size=&#8221;18px&#8221; background_color=&#8221;#F4AA1F&#8221; custom_margin=&#8221;||||false|false&#8221; custom_padding=&#8221;50px|60px|50px|60px|false|true&#8221; custom_padding_tablet=&#8221;|30px||30px|false|true&#8221; custom_padding_phone=&#8221;|10px||10px|false|true&#8221; custom_padding_last_edited=&#8221;on|phone&#8221; animation_style=&#8221;fade&#8221; body_font_size_tablet=&#8221;14px&#8221; body_font_size_phone=&#8221;14px&#8221; body_font_size_last_edited=&#8221;on|tablet&#8221; border_radii_portrait=&#8221;on|0px|0px|0px|0px&#8221; border_color_all_portrait=&#8221;RGBA(0,0,0,0)&#8221; box_shadow_style_image=&#8221;preset1&#8243; global_colors_info=&#8221;{}&#8221;]<\/p>\n<p>B\u1ea1n mu\u1ed1n tr\u1ea3i nghi\u1ec7m m\u00f4i tr\u01b0\u1eddng l\u00e0m vi\u1ec7c n\u0103ng \u0111\u1ed9ng v\u00e0 chuy\u00ean nghi\u1ec7p? H\u00e3y xem <strong>th\u00f4ng b\u00e1o tuy\u1ec3n d\u1ee5ng<\/strong> b\u00ean d\u01b0\u1edbi v\u00e0 li\u00ean h\u1ec7 v\u1edbi ch\u00fang t\u00f4i ngay khi t\u00ecm th\u1ea5y v\u1ecb tr\u00ed ph\u00f9 h\u1ee3p v\u1edbi m\u00ecnh nh\u00e9!<\/p>\n<p>[\/et_pb_testimonial][\/et_pb_column][\/et_pb_row][et_pb_row _builder_version=&#8221;4.16&#8243; _module_preset=&#8221;default&#8221; global_colors_info=&#8221;{}&#8221;][et_pb_column type=&#8221;4_4&#8243; _builder_version=&#8221;4.16&#8243; _module_preset=&#8221;default&#8221; global_colors_info=&#8221;{}&#8221;][et_pb_text _builder_version=&#8221;4.16&#8243; _module_preset=&#8221;cab844f8-e15e-4c97-9f94-6d83fe507cd0&#8243; header_text_color=&#8221;#166F4F&#8221; header_font_size=&#8221;24px&#8221; custom_margin=&#8221;||14px|||&#8221; animation_style=&#8221;fade&#8221; global_colors_info=&#8221;{}&#8221;]<\/p>\n<h1>Th\u00f4ng b\u00e1o tuy\u1ec3n d\u1ee5ng<\/h1>\n<p>[\/et_pb_text][dipl_woo_products products_number=&#8221;4&#8243; hide_out_of_stock=&#8221;on&#8221; include_categories=&#8221;41&#8243; use_masonry=&#8221;on&#8221; show_price=&#8221;off&#8221; show_add_to_cart=&#8221;off&#8221; show_sale_badge=&#8221;off&#8221; product_bg_color=&#8221;#FFFFFF&#8221; product_content_custom_padding=&#8221;30px|30px|50px|30px|false|true&#8221; product_image_custom_padding=&#8221;90px|100px|0px|100px|false|true&#8221; number_of_columns_tablet=&#8221;2&#8243; number_of_columns_phone=&#8221;1&#8243; number_of_columns_last_edited=&#8221;on|tablet&#8221; product_content_custom_padding_tablet=&#8221;&#8221; product_content_custom_padding_phone=&#8221;30px|5px|50px|5px|false|true&#8221; product_content_custom_padding_last_edited=&#8221;on|phone&#8221; product_image_custom_padding_tablet=&#8221;|10px||10px|false|true&#8221; product_image_custom_padding_phone=&#8221;|30px||30px|false|true&#8221; product_image_custom_padding_last_edited=&#8221;off|phone&#8221; _builder_version=&#8221;4.16&#8243; _module_preset=&#8221;default&#8221; title_font=&#8221;Montserrat|700|||||||&#8221; title_text_color=&#8221;#166F4F&#8221; title_font_size=&#8221;11px&#8221; animation_style=&#8221;fade&#8221; border_width_all_product=&#8221;1px&#8221; border_color_all_product=&#8221;rgba(10,0,0,0.27)&#8221; border_width_bottom_product=&#8221;6px&#8221; border_color_bottom_product=&#8221;#F4AA1F&#8221; global_colors_info=&#8221;{}&#8221; product_bg_color__hover_enabled=&#8221;on|hover&#8221; product_bg_color__hover=&#8221;#166F4F&#8221; product_bg_enable_color__hover=&#8221;on&#8221; title_text_color__hover_enabled=&#8221;on|hover&#8221; title_text_color__hover=&#8221;#FFFFFF&#8221;][\/dipl_woo_products][dipl_woo_products products_number=&#8221;4&#8243; hide_out_of_stock=&#8221;on&#8221; include_categories=&#8221;41&#8243; use_masonry=&#8221;on&#8221; show_price=&#8221;off&#8221; show_add_to_cart=&#8221;off&#8221; show_sale_badge=&#8221;off&#8221; product_bg_color=&#8221;#FFFFFF&#8221; product_content_custom_padding=&#8221;30px|30px|50px|30px|false|true&#8221; product_image_custom_padding=&#8221;90px|100px|0px|100px|false|true&#8221; number_of_columns_tablet=&#8221;2&#8243; number_of_columns_phone=&#8221;1&#8243; number_of_columns_last_edited=&#8221;on|tablet&#8221; product_content_custom_padding_tablet=&#8221;&#8221; product_content_custom_padding_phone=&#8221;30px|5px|50px|5px|false|true&#8221; product_content_custom_padding_last_edited=&#8221;on|phone&#8221; product_image_custom_padding_tablet=&#8221;|10px||10px|false|true&#8221; product_image_custom_padding_phone=&#8221;|30px||30px|false|true&#8221; product_image_custom_padding_last_edited=&#8221;off|phone&#8221; _builder_version=&#8221;4.16&#8243; _module_preset=&#8221;default&#8221; title_font=&#8221;Montserrat|700|||||||&#8221; title_text_color=&#8221;#166F4F&#8221; title_font_size=&#8221;11px&#8221; animation_style=&#8221;fade&#8221; border_width_all_product=&#8221;1px&#8221; border_color_all_product=&#8221;rgba(10,0,0,0.27)&#8221; border_width_bottom_product=&#8221;6px&#8221; border_color_bottom_product=&#8221;#F4AA1F&#8221; global_colors_info=&#8221;{}&#8221; product_bg_color__hover_enabled=&#8221;on|hover&#8221; product_bg_color__hover=&#8221;#166F4F&#8221; product_bg_enable_color__hover=&#8221;on&#8221; title_text_color__hover_enabled=&#8221;on|hover&#8221; title_text_color__hover=&#8221;#FFFFFF&#8221;][\/dipl_woo_products][\/et_pb_column][\/et_pb_row][et_pb_row custom_padding_last_edited=&#8221;on|phone&#8221; _builder_version=&#8221;4.16&#8243; _module_preset=&#8221;default&#8221; custom_padding=&#8221;29px|60px|29px|60px|true|true&#8221; custom_padding_tablet=&#8221;|30px||30px|true|true&#8221; custom_padding_phone=&#8221;|5px||5px|true|true&#8221; border_width_all=&#8221;1px&#8221; border_color_all=&#8221;rgba(10,0,0,0.2)&#8221; locked=&#8221;off&#8221; global_colors_info=&#8221;{}&#8221;][et_pb_column type=&#8221;4_4&#8243; _builder_version=&#8221;4.16&#8243; _module_preset=&#8221;default&#8221; global_colors_info=&#8221;{}&#8221;][\/et_pb_column][\/et_pb_row][\/et_pb_section]<\/p>\n","protected":false},"excerpt":{"rendered":"<p>Ngh\u1ec1 nghi\u1ec7pB\u1ea1n mu\u1ed1n tr\u1ea3i nghi\u1ec7m m\u00f4i tr\u01b0\u1eddng l\u00e0m vi\u1ec7c n\u0103ng \u0111\u1ed9ng v\u00e0 chuy\u00ean nghi\u1ec7p? H\u00e3y xem th\u00f4ng b\u00e1o tuy\u1ec3n d\u1ee5ng b\u00ean d\u01b0\u1edbi v\u00e0 li\u00ean h\u1ec7 v\u1edbi ch\u00fang t\u00f4i ngay khi t\u00ecm th\u1ea5y v\u1ecb tr\u00ed ph\u00f9 h\u1ee3p v\u1edbi m\u00ecnh nh\u00e9!Th\u00f4ng b\u00e1o tuy\u1ec3n d\u1ee5ng<div class=\"et_pb_with_border et_pb_module dipl_woo_products dipl_woo_products_0 et_animated\">\n\t\t\t\t\n\t\t\t\t\n\t\t\t\t\n\t\t\t\t\n\t\t\t\t\n\t\t\t\t\n\t\t\t\t<div class=\"et_pb_module_inner\">\n\t\t\t\t\t<div class=\"entry\">The products you requested could not be found. Try changing your module settings or create some new products.<\/div>\n\t\t\t\t<\/div>\n\t\t\t<\/div><div class=\"et_pb_with_border et_pb_module dipl_woo_products dipl_woo_products_1 et_animated\">\n\t\t\t\t\n\t\t\t\t\n\t\t\t\t\n\t\t\t\t\n\t\t\t\t\n\t\t\t\t\n\t\t\t\t<div class=\"et_pb_module_inner\">\n\t\t\t\t\t<div class=\"entry\">The products you requested could not be found. Try changing your module settings or create some new products.<\/div>\n\t\t\t\t<\/div>\n\t\t\t<\/div><\/p>\n","protected":false},"author":2,"featured_media":2192,"parent":0,"menu_order":0,"comment_status":"closed","ping_status":"closed","template":"","meta":{"_et_pb_use_builder":"on","_et_pb_old_content":"<!-- wp:divi\/placeholder \/-->","_et_gb_content_width":"","footnotes":""},"class_list":["post-2188","page","type-page","status-publish","has-post-thumbnail","hentry"],"yoast_head":"<!-- This site is optimized with the Yoast SEO plugin v22.9 - https:\/\/yoast.com\/wordpress\/plugins\/seo\/ -->\n<title>Ngh\u1ec1 nghi\u1ec7p - TONA CORP<\/title>\n<meta name=\"description\" content=\"Ngh\u1ec1 nghi\u1ec7p t\u1ea1i TONA - B\u1ea1n mu\u1ed1n tr\u1ea3i nghi\u1ec7m m\u00f4i tr\u01b0\u1eddng l\u00e0m vi\u1ec7c n\u0103ng \u0111\u1ed9ng v\u00e0 chuy\u00ean nghi\u1ec7p? H\u00e3y xem th\u00f4ng b\u00e1o tuy\u1ec3n d\u1ee5ng v\u00e0 li\u00ean h\u1ec7 ...\" \/>\n<meta name=\"robots\" content=\"index, follow, max-snippet:-1, max-image-preview:large, max-video-preview:-1\" \/>\n<link rel=\"canonical\" href=\"https:\/\/tonacorp.com\/vi\/nghe-nghiep\/\" \/>\n<meta property=\"og:locale\" content=\"vi_VN\" \/>\n<meta property=\"og:type\" content=\"article\" \/>\n<meta property=\"og:title\" content=\"Ngh\u1ec1 nghi\u1ec7p - TONA CORP\" \/>\n<meta property=\"og:description\" content=\"Ngh\u1ec1 nghi\u1ec7p t\u1ea1i TONA - B\u1ea1n mu\u1ed1n tr\u1ea3i nghi\u1ec7m m\u00f4i tr\u01b0\u1eddng l\u00e0m vi\u1ec7c n\u0103ng \u0111\u1ed9ng v\u00e0 chuy\u00ean nghi\u1ec7p? H\u00e3y xem th\u00f4ng b\u00e1o tuy\u1ec3n d\u1ee5ng v\u00e0 li\u00ean h\u1ec7 ...\" \/>\n<meta property=\"og:url\" content=\"https:\/\/tonacorp.com\/vi\/nghe-nghiep\/\" \/>\n<meta property=\"og:site_name\" content=\"TONA CORP\" \/>\n<meta property=\"article:modified_time\" content=\"2025-11-04T07:42:50+00:00\" \/>\n<meta property=\"og:image\" content=\"https:\/\/tonacorp.com\/wp-content\/uploads\/2021\/05\/nghe-nghiep-min.jpg\" \/>\n\t<meta property=\"og:image:width\" content=\"1920\" \/>\n\t<meta property=\"og:image:height\" content=\"573\" \/>\n\t<meta property=\"og:image:type\" content=\"image\/jpeg\" \/>\n<meta name=\"twitter:card\" content=\"summary_large_image\" \/>\n<meta name=\"twitter:label1\" content=\"Est. reading time\" \/>\n\t<meta name=\"twitter:data1\" content=\"1 minute\" \/>\n<script type=\"application\/ld+json\" class=\"yoast-schema-graph\">{\"@context\":\"https:\/\/schema.org\",\"@graph\":[{\"@type\":\"WebPage\",\"@id\":\"https:\/\/tonacorp.com\/vi\/nghe-nghiep\/\",\"url\":\"https:\/\/tonacorp.com\/vi\/nghe-nghiep\/\",\"name\":\"Ngh\u1ec1 nghi\u1ec7p - TONA CORP\",\"isPartOf\":{\"@id\":\"https:\/\/tonacorp.com\/#website\"},\"primaryImageOfPage\":{\"@id\":\"https:\/\/tonacorp.com\/vi\/nghe-nghiep\/#primaryimage\"},\"image\":{\"@id\":\"https:\/\/tonacorp.com\/vi\/nghe-nghiep\/#primaryimage\"},\"thumbnailUrl\":\"https:\/\/tonacorp.com\/wp-content\/uploads\/2021\/05\/nghe-nghiep-min.jpg\",\"datePublished\":\"2021-05-10T10:58:06+00:00\",\"dateModified\":\"2025-11-04T07:42:50+00:00\",\"description\":\"Ngh\u1ec1 nghi\u1ec7p t\u1ea1i TONA - B\u1ea1n mu\u1ed1n tr\u1ea3i nghi\u1ec7m m\u00f4i tr\u01b0\u1eddng l\u00e0m vi\u1ec7c n\u0103ng \u0111\u1ed9ng v\u00e0 chuy\u00ean nghi\u1ec7p? H\u00e3y xem th\u00f4ng b\u00e1o tuy\u1ec3n d\u1ee5ng v\u00e0 li\u00ean h\u1ec7 ...\",\"breadcrumb\":{\"@id\":\"https:\/\/tonacorp.com\/vi\/nghe-nghiep\/#breadcrumb\"},\"inLanguage\":\"vi-VN\",\"potentialAction\":[{\"@type\":\"ReadAction\",\"target\":[\"https:\/\/tonacorp.com\/vi\/nghe-nghiep\/\"]}]},{\"@type\":\"ImageObject\",\"inLanguage\":\"vi-VN\",\"@id\":\"https:\/\/tonacorp.com\/vi\/nghe-nghiep\/#primaryimage\",\"url\":\"https:\/\/tonacorp.com\/wp-content\/uploads\/2021\/05\/nghe-nghiep-min.jpg\",\"contentUrl\":\"https:\/\/tonacorp.com\/wp-content\/uploads\/2021\/05\/nghe-nghiep-min.jpg\",\"width\":1920,\"height\":573},{\"@type\":\"BreadcrumbList\",\"@id\":\"https:\/\/tonacorp.com\/vi\/nghe-nghiep\/#breadcrumb\",\"itemListElement\":[{\"@type\":\"ListItem\",\"position\":1,\"name\":\"Home\",\"item\":\"https:\/\/tonacorp.com\/vi\/\"},{\"@type\":\"ListItem\",\"position\":2,\"name\":\"Ngh\u1ec1 nghi\u1ec7p\"}]},{\"@type\":\"WebSite\",\"@id\":\"https:\/\/tonacorp.com\/#website\",\"url\":\"https:\/\/tonacorp.com\/\",\"name\":\"TONA CORP\",\"description\":\"Build it right\",\"potentialAction\":[{\"@type\":\"SearchAction\",\"target\":{\"@type\":\"EntryPoint\",\"urlTemplate\":\"https:\/\/tonacorp.com\/?s={search_term_string}\"},\"query-input\":\"required name=search_term_string\"}],\"inLanguage\":\"vi-VN\"}]}<\/script>\n<!-- \/ Yoast SEO plugin. -->","yoast_head_json":{"title":"Ngh\u1ec1 nghi\u1ec7p - TONA CORP","description":"Ngh\u1ec1 nghi\u1ec7p t\u1ea1i TONA - B\u1ea1n mu\u1ed1n tr\u1ea3i nghi\u1ec7m m\u00f4i tr\u01b0\u1eddng l\u00e0m vi\u1ec7c n\u0103ng \u0111\u1ed9ng v\u00e0 chuy\u00ean nghi\u1ec7p? H\u00e3y xem th\u00f4ng b\u00e1o tuy\u1ec3n d\u1ee5ng v\u00e0 li\u00ean h\u1ec7 ...","robots":{"index":"index","follow":"follow","max-snippet":"max-snippet:-1","max-image-preview":"max-image-preview:large","max-video-preview":"max-video-preview:-1"},"canonical":"https:\/\/tonacorp.com\/vi\/nghe-nghiep\/","og_locale":"vi_VN","og_type":"article","og_title":"Ngh\u1ec1 nghi\u1ec7p - TONA CORP","og_description":"Ngh\u1ec1 nghi\u1ec7p t\u1ea1i TONA - B\u1ea1n mu\u1ed1n tr\u1ea3i nghi\u1ec7m m\u00f4i tr\u01b0\u1eddng l\u00e0m vi\u1ec7c n\u0103ng \u0111\u1ed9ng v\u00e0 chuy\u00ean nghi\u1ec7p? H\u00e3y xem th\u00f4ng b\u00e1o tuy\u1ec3n d\u1ee5ng v\u00e0 li\u00ean h\u1ec7 ...","og_url":"https:\/\/tonacorp.com\/vi\/nghe-nghiep\/","og_site_name":"TONA CORP","article_modified_time":"2025-11-04T07:42:50+00:00","og_image":[{"width":1920,"height":573,"url":"https:\/\/tonacorp.com\/wp-content\/uploads\/2021\/05\/nghe-nghiep-min.jpg","type":"image\/jpeg"}],"twitter_card":"summary_large_image","twitter_misc":{"Est. reading time":"1 minute"},"schema":{"@context":"https:\/\/schema.org","@graph":[{"@type":"WebPage","@id":"https:\/\/tonacorp.com\/vi\/nghe-nghiep\/","url":"https:\/\/tonacorp.com\/vi\/nghe-nghiep\/","name":"Ngh\u1ec1 nghi\u1ec7p - TONA CORP","isPartOf":{"@id":"https:\/\/tonacorp.com\/#website"},"primaryImageOfPage":{"@id":"https:\/\/tonacorp.com\/vi\/nghe-nghiep\/#primaryimage"},"image":{"@id":"https:\/\/tonacorp.com\/vi\/nghe-nghiep\/#primaryimage"},"thumbnailUrl":"https:\/\/tonacorp.com\/wp-content\/uploads\/2021\/05\/nghe-nghiep-min.jpg","datePublished":"2021-05-10T10:58:06+00:00","dateModified":"2025-11-04T07:42:50+00:00","description":"Ngh\u1ec1 nghi\u1ec7p t\u1ea1i TONA - B\u1ea1n mu\u1ed1n tr\u1ea3i nghi\u1ec7m m\u00f4i tr\u01b0\u1eddng l\u00e0m vi\u1ec7c n\u0103ng \u0111\u1ed9ng v\u00e0 chuy\u00ean nghi\u1ec7p? H\u00e3y xem th\u00f4ng b\u00e1o tuy\u1ec3n d\u1ee5ng v\u00e0 li\u00ean h\u1ec7 ...","breadcrumb":{"@id":"https:\/\/tonacorp.com\/vi\/nghe-nghiep\/#breadcrumb"},"inLanguage":"vi-VN","potentialAction":[{"@type":"ReadAction","target":["https:\/\/tonacorp.com\/vi\/nghe-nghiep\/"]}]},{"@type":"ImageObject","inLanguage":"vi-VN","@id":"https:\/\/tonacorp.com\/vi\/nghe-nghiep\/#primaryimage","url":"https:\/\/tonacorp.com\/wp-content\/uploads\/2021\/05\/nghe-nghiep-min.jpg","contentUrl":"https:\/\/tonacorp.com\/wp-content\/uploads\/2021\/05\/nghe-nghiep-min.jpg","width":1920,"height":573},{"@type":"BreadcrumbList","@id":"https:\/\/tonacorp.com\/vi\/nghe-nghiep\/#breadcrumb","itemListElement":[{"@type":"ListItem","position":1,"name":"Home","item":"https:\/\/tonacorp.com\/vi\/"},{"@type":"ListItem","position":2,"name":"Ngh\u1ec1 nghi\u1ec7p"}]},{"@type":"WebSite","@id":"https:\/\/tonacorp.com\/#website","url":"https:\/\/tonacorp.com\/","name":"TONA CORP","description":"Build it right","potentialAction":[{"@type":"SearchAction","target":{"@type":"EntryPoint","urlTemplate":"https:\/\/tonacorp.com\/?s={search_term_string}"},"query-input":"required name=search_term_string"}],"inLanguage":"vi-VN"}]}},"_links":{"self":[{"href":"https:\/\/tonacorp.com\/vi\/wp-json\/wp\/v2\/pages\/2188","targetHints":{"allow":["GET"]}}],"collection":[{"href":"https:\/\/tonacorp.com\/vi\/wp-json\/wp\/v2\/pages"}],"about":[{"href":"https:\/\/tonacorp.com\/vi\/wp-json\/wp\/v2\/types\/page"}],"author":[{"embeddable":true,"href":"https:\/\/tonacorp.com\/vi\/wp-json\/wp\/v2\/users\/2"}],"replies":[{"embeddable":true,"href":"https:\/\/tonacorp.com\/vi\/wp-json\/wp\/v2\/comments?post=2188"}],"version-history":[{"count":2,"href":"https:\/\/tonacorp.com\/vi\/wp-json\/wp\/v2\/pages\/2188\/revisions"}],"predecessor-version":[{"id":7818,"href":"https:\/\/tonacorp.com\/vi\/wp-json\/wp\/v2\/pages\/2188\/revisions\/7818"}],"wp:featuredmedia":[{"embeddable":true,"href":"https:\/\/tonacorp.com\/vi\/wp-json\/wp\/v2\/media\/2192"}],"wp:attachment":[{"href":"https:\/\/tonacorp.com\/vi\/wp-json\/wp\/v2\/media?parent=2188"}],"curies":[{"name":"wp","href":"https:\/\/api.w.org\/{rel}","templated":true}]}}