{"id":2425,"date":"2021-05-14T03:00:24","date_gmt":"2021-05-14T03:00:24","guid":{"rendered":"https:\/\/tonacorp.com\/divi\/?page_id=2425"},"modified":"2024-07-23T04:06:39","modified_gmt":"2024-07-23T04:06:39","slug":"doi-ngu","status":"publish","type":"page","link":"https:\/\/tonacorp.com\/vi\/doi-ngu\/","title":{"rendered":"\u0110\u1ed9i ng\u0169"},"content":{"rendered":"<p>[et_pb_section fb_built=&#8221;1&#8243; _builder_version=&#8221;4.16&#8243; _module_preset=&#8221;default&#8221; background_image=&#8221;https:\/\/tonacorp.com\/wp-content\/uploads\/2021\/05\/gioi-thieu-tona-banner-min.jpg&#8221; background_enable_image=&#8221;on&#8221; custom_padding=&#8221;70px||70px||true|false&#8221; global_colors_info=&#8221;{}&#8221;][et_pb_row _builder_version=&#8221;4.16&#8243; _module_preset=&#8221;default&#8221; global_colors_info=&#8221;{}&#8221;][et_pb_column type=&#8221;4_4&#8243; _builder_version=&#8221;4.16&#8243; _module_preset=&#8221;default&#8221; global_colors_info=&#8221;{}&#8221;][et_pb_text _builder_version=&#8221;4.16&#8243; _module_preset=&#8221;342c4ba3-ce3b-4ab6-b1d2-5e5703be4677&#8243; header_text_color=&#8221;#FFFFFF&#8221; global_colors_info=&#8221;{}&#8221;]<\/p>\n<h1>\u0110\u1ed9i ng\u0169<\/h1>\n<p>[\/et_pb_text][\/et_pb_column][\/et_pb_row][\/et_pb_section][et_pb_section fb_built=&#8221;1&#8243; _builder_version=&#8221;4.16&#8243; _module_preset=&#8221;default&#8221; custom_padding=&#8221;30px||5px||false|false&#8221; global_colors_info=&#8221;{}&#8221;][et_pb_row _builder_version=&#8221;4.16&#8243; _module_preset=&#8221;default&#8221; global_colors_info=&#8221;{}&#8221;][et_pb_column type=&#8221;4_4&#8243; _builder_version=&#8221;4.16&#8243; _module_preset=&#8221;default&#8221; global_colors_info=&#8221;{}&#8221;][et_pb_text _builder_version=&#8221;4.16&#8243; _module_preset=&#8221;default&#8221; text_font=&#8221;Montserrat|700|||||||&#8221; text_text_color=&#8221;#166F4F&#8221; text_font_size=&#8221;30px&#8221; text_line_height=&#8221;1.5em&#8221; text_orientation=&#8221;center&#8221; animation_style=&#8221;fade&#8221; global_colors_info=&#8221;{}&#8221;]<\/p>\n<p>Ban \u0111i\u1ec1u h\u00e0nh<\/p>\n<p>[\/et_pb_text][\/et_pb_column][\/et_pb_row][et_pb_row column_structure=&#8221;1_3,1_3,1_3&#8243; disabled_on=&#8221;off|off|off&#8221; _builder_version=&#8221;4.25.2&#8243; _module_preset=&#8221;default&#8221; custom_padding=&#8221;18px||19px|||&#8221; hover_enabled=&#8221;0&#8243; global_colors_info=&#8221;{}&#8221; sticky_enabled=&#8221;0&#8243;][et_pb_column type=&#8221;1_3&#8243; _builder_version=&#8221;4.16&#8243; _module_preset=&#8221;default&#8221; global_colors_info=&#8221;{}&#8221;][et_pb_blurb title=&#8221;\u00d4ng L\u00ea \u0110\u00ecnh Duy&#8221; image=&#8221;https:\/\/tonacorp.com\/wp-content\/uploads\/2021\/05\/our-team-ong-le-dinh-duy-min.png&#8221; _builder_version=&#8221;4.17.4&#8243; _module_preset=&#8221;default&#8221; header_font=&#8221;Montserrat|700|||||||&#8221; header_font_size=&#8221;14px&#8221; body_font=&#8221;Montserrat||||||||&#8221; body_font_size=&#8221;12px&#8221; animation_style=&#8221;fade&#8221; animation_direction=&#8221;bottom&#8221; dsm_modules_popup=&#8221;on&#8221; dsm_modules_popup_library=&#8221;2919&#8243; dsm_modules_overlay_background=&#8221;rgba(0,0,0,0.35)&#8221; dsm_modules_close_background_color=&#8221;#FFFFFF&#8221; dsm_modules_close_icon_color=&#8221;#02301F&#8221; locked=&#8221;off&#8221; global_colors_info=&#8221;{}&#8221; transform_styles__hover_enabled=&#8221;on|hover&#8221; transform_scale__hover_enabled=&#8221;on|desktop&#8221; transform_translate__hover=&#8221;-8px|-8px&#8221; transform_translate__hover_enabled=&#8221;on|hover&#8221; transform_rotate__hover_enabled=&#8221;on|desktop&#8221; transform_skew__hover_enabled=&#8221;on|desktop&#8221; transform_origin__hover_enabled=&#8221;on|desktop&#8221;]<\/p>\n<p>Ph\u00f3 T\u1ed5ng Gi\u00e1m \u0110\u1ed1c &#8211; V\u1eadn H\u00e0nh<\/p>\n<p>[\/et_pb_blurb][\/et_pb_column][et_pb_column type=&#8221;1_3&#8243; _builder_version=&#8221;4.16&#8243; _module_preset=&#8221;default&#8221; global_colors_info=&#8221;{}&#8221;][et_pb_blurb title=&#8221;\u00d4ng Phan Thanh Qu\u00fd&#8221; image=&#8221;https:\/\/tonacorp.com\/wp-content\/uploads\/2021\/05\/our-team-ong-phan-thanh-quy-min.png&#8221; _builder_version=&#8221;4.16&#8243; _module_preset=&#8221;default&#8221; header_font=&#8221;Montserrat|700|||||||&#8221; header_font_size=&#8221;14px&#8221; body_font=&#8221;Montserrat||||||||&#8221; body_font_size=&#8221;12px&#8221; animation_style=&#8221;fade&#8221; animation_direction=&#8221;bottom&#8221; dsm_modules_popup=&#8221;on&#8221; dsm_modules_popup_library=&#8221;2909&#8243; dsm_modules_overlay_background=&#8221;rgba(0,0,0,0.35)&#8221; dsm_modules_close_background_color=&#8221;#FFFFFF&#8221; dsm_modules_close_icon_color=&#8221;#02301F&#8221; global_colors_info=&#8221;{}&#8221; transform_styles__hover_enabled=&#8221;on|hover&#8221; transform_scale__hover_enabled=&#8221;on|desktop&#8221; transform_translate__hover=&#8221;-8px|-8px&#8221; transform_translate__hover_enabled=&#8221;on|hover&#8221; transform_rotate__hover_enabled=&#8221;on|desktop&#8221; transform_skew__hover_enabled=&#8221;on|desktop&#8221; transform_origin__hover_enabled=&#8221;on|desktop&#8221;]<\/p>\n<p>Ph\u00f3 T\u1ed5ng Gi\u00e1m \u0110\u1ed1c &#8211; C\u00f4ng Ngh\u1ec7<\/p>\n<p>[\/et_pb_blurb][\/et_pb_column][et_pb_column type=&#8221;1_3&#8243; _builder_version=&#8221;4.16&#8243; _module_preset=&#8221;default&#8221; global_colors_info=&#8221;{}&#8221;][et_pb_blurb title=&#8221;\u00d4ng Tr\u1ea7n V\u0103n Tr\u1ecdng&#8221; image=&#8221;https:\/\/tonacorp.com\/wp-content\/uploads\/2021\/05\/our-team-ong-tran-van-trong-min.png&#8221; _builder_version=&#8221;4.16&#8243; _module_preset=&#8221;default&#8221; header_font=&#8221;Montserrat|700|||||||&#8221; header_font_size=&#8221;14px&#8221; body_font=&#8221;Montserrat||||||||&#8221; body_font_size=&#8221;12px&#8221; animation_style=&#8221;fade&#8221; animation_direction=&#8221;bottom&#8221; dsm_modules_popup=&#8221;on&#8221; dsm_modules_popup_library=&#8221;2924&#8243; dsm_modules_overlay_background=&#8221;rgba(0,0,0,0.35)&#8221; dsm_modules_close_background_color=&#8221;#FFFFFF&#8221; dsm_modules_close_icon_color=&#8221;#02301F&#8221; global_colors_info=&#8221;{}&#8221; transform_styles__hover_enabled=&#8221;on|hover&#8221; transform_scale__hover_enabled=&#8221;on|desktop&#8221; transform_translate__hover=&#8221;-8px|-8px&#8221; transform_translate__hover_enabled=&#8221;on|hover&#8221; transform_rotate__hover_enabled=&#8221;on|desktop&#8221; transform_skew__hover_enabled=&#8221;on|desktop&#8221; transform_origin__hover_enabled=&#8221;on|desktop&#8221;]<\/p>\n<p>Ph\u00f3 T\u1ed5ng Gi\u00e1m \u0110\u1ed1c &#8211; Nghi\u00ean c\u1ee9u &amp; Ph\u00e1t Tri\u1ec3n<\/p>\n<p>[\/et_pb_blurb][\/et_pb_column][\/et_pb_row][\/et_pb_section][et_pb_section fb_built=&#8221;1&#8243; _builder_version=&#8221;4.16&#8243; _module_preset=&#8221;default&#8221; custom_margin=&#8221;-4px||||false|false&#8221; custom_padding=&#8221;0px||34px||false|false&#8221; global_colors_info=&#8221;{}&#8221;][et_pb_row _builder_version=&#8221;4.16&#8243; _module_preset=&#8221;default&#8221; locked=&#8221;off&#8221; global_colors_info=&#8221;{}&#8221;][et_pb_column type=&#8221;4_4&#8243; _builder_version=&#8221;4.16&#8243; _module_preset=&#8221;default&#8221; global_colors_info=&#8221;{}&#8221;][et_pb_text _builder_version=&#8221;4.16&#8243; _module_preset=&#8221;default&#8221; text_font=&#8221;Montserrat|700|||||||&#8221; text_text_color=&#8221;#166F4F&#8221; text_font_size=&#8221;30px&#8221; text_line_height=&#8221;1.5em&#8221; text_orientation=&#8221;center&#8221; animation_style=&#8221;fade&#8221; global_colors_info=&#8221;{}&#8221;]<\/p>\n<p>\u0110\u1ed9i ng\u0169 K\u1ef9 s\u01b0 &amp; D\u1ef1 \u00e1n<\/p>\n<p>[\/et_pb_text][\/et_pb_column][\/et_pb_row][et_pb_row _builder_version=&#8221;4.16&#8243; _module_preset=&#8221;default&#8221; custom_padding=&#8221;15px||19px|||&#8221; locked=&#8221;off&#8221; global_colors_info=&#8221;{}&#8221;][et_pb_column type=&#8221;4_4&#8243; _builder_version=&#8221;4.16&#8243; _module_preset=&#8221;default&#8221; global_colors_info=&#8221;{}&#8221;][et_pb_image src=&#8221;https:\/\/tonacorp.com\/wp-content\/uploads\/2021\/07\/hinh-team-ky-su-min.jpg&#8221; title_text=&#8221;hinh team ky su-min&#8221; _builder_version=&#8221;4.16&#8243; _module_preset=&#8221;default&#8221; animation_style=&#8221;fade&#8221; animation_direction=&#8221;bottom&#8221; global_colors_info=&#8221;{}&#8221;][\/et_pb_image][\/et_pb_column][\/et_pb_row][\/et_pb_section][et_pb_section fb_built=&#8221;1&#8243; _builder_version=&#8221;4.16&#8243; _module_preset=&#8221;default&#8221; custom_padding=&#8221;0px||34px||false|false&#8221; global_colors_info=&#8221;{}&#8221;][et_pb_row _builder_version=&#8221;4.16&#8243; _module_preset=&#8221;default&#8221; custom_padding=&#8221;0px|||||&#8221; locked=&#8221;off&#8221; global_colors_info=&#8221;{}&#8221;][et_pb_column type=&#8221;4_4&#8243; _builder_version=&#8221;4.16&#8243; _module_preset=&#8221;default&#8221; global_colors_info=&#8221;{}&#8221;][et_pb_text _builder_version=&#8221;4.16&#8243; _module_preset=&#8221;default&#8221; text_font=&#8221;Montserrat|700|||||||&#8221; text_text_color=&#8221;#166F4F&#8221; text_font_size=&#8221;30px&#8221; text_line_height=&#8221;1.5em&#8221; text_orientation=&#8221;center&#8221; animation_style=&#8221;fade&#8221; global_colors_info=&#8221;{}&#8221;]<\/p>\n<p>\u0110\u1ed9i ng\u0169 V\u1eadn h\u00e0nh<\/p>\n<p>[\/et_pb_text][\/et_pb_column][\/et_pb_row][et_pb_row _builder_version=&#8221;4.16&#8243; _module_preset=&#8221;default&#8221; custom_padding=&#8221;15px||19px|||&#8221; locked=&#8221;off&#8221; global_colors_info=&#8221;{}&#8221;][et_pb_column type=&#8221;4_4&#8243; _builder_version=&#8221;4.16&#8243; _module_preset=&#8221;default&#8221; global_colors_info=&#8221;{}&#8221;][et_pb_image src=&#8221;https:\/\/tonacorp.com\/wp-content\/uploads\/2021\/08\/team-van-hanh.jpg&#8221; title_text=&#8221;team van hanh&#8221; _builder_version=&#8221;4.16&#8243; _module_preset=&#8221;default&#8221; animation_style=&#8221;fade&#8221; animation_direction=&#8221;bottom&#8221; global_colors_info=&#8221;{}&#8221;][\/et_pb_image][\/et_pb_column][\/et_pb_row][\/et_pb_section]<\/p>\n","protected":false},"excerpt":{"rendered":"<p>\u0110\u1ed9i ng\u0169Ban \u0111i\u1ec1u h\u00e0nhPh\u00f3 T\u1ed5ng Gi\u00e1m \u0110\u1ed1c &#8211; V\u1eadn H\u00e0nhPh\u00f3 T\u1ed5ng Gi\u00e1m \u0110\u1ed1c &#8211; C\u00f4ng Ngh\u1ec7Ph\u00f3 T\u1ed5ng Gi\u00e1m \u0110\u1ed1c &#8211; Nghi\u00ean c\u1ee9u &amp; Ph\u00e1t Tri\u1ec3n\u0110\u1ed9i ng\u0169 K\u1ef9 s\u01b0 &amp; D\u1ef1 \u00e1n\u0110\u1ed9i ng\u0169 V\u1eadn h\u00e0nh<\/p>\n","protected":false},"author":2,"featured_media":0,"parent":0,"menu_order":0,"comment_status":"closed","ping_status":"closed","template":"","meta":{"_et_pb_use_builder":"on","_et_pb_old_content":"","_et_gb_content_width":"","footnotes":""},"class_list":["post-2425","page","type-page","status-publish","hentry"],"yoast_head":"<!-- This site is optimized with the Yoast SEO plugin v22.9 - https:\/\/yoast.com\/wordpress\/plugins\/seo\/ -->\n<title>\u0110\u1ed9i ng\u0169 - TONA CORP<\/title>\n<meta name=\"description\" content=\"\u0110\u1ed9i ng\u0169 \u0111i\u1ec1u h\u00e0nh, \u0111\u1ed9i ng\u0169 k\u1ef9 s\u01b0 d\u1ef1 \u00e1n v\u00e0 \u0111\u1ed9i ng\u0169 v\u1eadn h\u00e0nh - nh\u1eefng m\u1ea3nh gh\u00e9p t\u1ea1o n\u00ean b\u1ee9c tranh t\u1ed5ng th\u1ec3 c\u1ee7a TONA CORP\" \/>\n<meta name=\"robots\" content=\"index, follow, max-snippet:-1, max-image-preview:large, max-video-preview:-1\" \/>\n<link rel=\"canonical\" href=\"https:\/\/tonacorp.com\/doi-ngu\/\" \/>\n<meta property=\"og:locale\" content=\"vi_VN\" \/>\n<meta property=\"og:type\" content=\"article\" \/>\n<meta property=\"og:title\" content=\"\u0110\u1ed9i ng\u0169 - TONA CORP\" \/>\n<meta property=\"og:description\" content=\"\u0110\u1ed9i ng\u0169 \u0111i\u1ec1u h\u00e0nh, \u0111\u1ed9i ng\u0169 k\u1ef9 s\u01b0 d\u1ef1 \u00e1n v\u00e0 \u0111\u1ed9i ng\u0169 v\u1eadn h\u00e0nh - nh\u1eefng m\u1ea3nh gh\u00e9p t\u1ea1o n\u00ean b\u1ee9c tranh t\u1ed5ng th\u1ec3 c\u1ee7a TONA CORP\" \/>\n<meta property=\"og:url\" content=\"https:\/\/tonacorp.com\/doi-ngu\/\" \/>\n<meta property=\"og:site_name\" content=\"TONA CORP\" \/>\n<meta property=\"article:modified_time\" content=\"2024-07-23T04:06:39+00:00\" \/>\n<meta name=\"twitter:card\" content=\"summary_large_image\" \/>\n<meta name=\"twitter:label1\" content=\"Est. reading time\" \/>\n\t<meta name=\"twitter:data1\" content=\"3 minutes\" \/>\n<script type=\"application\/ld+json\" class=\"yoast-schema-graph\">{\"@context\":\"https:\/\/schema.org\",\"@graph\":[{\"@type\":\"WebPage\",\"@id\":\"https:\/\/tonacorp.com\/doi-ngu\/\",\"url\":\"https:\/\/tonacorp.com\/doi-ngu\/\",\"name\":\"\u0110\u1ed9i ng\u0169 - TONA CORP\",\"isPartOf\":{\"@id\":\"https:\/\/tonacorp.com\/#website\"},\"datePublished\":\"2021-05-14T03:00:24+00:00\",\"dateModified\":\"2024-07-23T04:06:39+00:00\",\"description\":\"\u0110\u1ed9i ng\u0169 \u0111i\u1ec1u h\u00e0nh, \u0111\u1ed9i ng\u0169 k\u1ef9 s\u01b0 d\u1ef1 \u00e1n v\u00e0 \u0111\u1ed9i ng\u0169 v\u1eadn h\u00e0nh - nh\u1eefng m\u1ea3nh gh\u00e9p t\u1ea1o n\u00ean b\u1ee9c tranh t\u1ed5ng th\u1ec3 c\u1ee7a TONA CORP\",\"breadcrumb\":{\"@id\":\"https:\/\/tonacorp.com\/doi-ngu\/#breadcrumb\"},\"inLanguage\":\"vi-VN\",\"potentialAction\":[{\"@type\":\"ReadAction\",\"target\":[\"https:\/\/tonacorp.com\/doi-ngu\/\"]}]},{\"@type\":\"BreadcrumbList\",\"@id\":\"https:\/\/tonacorp.com\/doi-ngu\/#breadcrumb\",\"itemListElement\":[{\"@type\":\"ListItem\",\"position\":1,\"name\":\"Home\",\"item\":\"https:\/\/tonacorp.com\/vi\/\"},{\"@type\":\"ListItem\",\"position\":2,\"name\":\"\u0110\u1ed9i ng\u0169\"}]},{\"@type\":\"WebSite\",\"@id\":\"https:\/\/tonacorp.com\/#website\",\"url\":\"https:\/\/tonacorp.com\/\",\"name\":\"TONA CORP\",\"description\":\"Build it right\",\"potentialAction\":[{\"@type\":\"SearchAction\",\"target\":{\"@type\":\"EntryPoint\",\"urlTemplate\":\"https:\/\/tonacorp.com\/?s={search_term_string}\"},\"query-input\":\"required name=search_term_string\"}],\"inLanguage\":\"vi-VN\"}]}<\/script>\n<!-- \/ Yoast SEO plugin. -->","yoast_head_json":{"title":"\u0110\u1ed9i ng\u0169 - TONA CORP","description":"\u0110\u1ed9i ng\u0169 \u0111i\u1ec1u h\u00e0nh, \u0111\u1ed9i ng\u0169 k\u1ef9 s\u01b0 d\u1ef1 \u00e1n v\u00e0 \u0111\u1ed9i ng\u0169 v\u1eadn h\u00e0nh - nh\u1eefng m\u1ea3nh gh\u00e9p t\u1ea1o n\u00ean b\u1ee9c tranh t\u1ed5ng th\u1ec3 c\u1ee7a TONA CORP","robots":{"index":"index","follow":"follow","max-snippet":"max-snippet:-1","max-image-preview":"max-image-preview:large","max-video-preview":"max-video-preview:-1"},"canonical":"https:\/\/tonacorp.com\/doi-ngu\/","og_locale":"vi_VN","og_type":"article","og_title":"\u0110\u1ed9i ng\u0169 - TONA CORP","og_description":"\u0110\u1ed9i ng\u0169 \u0111i\u1ec1u h\u00e0nh, \u0111\u1ed9i ng\u0169 k\u1ef9 s\u01b0 d\u1ef1 \u00e1n v\u00e0 \u0111\u1ed9i ng\u0169 v\u1eadn h\u00e0nh - nh\u1eefng m\u1ea3nh gh\u00e9p t\u1ea1o n\u00ean b\u1ee9c tranh t\u1ed5ng th\u1ec3 c\u1ee7a TONA CORP","og_url":"https:\/\/tonacorp.com\/doi-ngu\/","og_site_name":"TONA CORP","article_modified_time":"2024-07-23T04:06:39+00:00","twitter_card":"summary_large_image","twitter_misc":{"Est. reading time":"3 minutes"},"schema":{"@context":"https:\/\/schema.org","@graph":[{"@type":"WebPage","@id":"https:\/\/tonacorp.com\/doi-ngu\/","url":"https:\/\/tonacorp.com\/doi-ngu\/","name":"\u0110\u1ed9i ng\u0169 - TONA CORP","isPartOf":{"@id":"https:\/\/tonacorp.com\/#website"},"datePublished":"2021-05-14T03:00:24+00:00","dateModified":"2024-07-23T04:06:39+00:00","description":"\u0110\u1ed9i ng\u0169 \u0111i\u1ec1u h\u00e0nh, \u0111\u1ed9i ng\u0169 k\u1ef9 s\u01b0 d\u1ef1 \u00e1n v\u00e0 \u0111\u1ed9i ng\u0169 v\u1eadn h\u00e0nh - nh\u1eefng m\u1ea3nh gh\u00e9p t\u1ea1o n\u00ean b\u1ee9c tranh t\u1ed5ng th\u1ec3 c\u1ee7a TONA CORP","breadcrumb":{"@id":"https:\/\/tonacorp.com\/doi-ngu\/#breadcrumb"},"inLanguage":"vi-VN","potentialAction":[{"@type":"ReadAction","target":["https:\/\/tonacorp.com\/doi-ngu\/"]}]},{"@type":"BreadcrumbList","@id":"https:\/\/tonacorp.com\/doi-ngu\/#breadcrumb","itemListElement":[{"@type":"ListItem","position":1,"name":"Home","item":"https:\/\/tonacorp.com\/vi\/"},{"@type":"ListItem","position":2,"name":"\u0110\u1ed9i ng\u0169"}]},{"@type":"WebSite","@id":"https:\/\/tonacorp.com\/#website","url":"https:\/\/tonacorp.com\/","name":"TONA CORP","description":"Build it right","potentialAction":[{"@type":"SearchAction","target":{"@type":"EntryPoint","urlTemplate":"https:\/\/tonacorp.com\/?s={search_term_string}"},"query-input":"required name=search_term_string"}],"inLanguage":"vi-VN"}]}},"_links":{"self":[{"href":"https:\/\/tonacorp.com\/vi\/wp-json\/wp\/v2\/pages\/2425","targetHints":{"allow":["GET"]}}],"collection":[{"href":"https:\/\/tonacorp.com\/vi\/wp-json\/wp\/v2\/pages"}],"about":[{"href":"https:\/\/tonacorp.com\/vi\/wp-json\/wp\/v2\/types\/page"}],"author":[{"embeddable":true,"href":"https:\/\/tonacorp.com\/vi\/wp-json\/wp\/v2\/users\/2"}],"replies":[{"embeddable":true,"href":"https:\/\/tonacorp.com\/vi\/wp-json\/wp\/v2\/comments?post=2425"}],"version-history":[{"count":1,"href":"https:\/\/tonacorp.com\/vi\/wp-json\/wp\/v2\/pages\/2425\/revisions"}],"predecessor-version":[{"id":7442,"href":"https:\/\/tonacorp.com\/vi\/wp-json\/wp\/v2\/pages\/2425\/revisions\/7442"}],"wp:attachment":[{"href":"https:\/\/tonacorp.com\/vi\/wp-json\/wp\/v2\/media?parent=2425"}],"curies":[{"name":"wp","href":"https:\/\/api.w.org\/{rel}","templated":true}]}}