{"id":2757,"date":"2021-07-06T14:38:26","date_gmt":"2021-07-06T14:38:26","guid":{"rendered":"https:\/\/tonacorp.com\/divi\/?page_id=2757"},"modified":"2022-06-23T04:31:33","modified_gmt":"2022-06-23T04:31:33","slug":"gia-tri","status":"publish","type":"page","link":"https:\/\/tonacorp.com\/vi\/gia-tri\/","title":{"rendered":"Gi\u00e1 tr\u1ecb"},"content":{"rendered":"\n[et_pb_section fb_built=&#8221;1&#8243; _builder_version=&#8221;4.9.10&#8243; _module_preset=&#8221;default&#8221; background_enable_color=&#8221;off&#8221; use_background_color_gradient=&#8221;on&#8221; background_color_gradient_start=&#8221;rgba(19,107,74,0.85)&#8221; background_color_gradient_end=&#8221;rgba(0,71,41,0.87)&#8221; background_color_gradient_overlays_image=&#8221;on&#8221; background_image=&#8221;https:\/\/tonacorp.com\/wp-content\/uploads\/2021\/07\/team-engineer-architects-working-meeting-discussing-designing-planning-measuring-layout-building-blueprints-construction-site-top-view-construction-concept-min.jpg&#8221; background_enable_image=&#8221;on&#8221; custom_padding=&#8221;70px||70px||true|false&#8221;][et_pb_row _builder_version=&#8221;4.9.4&#8243; _module_preset=&#8221;default&#8221;][et_pb_column type=&#8221;4_4&#8243; _builder_version=&#8221;4.9.4&#8243; _module_preset=&#8221;default&#8221;][et_pb_text _builder_version=&#8221;4.9.10&#8243; _module_preset=&#8221;342c4ba3-ce3b-4ab6-b1d2-5e5703be4677&#8243; header_text_color=&#8221;#FFFFFF&#8221; hover_enabled=&#8221;0&#8243; animation_style=&#8221;fade&#8221; sticky_enabled=&#8221;0&#8243;]<h1>Gi\u00e1 tr\u1ecb<\/h1>[\/et_pb_text][\/et_pb_column][\/et_pb_row][\/et_pb_section][et_pb_section fb_built=&#8221;1&#8243; admin_label=&#8221;Header&#8221; _builder_version=&#8221;3.26.2&#8243; use_background_color_gradient=&#8221;on&#8221; background_color_gradient_start=&#8221;#ffffff&#8221; background_color_gradient_end=&#8221;#dbf0fc&#8221; background_color_gradient_direction=&#8221;160deg&#8221; overflow-x=&#8221;hidden&#8221; overflow-y=&#8221;hidden&#8221; custom_padding=&#8221;||||false|false&#8221; bottom_divider_style=&#8221;slant&#8221; bottom_divider_color=&#8221;#ffffff&#8221; bottom_divider_height=&#8221;60vw&#8221; bottom_divider_flip=&#8221;horizontal&#8221; animation_style=&#8221;flip&#8221; locked=&#8221;off&#8221;][et_pb_row column_structure=&#8221;1_2,1_2&#8243; use_custom_gutter=&#8221;on&#8221; gutter_width=&#8221;4&#8243; make_equal=&#8221;on&#8221; _builder_version=&#8221;4.9.10&#8243; background_color=&#8221;#ffffff&#8221; overflow-x=&#8221;visible&#8221; overflow-y=&#8221;visible&#8221; custom_margin=&#8221;|||||false&#8221; custom_padding=&#8221;40px|60px|40px|60px|true|true&#8221; box_shadow_style=&#8221;preset3&#8243; box_shadow_vertical=&#8221;26px&#8221; box_shadow_blur=&#8221;90px&#8221; box_shadow_spread=&#8221;-14px&#8221; box_shadow_color=&#8221;rgba(0,71,214,0.18)&#8221; locked=&#8221;off&#8221; box_shadow_vertical__hover=&#8221;10px&#8221; box_shadow_vertical__hover_enabled=&#8221;off&#8221; box_shadow_blur__hover=&#8221;20px&#8221; box_shadow_blur__hover_enabled=&#8221;off&#8221; box_shadow_color__hover=&#8221;#2585b2&#8243;][et_pb_column type=&#8221;1_2&#8243; _builder_version=&#8221;4.9.10&#8243; custom_padding=&#8221;||||false|false&#8221; custom_padding_tablet=&#8221;0px||||false|false&#8221; custom_padding_last_edited=&#8221;off|desktop&#8221;][et_pb_text _builder_version=&#8221;4.9.10&#8243; text_font=&#8221;Montserrat||||||||&#8221; text_text_color=&#8221;#0A0000&#8243; text_line_height=&#8221;1.8em&#8221; header_2_font=&#8221;Montserrat|700|||||||&#8221; header_2_text_color=&#8221;#166F4F&#8221; header_2_font_size=&#8221;30px&#8221; header_2_line_height=&#8221;1.4em&#8221; max_width=&#8221;520px&#8221; animation_style=&#8221;fade&#8221; text_font_size_tablet=&#8221;17px&#8221; text_font_size_phone=&#8221;14px&#8221; text_font_size_last_edited=&#8221;off|desktop&#8221; header_2_font_size_tablet=&#8221;40px&#8221; header_2_font_size_phone=&#8221;24px&#8221; header_2_font_size_last_edited=&#8221;off|desktop&#8221; locked=&#8221;off&#8221; global_colors_info=&#8221;{}&#8221;]<h2>T\u1ea7m nh\u00ecn<\/h2>\n<p>Ch\u00fang t\u00f4i h\u00e0nh \u0111\u1ed9ng \u0111\u1ec3 g\u00f3p ph\u1ea7n l\u00e0m s\u1ea1ch m\u00f4i tr\u01b0\u1eddng s\u1ed1ng c\u1ee7a ch\u00fang ta, th\u00f4ng qua vi\u1ec7c th\u1ef1c thi c\u00e1c gi\u1ea3i ph\u00e1p x\u00e2y d\u1ef1ng v\u00e0 n\u0103ng l\u01b0\u1ee3ng s\u1ea1ch v\u1edbi nh\u1eefng k\u1ebft qu\u1ea3 c\u00f3 th\u1ec3 ki\u1ec3m ch\u1ee9ng v\u00e0 \u0111\u00e1nh gi\u00e1.<\/p>[\/et_pb_text][\/et_pb_column][et_pb_column type=&#8221;1_2&#8243; _builder_version=&#8221;3.26.2&#8243;][et_pb_text _builder_version=&#8221;4.9.10&#8243; text_font=&#8221;Montserrat||||||||&#8221; text_text_color=&#8221;#0A0000&#8243; text_line_height=&#8221;1.8em&#8221; header_2_font=&#8221;Montserrat|700|||||||&#8221; header_2_text_color=&#8221;#166F4F&#8221; header_2_font_size=&#8221;30px&#8221; header_2_line_height=&#8221;1.4em&#8221; max_width=&#8221;520px&#8221; animation_style=&#8221;fade&#8221; text_font_size_tablet=&#8221;17px&#8221; text_font_size_phone=&#8221;14px&#8221; text_font_size_last_edited=&#8221;off|desktop&#8221; header_2_font_size_tablet=&#8221;40px&#8221; header_2_font_size_phone=&#8221;24px&#8221; header_2_font_size_last_edited=&#8221;off|desktop&#8221; locked=&#8221;off&#8221; global_colors_info=&#8221;{}&#8221;]<h2>S\u1ee9 m\u1ec7nh<\/h2>\n<p>Ch\u00fang t\u00f4i \u0111em \u0111\u1ebfn gi\u1ea3i ph\u00e1p x\u00e2y d\u1ef1ng v\u00e0 n\u0103ng l\u01b0\u1ee3ng s\u1ea1ch \u0111\u00e1ng tin c\u1eady v\u00e0 hi\u1ec7u qu\u1ea3 trong l\u0129nh v\u1ef1c d\u00e2n d\u1ee5ng, th\u01b0\u01a1ng m\u1ea1i, c\u00f4ng nghi\u1ec7p \u0111\u1ec3 gi\u00fap ch\u1ee7 \u0111\u1ea7u t\u01b0 \u0111\u1ea1t \u0111\u01b0\u1ee3c m\u1ee5c ti\u00eau gi\u1ea3m thi\u1ec3u kh\u00ed th\u1ea3i \u0111\u1ed9c h\u1ea1i trong ho\u1ea1t \u0111\u1ed9ng s\u1ea3n xu\u1ea5t kinh doanh.<\/p>[\/et_pb_text][\/et_pb_column][\/et_pb_row][\/et_pb_section][et_pb_section fb_built=&#8221;1&#8243; _builder_version=&#8221;4.9.10&#8243; _module_preset=&#8221;default&#8221; custom_padding=&#8221;20px||20px||false|false&#8221;][et_pb_row _builder_version=&#8221;4.9.7&#8243; _module_preset=&#8221;default&#8221;][et_pb_column type=&#8221;4_4&#8243; _builder_version=&#8221;4.9.7&#8243; _module_preset=&#8221;default&#8221;][et_pb_text _builder_version=&#8221;4.9.7&#8243; text_font=&#8221;Montserrat||||||||&#8221; text_text_color=&#8221;#0A0000&#8243; text_line_height=&#8221;1.8em&#8221; header_2_font=&#8221;Montserrat|700|||||||&#8221; header_2_text_align=&#8221;center&#8221; header_2_text_color=&#8221;#166F4F&#8221; header_2_font_size=&#8221;30px&#8221; header_2_line_height=&#8221;1.4em&#8221; text_orientation=&#8221;center&#8221; module_alignment=&#8221;center&#8221; animation_style=&#8221;fade&#8221; text_font_size_tablet=&#8221;17px&#8221; text_font_size_phone=&#8221;14px&#8221; text_font_size_last_edited=&#8221;off|desktop&#8221; header_2_font_size_tablet=&#8221;40px&#8221; header_2_font_size_phone=&#8221;24px&#8221; header_2_font_size_last_edited=&#8221;off|desktop&#8221; locked=&#8221;off&#8221; global_colors_info=&#8221;{}&#8221;]<h2>Gi\u00e1 tr\u1ecb c\u1ed1t l\u00f5i<\/h2>[\/et_pb_text][\/et_pb_column][\/et_pb_row][et_pb_row column_structure=&#8221;1_4,1_4,1_4,1_4&#8243; _builder_version=&#8221;4.9.7&#8243; _module_preset=&#8221;default&#8221;][et_pb_column type=&#8221;1_4&#8243; _builder_version=&#8221;4.9.7&#8243; _module_preset=&#8221;default&#8221;][et_pb_blurb title=&#8221;Ch\u00ednh tr\u1ef1c&#8221; use_icon=&#8221;on&#8221; font_icon=&#8221;%%165%%&#8221; icon_color=&#8221;#F4AA1F&#8221; use_icon_font_size=&#8221;on&#8221; icon_font_size=&#8221;60px&#8221; _builder_version=&#8221;4.9.10&#8243; _module_preset=&#8221;default&#8221; header_font=&#8221;Montserrat|700|||||||&#8221; header_font_size=&#8221;14px&#8221; body_font=&#8221;Montserrat|500|||||||&#8221; body_font_size=&#8221;13px&#8221; body_line_height=&#8221;1.3em&#8221; animation_style=&#8221;fade&#8221; header_font_size_last_edited=&#8221;off|desktop&#8221; global_colors_info=&#8221;{}&#8221;]<p>Trung th\u1ef1c v\u00e0 minh b\u1ea1ch trong m\u1ecdi h\u00e0nh \u0111\u1ed9ng, giao d\u1ecbch v\u1edbi c\u00e1c b\u00ean li\u00ean quan \u1edf trong v\u00e0 ngo\u00e0i t\u1ed5 ch\u1ee9c.<\/p>[\/et_pb_blurb][\/et_pb_column][et_pb_column type=&#8221;1_4&#8243; _builder_version=&#8221;4.9.7&#8243; _module_preset=&#8221;default&#8221;][et_pb_blurb title=&#8221;Ch\u1ea5t l\u01b0\u1ee3ng&#8221; use_icon=&#8221;on&#8221; font_icon=&#8221;%%230%%&#8221; icon_color=&#8221;#F4AA1F&#8221; use_icon_font_size=&#8221;on&#8221; icon_font_size=&#8221;60px&#8221; _builder_version=&#8221;4.9.10&#8243; _module_preset=&#8221;default&#8221; header_font=&#8221;Montserrat|700|||||||&#8221; header_font_size=&#8221;14px&#8221; body_font=&#8221;Montserrat|500|||||||&#8221; body_font_size=&#8221;13px&#8221; body_line_height=&#8221;1.3em&#8221; animation_style=&#8221;fade&#8221; header_font_size_last_edited=&#8221;off|desktop&#8221; global_colors_info=&#8221;{}&#8221;]<p>Ch\u1ea5t l\u01b0\u1ee3ng quy\u1ebft \u0111\u1ecbnh n\u0103ng l\u1ef1c c\u1ea1nh tranh v\u00e0 s\u1ef1 th\u00e0nh c\u00f4ng b\u1ec1n v\u1eefng c\u1ee7a c\u00f4ng ty.<\/p>[\/et_pb_blurb][\/et_pb_column][et_pb_column type=&#8221;1_4&#8243; _builder_version=&#8221;4.9.7&#8243; _module_preset=&#8221;default&#8221;][et_pb_blurb title=&#8221;Ph\u00e1t tri\u1ec3n con ng\u01b0\u1eddi&#8221; use_icon=&#8221;on&#8221; font_icon=&#8221;%%259%%&#8221; icon_color=&#8221;#F4AA1F&#8221; use_icon_font_size=&#8221;on&#8221; icon_font_size=&#8221;60px&#8221; _builder_version=&#8221;4.9.10&#8243; _module_preset=&#8221;default&#8221; header_font=&#8221;Montserrat|700|||||||&#8221; header_font_size=&#8221;14px&#8221; body_font=&#8221;Montserrat|500|||||||&#8221; body_font_size=&#8221;13px&#8221; body_line_height=&#8221;1.3em&#8221; animation_style=&#8221;fade&#8221; header_font_size_last_edited=&#8221;off|desktop&#8221; global_colors_info=&#8221;{}&#8221;]<p>Ch\u00fa tr\u1ecdng t\u1ea1o ra kh\u00f4ng gian t\u1ef1 do, ch\u1ee7 \u0111\u1ed9ng, v\u00e0 ch\u1ecbu tr\u00e1ch nhi\u1ec7m \u0111\u1ec3 th\u00fac \u0111\u1ea9y s\u1ef1 c\u1ea3i ti\u1ebfn, \u0111\u1ed5i m\u1edbi c\u1ee7a \u0111\u1ed9i ng\u0169 nh\u1eb1m ph\u00e1t tri\u1ec3n con ng\u01b0\u1eddi to\u00e0n di\u1ec7n, g\u00f3p ph\u1ea7n c\u1ea3i thi\u1ec7n ch\u1ea5t l\u01b0\u1ee3ng cu\u1ed9c s\u1ed1ng c\u1ee7a \u0111\u1ed9i ng\u0169.<\/p>[\/et_pb_blurb][\/et_pb_column][et_pb_column type=&#8221;1_4&#8243; _builder_version=&#8221;4.9.7&#8243; _module_preset=&#8221;default&#8221;][et_pb_blurb title=&#8221;Tr\u00e1ch nhi\u1ec7m x\u00e3 h\u1ed9i&#8221; use_icon=&#8221;on&#8221; font_icon=&#8221;%%234%%&#8221; icon_color=&#8221;#F4AA1F&#8221; use_icon_font_size=&#8221;on&#8221; icon_font_size=&#8221;60px&#8221; _builder_version=&#8221;4.9.10&#8243; _module_preset=&#8221;default&#8221; header_font=&#8221;Montserrat|700|||||||&#8221; header_font_size=&#8221;14px&#8221; body_font=&#8221;Montserrat|500|||||||&#8221; body_font_size=&#8221;13px&#8221; body_line_height=&#8221;1.3em&#8221; animation_style=&#8221;fade&#8221; header_font_size_last_edited=&#8221;off|desktop&#8221; global_colors_info=&#8221;{}&#8221;]<p>\u0110\u00f3ng g\u00f3p cho qu\u00e1 tr\u00ecnh c\u1ea3i thi\u1ec7n ch\u1ea5t l\u01b0\u1ee3ng v\u00e0 l\u00e0m s\u1ea1ch m\u00f4i tr\u01b0\u1eddng; th\u1ef1c hi\u1ec7n tr\u00e1ch nhi\u1ec7m x\u00e3 h\u1ed9i v\u00e0 ph\u1ee5ng s\u1ef1 c\u1ed9ng \u0111\u1ed3ng.<\/p>[\/et_pb_blurb][\/et_pb_column][\/et_pb_row][\/et_pb_section]\n","protected":false},"excerpt":{"rendered":"<p>Gi\u00e1 tr\u1ecbT\u1ea7m nh\u00ecn Ch\u00fang t\u00f4i h\u00e0nh \u0111\u1ed9ng \u0111\u1ec3 g\u00f3p ph\u1ea7n l\u00e0m s\u1ea1ch m\u00f4i tr\u01b0\u1eddng s\u1ed1ng c\u1ee7a ch\u00fang ta, th\u00f4ng qua vi\u1ec7c th\u1ef1c thi c\u00e1c gi\u1ea3i ph\u00e1p x\u00e2y d\u1ef1ng v\u00e0 n\u0103ng l\u01b0\u1ee3ng s\u1ea1ch v\u1edbi nh\u1eefng k\u1ebft qu\u1ea3 c\u00f3 th\u1ec3 ki\u1ec3m ch\u1ee9ng v\u00e0 \u0111\u00e1nh gi\u00e1.S\u1ee9 m\u1ec7nh Ch\u00fang t\u00f4i \u0111em \u0111\u1ebfn gi\u1ea3i ph\u00e1p x\u00e2y d\u1ef1ng v\u00e0 n\u0103ng l\u01b0\u1ee3ng s\u1ea1ch \u0111\u00e1ng tin c\u1eady v\u00e0 hi\u1ec7u qu\u1ea3 trong l\u0129nh v\u1ef1c d\u00e2n d\u1ee5ng, th\u01b0\u01a1ng m\u1ea1i, c\u00f4ng nghi\u1ec7p \u0111\u1ec3 gi\u00fap ch\u1ee7 \u0111\u1ea7u t\u01b0 \u0111\u1ea1t \u0111\u01b0\u1ee3c m\u1ee5c ti\u00eau gi\u1ea3m thi\u1ec3u kh\u00ed th\u1ea3i \u0111\u1ed9c h\u1ea1i trong ho\u1ea1t \u0111\u1ed9ng s\u1ea3n xu\u1ea5t kinh doanh.Gi\u00e1 tr\u1ecb c\u1ed1t l\u00f5iTrung th\u1ef1c v\u00e0 minh b\u1ea1ch trong m\u1ecdi h\u00e0nh \u0111\u1ed9ng, giao d\u1ecbch v\u1edbi c\u00e1c b\u00ean li\u00ean quan \u1edf trong v\u00e0 ngo\u00e0i t\u1ed5 ch\u1ee9c.Ch\u1ea5t l\u01b0\u1ee3ng quy\u1ebft \u0111\u1ecbnh n\u0103ng l\u1ef1c c\u1ea1nh tranh v\u00e0 s\u1ef1 th\u00e0nh c\u00f4ng b\u1ec1n v\u1eefng c\u1ee7a c\u00f4ng ty.Ch\u00fa tr\u1ecdng t\u1ea1o ra kh\u00f4ng gian t\u1ef1 do, ch\u1ee7 \u0111\u1ed9ng, v\u00e0 ch\u1ecbu tr\u00e1ch nhi\u1ec7m \u0111\u1ec3 th\u00fac \u0111\u1ea9y s\u1ef1 c\u1ea3i ti\u1ebfn, \u0111\u1ed5i m\u1edbi c\u1ee7a \u0111\u1ed9i ng\u0169 nh\u1eb1m ph\u00e1t tri\u1ec3n con ng\u01b0\u1eddi to\u00e0n di\u1ec7n, g\u00f3p ph\u1ea7n c\u1ea3i thi\u1ec7n ch\u1ea5t l\u01b0\u1ee3ng cu\u1ed9c s\u1ed1ng c\u1ee7a \u0111\u1ed9i ng\u0169.\u0110\u00f3ng g\u00f3p cho qu\u00e1 tr\u00ecnh c\u1ea3i thi\u1ec7n ch\u1ea5t l\u01b0\u1ee3ng v\u00e0 l\u00e0m s\u1ea1ch m\u00f4i tr\u01b0\u1eddng; th\u1ef1c hi\u1ec7n tr\u00e1ch nhi\u1ec7m x\u00e3 h\u1ed9i v\u00e0 ph\u1ee5ng s\u1ef1 c\u1ed9ng \u0111\u1ed3ng.<\/p>\n","protected":false},"author":2,"featured_media":0,"parent":0,"menu_order":0,"comment_status":"closed","ping_status":"closed","template":"","meta":{"_et_pb_use_builder":"on","_et_pb_old_content":"","_et_gb_content_width":"","footnotes":""},"class_list":["post-2757","page","type-page","status-publish","hentry"],"yoast_head":"<!-- This site is optimized with the Yoast SEO plugin v22.9 - https:\/\/yoast.com\/wordpress\/plugins\/seo\/ -->\n<title>Gi\u00e1 tr\u1ecb - TONA CORP<\/title>\n<meta name=\"description\" content=\"Ch\u00fang t\u00f4i h\u00e0nh \u0111\u1ed9ng \u0111\u1ec3 g\u00f3p ph\u1ea7n l\u00e0m s\u1ea1ch m\u00f4i tr\u01b0\u1eddng s\u1ed1ng c\u1ee7a ch\u00fang ta, th\u00f4ng qua vi\u1ec7c th\u1ef1c thi c\u00e1c gi\u1ea3i ph\u00e1p x\u00e2y d\u1ef1ng v\u00e0 n\u0103ng l\u01b0\u1ee3ng s\u1ea1ch ...\" \/>\n<meta name=\"robots\" content=\"index, follow, max-snippet:-1, max-image-preview:large, max-video-preview:-1\" \/>\n<link rel=\"canonical\" href=\"https:\/\/tonacorp.com\/gia-tri\/\" \/>\n<meta property=\"og:locale\" content=\"vi_VN\" \/>\n<meta property=\"og:type\" content=\"article\" \/>\n<meta property=\"og:title\" content=\"Gi\u00e1 tr\u1ecb - TONA CORP\" \/>\n<meta property=\"og:description\" content=\"Ch\u00fang t\u00f4i h\u00e0nh \u0111\u1ed9ng \u0111\u1ec3 g\u00f3p ph\u1ea7n l\u00e0m s\u1ea1ch m\u00f4i tr\u01b0\u1eddng s\u1ed1ng c\u1ee7a ch\u00fang ta, th\u00f4ng qua vi\u1ec7c th\u1ef1c thi c\u00e1c gi\u1ea3i ph\u00e1p x\u00e2y d\u1ef1ng v\u00e0 n\u0103ng l\u01b0\u1ee3ng s\u1ea1ch ...\" \/>\n<meta property=\"og:url\" content=\"https:\/\/tonacorp.com\/gia-tri\/\" \/>\n<meta property=\"og:site_name\" content=\"TONA CORP\" \/>\n<meta property=\"article:modified_time\" content=\"2022-06-23T04:31:33+00:00\" \/>\n<meta name=\"twitter:card\" content=\"summary_large_image\" \/>\n<meta name=\"twitter:label1\" content=\"Est. reading time\" \/>\n\t<meta name=\"twitter:data1\" content=\"3 minutes\" \/>\n<script type=\"application\/ld+json\" class=\"yoast-schema-graph\">{\"@context\":\"https:\/\/schema.org\",\"@graph\":[{\"@type\":\"WebPage\",\"@id\":\"https:\/\/tonacorp.com\/gia-tri\/\",\"url\":\"https:\/\/tonacorp.com\/gia-tri\/\",\"name\":\"Gi\u00e1 tr\u1ecb - TONA CORP\",\"isPartOf\":{\"@id\":\"https:\/\/tonacorp.com\/#website\"},\"datePublished\":\"2021-07-06T14:38:26+00:00\",\"dateModified\":\"2022-06-23T04:31:33+00:00\",\"description\":\"Ch\u00fang t\u00f4i h\u00e0nh \u0111\u1ed9ng \u0111\u1ec3 g\u00f3p ph\u1ea7n l\u00e0m s\u1ea1ch m\u00f4i tr\u01b0\u1eddng s\u1ed1ng c\u1ee7a ch\u00fang ta, th\u00f4ng qua vi\u1ec7c th\u1ef1c thi c\u00e1c gi\u1ea3i ph\u00e1p x\u00e2y d\u1ef1ng v\u00e0 n\u0103ng l\u01b0\u1ee3ng s\u1ea1ch ...\",\"breadcrumb\":{\"@id\":\"https:\/\/tonacorp.com\/gia-tri\/#breadcrumb\"},\"inLanguage\":\"vi-VN\",\"potentialAction\":[{\"@type\":\"ReadAction\",\"target\":[\"https:\/\/tonacorp.com\/gia-tri\/\"]}]},{\"@type\":\"BreadcrumbList\",\"@id\":\"https:\/\/tonacorp.com\/gia-tri\/#breadcrumb\",\"itemListElement\":[{\"@type\":\"ListItem\",\"position\":1,\"name\":\"Home\",\"item\":\"https:\/\/tonacorp.com\/vi\/\"},{\"@type\":\"ListItem\",\"position\":2,\"name\":\"Gi\u00e1 tr\u1ecb\"}]},{\"@type\":\"WebSite\",\"@id\":\"https:\/\/tonacorp.com\/#website\",\"url\":\"https:\/\/tonacorp.com\/\",\"name\":\"TONA CORP\",\"description\":\"Build it right\",\"potentialAction\":[{\"@type\":\"SearchAction\",\"target\":{\"@type\":\"EntryPoint\",\"urlTemplate\":\"https:\/\/tonacorp.com\/?s={search_term_string}\"},\"query-input\":\"required name=search_term_string\"}],\"inLanguage\":\"vi-VN\"}]}<\/script>\n<!-- \/ Yoast SEO plugin. -->","yoast_head_json":{"title":"Gi\u00e1 tr\u1ecb - TONA CORP","description":"Ch\u00fang t\u00f4i h\u00e0nh \u0111\u1ed9ng \u0111\u1ec3 g\u00f3p ph\u1ea7n l\u00e0m s\u1ea1ch m\u00f4i tr\u01b0\u1eddng s\u1ed1ng c\u1ee7a ch\u00fang ta, th\u00f4ng qua vi\u1ec7c th\u1ef1c thi c\u00e1c gi\u1ea3i ph\u00e1p x\u00e2y d\u1ef1ng v\u00e0 n\u0103ng l\u01b0\u1ee3ng s\u1ea1ch ...","robots":{"index":"index","follow":"follow","max-snippet":"max-snippet:-1","max-image-preview":"max-image-preview:large","max-video-preview":"max-video-preview:-1"},"canonical":"https:\/\/tonacorp.com\/gia-tri\/","og_locale":"vi_VN","og_type":"article","og_title":"Gi\u00e1 tr\u1ecb - TONA CORP","og_description":"Ch\u00fang t\u00f4i h\u00e0nh \u0111\u1ed9ng \u0111\u1ec3 g\u00f3p ph\u1ea7n l\u00e0m s\u1ea1ch m\u00f4i tr\u01b0\u1eddng s\u1ed1ng c\u1ee7a ch\u00fang ta, th\u00f4ng qua vi\u1ec7c th\u1ef1c thi c\u00e1c gi\u1ea3i ph\u00e1p x\u00e2y d\u1ef1ng v\u00e0 n\u0103ng l\u01b0\u1ee3ng s\u1ea1ch ...","og_url":"https:\/\/tonacorp.com\/gia-tri\/","og_site_name":"TONA CORP","article_modified_time":"2022-06-23T04:31:33+00:00","twitter_card":"summary_large_image","twitter_misc":{"Est. reading time":"3 minutes"},"schema":{"@context":"https:\/\/schema.org","@graph":[{"@type":"WebPage","@id":"https:\/\/tonacorp.com\/gia-tri\/","url":"https:\/\/tonacorp.com\/gia-tri\/","name":"Gi\u00e1 tr\u1ecb - TONA CORP","isPartOf":{"@id":"https:\/\/tonacorp.com\/#website"},"datePublished":"2021-07-06T14:38:26+00:00","dateModified":"2022-06-23T04:31:33+00:00","description":"Ch\u00fang t\u00f4i h\u00e0nh \u0111\u1ed9ng \u0111\u1ec3 g\u00f3p ph\u1ea7n l\u00e0m s\u1ea1ch m\u00f4i tr\u01b0\u1eddng s\u1ed1ng c\u1ee7a ch\u00fang ta, th\u00f4ng qua vi\u1ec7c th\u1ef1c thi c\u00e1c gi\u1ea3i ph\u00e1p x\u00e2y d\u1ef1ng v\u00e0 n\u0103ng l\u01b0\u1ee3ng s\u1ea1ch ...","breadcrumb":{"@id":"https:\/\/tonacorp.com\/gia-tri\/#breadcrumb"},"inLanguage":"vi-VN","potentialAction":[{"@type":"ReadAction","target":["https:\/\/tonacorp.com\/gia-tri\/"]}]},{"@type":"BreadcrumbList","@id":"https:\/\/tonacorp.com\/gia-tri\/#breadcrumb","itemListElement":[{"@type":"ListItem","position":1,"name":"Home","item":"https:\/\/tonacorp.com\/vi\/"},{"@type":"ListItem","position":2,"name":"Gi\u00e1 tr\u1ecb"}]},{"@type":"WebSite","@id":"https:\/\/tonacorp.com\/#website","url":"https:\/\/tonacorp.com\/","name":"TONA CORP","description":"Build it right","potentialAction":[{"@type":"SearchAction","target":{"@type":"EntryPoint","urlTemplate":"https:\/\/tonacorp.com\/?s={search_term_string}"},"query-input":"required name=search_term_string"}],"inLanguage":"vi-VN"}]}},"_links":{"self":[{"href":"https:\/\/tonacorp.com\/vi\/wp-json\/wp\/v2\/pages\/2757","targetHints":{"allow":["GET"]}}],"collection":[{"href":"https:\/\/tonacorp.com\/vi\/wp-json\/wp\/v2\/pages"}],"about":[{"href":"https:\/\/tonacorp.com\/vi\/wp-json\/wp\/v2\/types\/page"}],"author":[{"embeddable":true,"href":"https:\/\/tonacorp.com\/vi\/wp-json\/wp\/v2\/users\/2"}],"replies":[{"embeddable":true,"href":"https:\/\/tonacorp.com\/vi\/wp-json\/wp\/v2\/comments?post=2757"}],"version-history":[{"count":0,"href":"https:\/\/tonacorp.com\/vi\/wp-json\/wp\/v2\/pages\/2757\/revisions"}],"wp:attachment":[{"href":"https:\/\/tonacorp.com\/vi\/wp-json\/wp\/v2\/media?parent=2757"}],"curies":[{"name":"wp","href":"https:\/\/api.w.org\/{rel}","templated":true}]}}