{"id":3502,"date":"2021-07-24T15:11:47","date_gmt":"2021-07-24T15:11:47","guid":{"rendered":"https:\/\/tonacorp.com\/divi\/?page_id=3502"},"modified":"2023-08-04T07:13:40","modified_gmt":"2023-08-04T07:13:40","slug":"thu-vien-anh","status":"publish","type":"page","link":"https:\/\/tonacorp.com\/vi\/thu-vien-anh\/","title":{"rendered":"Th\u01b0 vi\u1ec7n"},"content":{"rendered":"<p>[et_pb_section fb_built=&#8221;1&#8243; _builder_version=&#8221;4.16&#8243; _module_preset=&#8221;default&#8221; background_image=&#8221;https:\/\/tonacorp.com\/wp-content\/uploads\/2021\/05\/du-an-banner-min.jpg&#8221; background_enable_image=&#8221;on&#8221; custom_padding=&#8221;70px||70px||true|false&#8221; global_colors_info=&#8221;{}&#8221;][et_pb_row _builder_version=&#8221;4.16&#8243; _module_preset=&#8221;default&#8221; global_colors_info=&#8221;{}&#8221;][et_pb_column type=&#8221;4_4&#8243; _builder_version=&#8221;4.16&#8243; _module_preset=&#8221;default&#8221; global_colors_info=&#8221;{}&#8221;][et_pb_text _builder_version=&#8221;4.16&#8243; _module_preset=&#8221;342c4ba3-ce3b-4ab6-b1d2-5e5703be4677&#8243; header_text_color=&#8221;#FFFFFF&#8221; header_font_size_tablet=&#8221;&#8221; header_font_size_phone=&#8221;&#8221; header_font_size_last_edited=&#8221;on|desktop&#8221; global_colors_info=&#8221;{}&#8221;]<\/p>\n<h1>Th\u01b0 vi\u1ec7n \u1ea3nh<\/h1>\n<p>[\/et_pb_text][\/et_pb_column][\/et_pb_row][\/et_pb_section][et_pb_section fb_built=&#8221;1&#8243; _builder_version=&#8221;4.16&#8243; _module_preset=&#8221;default&#8221; custom_padding=&#8221;50px||49px||false|false&#8221; global_colors_info=&#8221;{}&#8221;][et_pb_row column_structure=&#8221;1_3,1_3,1_3&#8243; use_custom_gutter=&#8221;on&#8221; gutter_width=&#8221;2&#8243; _builder_version=&#8221;4.16&#8243; _module_preset=&#8221;default&#8221; width=&#8221;100%&#8221; max_width=&#8221;1440px&#8221; custom_padding=&#8221;||13px|||&#8221; global_colors_info=&#8221;{}&#8221;][et_pb_column type=&#8221;1_3&#8243; _builder_version=&#8221;4.16&#8243; _module_preset=&#8221;default&#8221; global_colors_info=&#8221;{}&#8221;][et_pb_blurb title=&#8221;Vacation &#8211; Team Building&#8221; url=&#8221;https:\/\/tonacorp.com\/vacation-team-building\/&#8221; image=&#8221;https:\/\/tonacorp.com\/wp-content\/uploads\/2021\/07\/thumbnail-teambuilding.jpg&#8221; image_icon_width=&#8221;100%&#8221; _builder_version=&#8221;4.16&#8243; _module_preset=&#8221;default&#8221; header_font=&#8221;Montserrat|500|||||||&#8221; header_font_size=&#8221;16px&#8221; header_line_height=&#8221;1.2em&#8221; animation_style=&#8221;fade&#8221; image_max_width=&#8221;100%&#8221; global_colors_info=&#8221;{}&#8221;][\/et_pb_blurb][et_pb_blurb title=&#8221;Tona Cup &#8211; Huba Football&#8221; url=&#8221;https:\/\/tonacorp.com\/tona-cup-huba-football\/&#8221; image=&#8221;https:\/\/tonacorp.com\/wp-content\/uploads\/2021\/07\/thumbnail-huba-football.jpg&#8221; image_icon_width=&#8221;100%&#8221; _builder_version=&#8221;4.16&#8243; _module_preset=&#8221;default&#8221; header_font=&#8221;Montserrat|500|||||||&#8221; header_font_size=&#8221;16px&#8221; animation_style=&#8221;fade&#8221; image_max_width=&#8221;100%&#8221; global_colors_info=&#8221;{}&#8221;][\/et_pb_blurb][\/et_pb_column][et_pb_column type=&#8221;1_3&#8243; _builder_version=&#8221;4.16&#8243; _module_preset=&#8221;default&#8221; global_colors_info=&#8221;{}&#8221;][et_pb_blurb title=&#8221;Year End Party&#8221; url=&#8221;https:\/\/tonacorp.com\/year-end-pary\/&#8221; image=&#8221;https:\/\/tonacorp.com\/wp-content\/uploads\/2023\/08\/DEE03944-copy-1-e1691132378647.webp&#8221; alt=&#8221;Birthday Party Thumbnail&#8221; image_icon_width=&#8221;100%&#8221; _builder_version=&#8221;4.21.0&#8243; _module_preset=&#8221;default&#8221; header_font=&#8221;Montserrat|500|||||||&#8221; header_font_size=&#8221;16px&#8221; animation_style=&#8221;fade&#8221; image_max_width=&#8221;100%&#8221; global_colors_info=&#8221;{}&#8221;][\/et_pb_blurb][et_pb_blurb title=&#8221;Training&#8221; url=&#8221;https:\/\/tonacorp.com\/training\/&#8221; image=&#8221;https:\/\/tonacorp.com\/wp-content\/uploads\/2021\/07\/thumbnail-training.jpg&#8221; image_icon_width=&#8221;100%&#8221; _builder_version=&#8221;4.16&#8243; _module_preset=&#8221;default&#8221; header_font=&#8221;Montserrat|500|||||||&#8221; header_font_size=&#8221;16px&#8221; animation_style=&#8221;fade&#8221; image_max_width=&#8221;100%&#8221; global_colors_info=&#8221;{}&#8221;][\/et_pb_blurb][\/et_pb_column][et_pb_column type=&#8221;1_3&#8243; _builder_version=&#8221;4.16&#8243; _module_preset=&#8221;default&#8221; global_colors_info=&#8221;{}&#8221;][et_pb_blurb title=&#8221;Birthday Party&#8221; url=&#8221;https:\/\/tonacorp.com\/birthday-party\/&#8221; image=&#8221;https:\/\/tonacorp.com\/wp-content\/uploads\/2023\/08\/birthday-party-1-2023-2-1-e1691132523628.webp&#8221; alt=&#8221;Birthday Party Thumbnail&#8221; image_icon_width=&#8221;100%&#8221; _builder_version=&#8221;4.21.0&#8243; _module_preset=&#8221;default&#8221; header_font=&#8221;Montserrat|500|||||||&#8221; header_font_size=&#8221;16px&#8221; animation_style=&#8221;fade&#8221; hover_enabled=&#8221;0&#8243; image_max_width=&#8221;100%&#8221; global_colors_info=&#8221;{}&#8221; sticky_enabled=&#8221;0&#8243;][\/et_pb_blurb][et_pb_blurb title=&#8221;Videos&#8221; url=&#8221;https:\/\/tonacorp.com\/videos&#8221; image=&#8221;https:\/\/tonacorp.com\/wp-content\/uploads\/2021\/08\/Tona-videos-thumbnail.png&#8221; image_icon_width=&#8221;100%&#8221; _builder_version=&#8221;4.16&#8243; _module_preset=&#8221;default&#8221; header_font=&#8221;Montserrat|500|||||||&#8221; header_font_size=&#8221;16px&#8221; animation_style=&#8221;fade&#8221; image_max_width=&#8221;100%&#8221; global_colors_info=&#8221;{}&#8221;][\/et_pb_blurb][\/et_pb_column][\/et_pb_row][\/et_pb_section]<\/p>\n","protected":false},"excerpt":{"rendered":"<p>Th\u01b0 vi\u1ec7n \u1ea3nh<\/p>\n","protected":false},"author":1,"featured_media":0,"parent":0,"menu_order":0,"comment_status":"closed","ping_status":"closed","template":"","meta":{"_et_pb_use_builder":"on","_et_pb_old_content":"","_et_gb_content_width":"","footnotes":""},"class_list":["post-3502","page","type-page","status-publish","hentry"],"yoast_head":"<!-- This site is optimized with the Yoast SEO plugin v22.9 - https:\/\/yoast.com\/wordpress\/plugins\/seo\/ -->\n<title>Th\u01b0 vi\u1ec7n - TONA CORP<\/title>\n<meta name=\"robots\" content=\"index, follow, max-snippet:-1, max-image-preview:large, max-video-preview:-1\" \/>\n<link rel=\"canonical\" href=\"https:\/\/tonacorp.com\/thu-vien-anh\/\" \/>\n<meta property=\"og:locale\" content=\"vi_VN\" \/>\n<meta property=\"og:type\" content=\"article\" \/>\n<meta property=\"og:title\" content=\"Th\u01b0 vi\u1ec7n - TONA CORP\" \/>\n<meta property=\"og:description\" content=\"\u2022 H\u01a1n 15 n\u0103m kinh nghi\u1ec7m trong l\u0129nh v\u1ef1c t\u00e0i ch\u00ednh, ng\u00e2n h\u00e0ng, \u0111\u1ea7u t\u01b0 v\u00e0 kinh doanh \u2022 C\u1ef1u Ph\u00f3 T\u1ed5ng Gi\u00e1m \u0111\u1ed1c, Ng\u00e2n h\u00e0ng TMCP Vi\u1ec7t Nam Th\u01b0\u01a1ng T\u00edn (Vietbank) \u2022 C\u1ef1u Ph\u00f3 T\u1ed5ng Gi\u00e1m \u0111\u1ed1c, Ng\u00e2n h\u00e0ng TMCP Nam \u00c1 (NamAbank) \u2022 C\u1ef1u T\u1ed5ng Gi\u00e1m \u0111\u1ed1c C\u00f4ng ty AMC \u2013 Ng\u00e2n h\u00e0ng TMCP Nam \u00c1 (NamAbank) \u2022 Th\u1ea1c s\u0129 qu\u1ea3n tr\u1ecb kinh doanh qu\u1ed1c t\u1ebf (MBA) c\u00f9ng v\u1edbi c\u00e1c ng\u00e0nh qu\u1ea3n l\u00fd t\u00e0i ch\u00ednh, ng\u00e2n h\u00e0ng, b\u1ea3o hi\u1ec3m &amp; qu\u1ea3n l\u00fd c\u00f4ng ngh\u1ec7 th\u00f4ng tin, \u0110\u1ea1i h\u1ecdc Hannover t\u1ea1i \u0110\u1ee9c. \u2022 C\u1eed nh\u00e2n kinh doanh qu\u1ed1c t\u1ebf, \u0110\u1ea1i h\u1ecdc Ngo\u1ea1i th\u01b0\u01a1ng Tp.H\u1ed3 Ch\u00ed Minh\" \/>\n<meta property=\"og:url\" content=\"https:\/\/tonacorp.com\/thu-vien-anh\/\" \/>\n<meta property=\"og:site_name\" content=\"TONA CORP\" \/>\n<meta property=\"article:modified_time\" content=\"2023-08-04T07:13:40+00:00\" \/>\n<meta name=\"twitter:card\" content=\"summary_large_image\" \/>\n<meta name=\"twitter:label1\" content=\"Est. reading time\" \/>\n\t<meta name=\"twitter:data1\" content=\"1 minute\" \/>\n<script type=\"application\/ld+json\" class=\"yoast-schema-graph\">{\"@context\":\"https:\/\/schema.org\",\"@graph\":[{\"@type\":\"WebPage\",\"@id\":\"https:\/\/tonacorp.com\/thu-vien-anh\/\",\"url\":\"https:\/\/tonacorp.com\/thu-vien-anh\/\",\"name\":\"Th\u01b0 vi\u1ec7n - TONA CORP\",\"isPartOf\":{\"@id\":\"https:\/\/tonacorp.com\/#website\"},\"datePublished\":\"2021-07-24T15:11:47+00:00\",\"dateModified\":\"2023-08-04T07:13:40+00:00\",\"breadcrumb\":{\"@id\":\"https:\/\/tonacorp.com\/thu-vien-anh\/#breadcrumb\"},\"inLanguage\":\"vi-VN\",\"potentialAction\":[{\"@type\":\"ReadAction\",\"target\":[\"https:\/\/tonacorp.com\/thu-vien-anh\/\"]}]},{\"@type\":\"BreadcrumbList\",\"@id\":\"https:\/\/tonacorp.com\/thu-vien-anh\/#breadcrumb\",\"itemListElement\":[{\"@type\":\"ListItem\",\"position\":1,\"name\":\"Home\",\"item\":\"https:\/\/tonacorp.com\/vi\/\"},{\"@type\":\"ListItem\",\"position\":2,\"name\":\"Th\u01b0 vi\u1ec7n\"}]},{\"@type\":\"WebSite\",\"@id\":\"https:\/\/tonacorp.com\/#website\",\"url\":\"https:\/\/tonacorp.com\/\",\"name\":\"TONA CORP\",\"description\":\"Build it right\",\"potentialAction\":[{\"@type\":\"SearchAction\",\"target\":{\"@type\":\"EntryPoint\",\"urlTemplate\":\"https:\/\/tonacorp.com\/?s={search_term_string}\"},\"query-input\":\"required name=search_term_string\"}],\"inLanguage\":\"vi-VN\"}]}<\/script>\n<!-- \/ Yoast SEO plugin. -->","yoast_head_json":{"title":"Th\u01b0 vi\u1ec7n - TONA CORP","robots":{"index":"index","follow":"follow","max-snippet":"max-snippet:-1","max-image-preview":"max-image-preview:large","max-video-preview":"max-video-preview:-1"},"canonical":"https:\/\/tonacorp.com\/thu-vien-anh\/","og_locale":"vi_VN","og_type":"article","og_title":"Th\u01b0 vi\u1ec7n - TONA CORP","og_description":"\u2022 H\u01a1n 15 n\u0103m kinh nghi\u1ec7m trong l\u0129nh v\u1ef1c t\u00e0i ch\u00ednh, ng\u00e2n h\u00e0ng, \u0111\u1ea7u t\u01b0 v\u00e0 kinh doanh \u2022 C\u1ef1u Ph\u00f3 T\u1ed5ng Gi\u00e1m \u0111\u1ed1c, Ng\u00e2n h\u00e0ng TMCP Vi\u1ec7t Nam Th\u01b0\u01a1ng T\u00edn (Vietbank) \u2022 C\u1ef1u Ph\u00f3 T\u1ed5ng Gi\u00e1m \u0111\u1ed1c, Ng\u00e2n h\u00e0ng TMCP Nam \u00c1 (NamAbank) \u2022 C\u1ef1u T\u1ed5ng Gi\u00e1m \u0111\u1ed1c C\u00f4ng ty AMC \u2013 Ng\u00e2n h\u00e0ng TMCP Nam \u00c1 (NamAbank) \u2022 Th\u1ea1c s\u0129 qu\u1ea3n tr\u1ecb kinh doanh qu\u1ed1c t\u1ebf (MBA) c\u00f9ng v\u1edbi c\u00e1c ng\u00e0nh qu\u1ea3n l\u00fd t\u00e0i ch\u00ednh, ng\u00e2n h\u00e0ng, b\u1ea3o hi\u1ec3m &amp; qu\u1ea3n l\u00fd c\u00f4ng ngh\u1ec7 th\u00f4ng tin, \u0110\u1ea1i h\u1ecdc Hannover t\u1ea1i \u0110\u1ee9c. \u2022 C\u1eed nh\u00e2n kinh doanh qu\u1ed1c t\u1ebf, \u0110\u1ea1i h\u1ecdc Ngo\u1ea1i th\u01b0\u01a1ng Tp.H\u1ed3 Ch\u00ed Minh","og_url":"https:\/\/tonacorp.com\/thu-vien-anh\/","og_site_name":"TONA CORP","article_modified_time":"2023-08-04T07:13:40+00:00","twitter_card":"summary_large_image","twitter_misc":{"Est. reading time":"1 minute"},"schema":{"@context":"https:\/\/schema.org","@graph":[{"@type":"WebPage","@id":"https:\/\/tonacorp.com\/thu-vien-anh\/","url":"https:\/\/tonacorp.com\/thu-vien-anh\/","name":"Th\u01b0 vi\u1ec7n - TONA CORP","isPartOf":{"@id":"https:\/\/tonacorp.com\/#website"},"datePublished":"2021-07-24T15:11:47+00:00","dateModified":"2023-08-04T07:13:40+00:00","breadcrumb":{"@id":"https:\/\/tonacorp.com\/thu-vien-anh\/#breadcrumb"},"inLanguage":"vi-VN","potentialAction":[{"@type":"ReadAction","target":["https:\/\/tonacorp.com\/thu-vien-anh\/"]}]},{"@type":"BreadcrumbList","@id":"https:\/\/tonacorp.com\/thu-vien-anh\/#breadcrumb","itemListElement":[{"@type":"ListItem","position":1,"name":"Home","item":"https:\/\/tonacorp.com\/vi\/"},{"@type":"ListItem","position":2,"name":"Th\u01b0 vi\u1ec7n"}]},{"@type":"WebSite","@id":"https:\/\/tonacorp.com\/#website","url":"https:\/\/tonacorp.com\/","name":"TONA CORP","description":"Build it right","potentialAction":[{"@type":"SearchAction","target":{"@type":"EntryPoint","urlTemplate":"https:\/\/tonacorp.com\/?s={search_term_string}"},"query-input":"required name=search_term_string"}],"inLanguage":"vi-VN"}]}},"_links":{"self":[{"href":"https:\/\/tonacorp.com\/vi\/wp-json\/wp\/v2\/pages\/3502","targetHints":{"allow":["GET"]}}],"collection":[{"href":"https:\/\/tonacorp.com\/vi\/wp-json\/wp\/v2\/pages"}],"about":[{"href":"https:\/\/tonacorp.com\/vi\/wp-json\/wp\/v2\/types\/page"}],"author":[{"embeddable":true,"href":"https:\/\/tonacorp.com\/vi\/wp-json\/wp\/v2\/users\/1"}],"replies":[{"embeddable":true,"href":"https:\/\/tonacorp.com\/vi\/wp-json\/wp\/v2\/comments?post=3502"}],"version-history":[{"count":0,"href":"https:\/\/tonacorp.com\/vi\/wp-json\/wp\/v2\/pages\/3502\/revisions"}],"wp:attachment":[{"href":"https:\/\/tonacorp.com\/vi\/wp-json\/wp\/v2\/media?parent=3502"}],"curies":[{"name":"wp","href":"https:\/\/api.w.org\/{rel}","templated":true}]}}