{"id":6325,"date":"2022-11-02T09:18:45","date_gmt":"2022-11-02T09:18:45","guid":{"rendered":"https:\/\/tonacorp.com\/?post_type=product&#038;p=6325"},"modified":"2024-04-12T04:27:05","modified_gmt":"2024-04-12T04:27:05","slug":"van-phong-nha-may-spartronics-viet-nam-2-kcn-nam-tan-uyen-binh-duong","status":"publish","type":"product","link":"https:\/\/tonacorp.com\/vi\/project\/van-phong-nha-may-spartronics-viet-nam-2-kcn-nam-tan-uyen-binh-duong\/","title":{"rendered":"V\u0103n Ph\u00f2ng &#8211; Nh\u00e0 m\u00e1y Spartronics Vi\u1ec7t Nam 2 \u2013 KCN Nam T\u00e2n Uy\u00ean, B\u00ecnh D\u01b0\u01a1ng"},"content":{"rendered":"<p>[et_pb_section fb_built=&#8221;1&#8243; admin_label=&#8221;Section&#8221; _builder_version=&#8221;4.16&#8243; custom_padding=&#8221;0px||||false|false&#8221; global_colors_info=&#8221;{}&#8221;][et_pb_row _builder_version=&#8221;4.16&#8243; background_size=&#8221;initial&#8221; background_position=&#8221;top_left&#8221; background_repeat=&#8221;repeat&#8221; width=&#8221;100%&#8221; custom_padding=&#8221;0px||0px||false|false&#8221; global_colors_info=&#8221;{}&#8221;][et_pb_column type=&#8221;4_4&#8243; _builder_version=&#8221;4.16&#8243; custom_padding=&#8221;|||&#8221; global_colors_info=&#8221;{}&#8221; custom_padding__hover=&#8221;|||&#8221;][et_pb_wc_breadcrumb admin_label=&#8221;Woo Breadcrumbs&#8221; _builder_version=&#8221;4.16&#8243; global_colors_info=&#8221;{}&#8221;][\/et_pb_wc_breadcrumb][\/et_pb_column][\/et_pb_row][et_pb_row column_structure=&#8221;1_2,1_2&#8243; _builder_version=&#8221;4.16&#8243; background_size=&#8221;initial&#8221; background_position=&#8221;top_left&#8221; background_repeat=&#8221;repeat&#8221; width=&#8221;100%&#8221; custom_padding=&#8221;0px||||false|false&#8221; global_colors_info=&#8221;{}&#8221;][et_pb_column type=&#8221;1_2&#8243; admin_label=&#8221;Column&#8221; _builder_version=&#8221;4.16&#8243; custom_padding=&#8221;|||&#8221; global_colors_info=&#8221;{}&#8221; custom_padding__hover=&#8221;|||&#8221;][et_pb_wc_images admin_label=&#8221;Woo Product Images&#8221; _builder_version=&#8221;4.17.4&#8243; global_colors_info=&#8221;{}&#8221;][\/et_pb_wc_images][\/et_pb_column][et_pb_column type=&#8221;1_2&#8243; admin_label=&#8221;Column&#8221; _builder_version=&#8221;4.16&#8243; custom_padding=&#8221;|||&#8221; global_colors_info=&#8221;{}&#8221; custom_padding__hover=&#8221;|||&#8221;][et_pb_wc_title _builder_version=&#8221;4.17.4&#8243; global_colors_info=&#8221;{}&#8221;][\/et_pb_wc_title][et_pb_wc_price _builder_version=&#8221;4.16&#8243; global_colors_info=&#8221;{}&#8221;][\/et_pb_wc_price][et_pb_wc_description admin_label=&#8221;Woo Product Description&#8221; _builder_version=&#8221;4.17.4&#8243; global_colors_info=&#8221;{}&#8221;][\/et_pb_wc_description][et_pb_wc_add_to_cart admin_label=&#8221;Woo Product Add To Cart&#8221; _builder_version=&#8221;4.17.4&#8243; global_colors_info=&#8221;{}&#8221;][\/et_pb_wc_add_to_cart][et_pb_wc_add_to_cart admin_label=&#8221;Woo Product Add To Cart&#8221; _builder_version=&#8221;4.16&#8243; global_colors_info=&#8221;{}&#8221;][\/et_pb_wc_add_to_cart][et_pb_wc_meta _builder_version=&#8221;4.16&#8243; global_colors_info=&#8221;{}&#8221;][\/et_pb_wc_meta][\/et_pb_column][\/et_pb_row][et_pb_row _builder_version=&#8221;4.16&#8243; background_size=&#8221;initial&#8221; background_position=&#8221;top_left&#8221; background_repeat=&#8221;repeat&#8221; width=&#8221;100%&#8221; global_colors_info=&#8221;{}&#8221;][et_pb_column type=&#8221;4_4&#8243; _builder_version=&#8221;4.16&#8243; custom_padding=&#8221;|||&#8221; global_colors_info=&#8221;{}&#8221; custom_padding__hover=&#8221;|||&#8221;][et_pb_wc_tabs include_tabs=&#8221;|additional_information|reviews&#8221; admin_label=&#8221;Woo Product Tabs&#8221; _builder_version=&#8221;4.17.4&#8243; min_height=&#8221;351.2px&#8221; global_colors_info=&#8221;{}&#8221;]\t\t\t\t\t[\/et_pb_wc_tabs][dsm_masonry_gallery _builder_version=&#8221;4.24.3&#8243; _module_preset=&#8221;default&#8221; gallery_ids=&#8221;6528,6526,6524,6520,6518,6516,6514,6512,6510,6508,6506,6504,6502,6499,6497&#8243; lazyload=&#8221;on&#8221; use_lightbox=&#8221;on&#8221; hover_enabled=&#8221;0&#8243; sticky_enabled=&#8221;0&#8243;][\/dsm_masonry_gallery][et_pb_wc_upsells admin_label=&#8221;Woo Product Upsell&#8221; _builder_version=&#8221;4.16&#8243; global_colors_info=&#8221;{}&#8221;][\/et_pb_wc_upsells][et_pb_wc_related_products admin_label=&#8221;Woo Related Products&#8221; _builder_version=&#8221;4.17.4&#8243; global_colors_info=&#8221;{}&#8221;][\/et_pb_wc_related_products][\/et_pb_column][\/et_pb_row][\/et_pb_section]<\/p>\n","protected":false},"excerpt":{"rendered":"<p>Nh\u00e0 m\u00e1y <a href=\"https:\/\/www.spartronics.com\/locations\/ho-chi-minh-city-vietnam\">Spartronics<\/a> 2 Vi\u1ec7t Nam tr\u1ef1c thu\u1ed9c t\u1eadp \u0111o\u00e0n Sparton c\u00f3 tr\u1ee5 s\u1edf ch\u00ednh t\u1ea1i Schaumburg, Illinois, Hoa K\u1ef3. <span class=\"\">T\u1ea1i mi\u1ec1n Nam Vi\u1ec7t Nam, Spartronics s\u1ea3n xu\u1ea5t c\u00e1c s\u1ea3n ph\u1ea9m \u0111i\u1ec7n t\u1eed v\u00e0 c\u01a1 \u0111i\u1ec7n ph\u1ee9c t\u1ea1p cho c\u00e1c \u1ee9ng d\u1ee5ng \u0111i\u1ec1u khi\u1ec3n v\u00e0 \u0111o \u0111\u1ea1c v\u00e0 h\u00e0ng kh\u00f4ng v\u0169 tr\u1ee5 th\u01b0\u01a1ng m\u1ea1i cho c\u00e1c m\u00f4i tr\u01b0\u1eddng c\u00f4ng nghi\u1ec7p c\u00f3 chi ph\u00ed cao. Th\u00e1ng 4 n\u0103m 2021, Spartronics Vi\u1ec7t Nam c\u00f9ng Tona Corporation \u0111\u00e3 c\u00f9ng nhau t\u1ed5 ch\u1ee9c bu\u1ed5i l\u1ec5 kh\u1edfi c\u00f4ng \u0111\u1ec3 ti\u1ebfn h\u00e0nh nh\u1eefng b\u01b0\u1edbc \u0111\u1ea7u ti\u00ean cho c\u00f4ng t\u00ecnh nh\u00e0 m\u00e1y c\u00f4ng nghi\u1ec7p hi\u1ec7n \u0111\u1ea1i b\u1eadc nh\u1ea5t n\u00e0y.<\/span><\/p>\n","protected":false},"featured_media":6497,"comment_status":"open","ping_status":"closed","template":"","meta":{"_et_pb_use_builder":"on","_et_pb_old_content":"","_et_gb_content_width":""},"product_cat":[35],"product_tag":[],"class_list":{"0":"post-6325","1":"product","2":"type-product","3":"status-publish","4":"has-post-thumbnail","6":"product_cat-nha-may-cong-nghiep","8":"first","9":"instock","10":"taxable","11":"shipping-taxable","12":"product-type-simple"},"yoast_head":"<!-- This site is optimized with the Yoast SEO plugin v22.9 - https:\/\/yoast.com\/wordpress\/plugins\/seo\/ -->\n<title>V\u0103n Ph\u00f2ng - Nh\u00e0 m\u00e1y Spartronics 2 V\u1ec7t Nam - TONA CORP<\/title>\n<meta name=\"description\" content=\"V\u0103n Ph\u00f2ng Nh\u00e0 m\u00e1y Spartronics 2 Vi\u1ec7t Nam tr\u1ef1c thu\u1ed9c t\u1eadp \u0111o\u00e0n Sparton c\u00f3 tr\u1ee5 s\u1edf ch\u00ednh t\u1ea1i Schaumburg, Illinois, Hoa K\u1ef3. T\u1ea1i mi\u1ec1n Nam Vi\u1ec7t Nam, Spartro...\" \/>\n<meta name=\"robots\" content=\"index, follow, max-snippet:-1, max-image-preview:large, max-video-preview:-1\" \/>\n<link rel=\"canonical\" href=\"https:\/\/tonacorp.com\/project\/van-phong-nha-may-spartronics-viet-nam-2-kcn-nam-tan-uyen-binh-duong\/\" \/>\n<meta property=\"og:locale\" content=\"vi_VN\" \/>\n<meta property=\"og:type\" content=\"article\" \/>\n<meta property=\"og:title\" content=\"V\u0103n Ph\u00f2ng - Nh\u00e0 m\u00e1y Spartronics 2 V\u1ec7t Nam - TONA CORP\" \/>\n<meta property=\"og:description\" content=\"V\u0103n Ph\u00f2ng Nh\u00e0 m\u00e1y Spartronics 2 Vi\u1ec7t Nam tr\u1ef1c thu\u1ed9c t\u1eadp \u0111o\u00e0n Sparton c\u00f3 tr\u1ee5 s\u1edf ch\u00ednh t\u1ea1i Schaumburg, Illinois, Hoa K\u1ef3. T\u1ea1i mi\u1ec1n Nam Vi\u1ec7t Nam, Spartro...\" \/>\n<meta property=\"og:url\" content=\"https:\/\/tonacorp.com\/project\/van-phong-nha-may-spartronics-viet-nam-2-kcn-nam-tan-uyen-binh-duong\/\" \/>\n<meta property=\"og:site_name\" content=\"TONA CORP\" \/>\n<meta property=\"article:modified_time\" content=\"2024-04-12T04:27:05+00:00\" \/>\n<meta property=\"og:image\" content=\"https:\/\/tonacorp.com\/wp-content\/uploads\/2022\/11\/Office-10.jpg\" \/>\n\t<meta property=\"og:image:width\" content=\"1500\" \/>\n\t<meta property=\"og:image:height\" content=\"1000\" \/>\n\t<meta property=\"og:image:type\" content=\"image\/jpeg\" \/>\n<meta name=\"twitter:card\" content=\"summary_large_image\" \/>\n<meta name=\"twitter:label1\" content=\"Est. reading time\" \/>\n\t<meta name=\"twitter:data1\" content=\"2 minutes\" \/>\n<script type=\"application\/ld+json\" class=\"yoast-schema-graph\">{\"@context\":\"https:\/\/schema.org\",\"@graph\":[{\"@type\":\"WebPage\",\"@id\":\"https:\/\/tonacorp.com\/project\/van-phong-nha-may-spartronics-viet-nam-2-kcn-nam-tan-uyen-binh-duong\/\",\"url\":\"https:\/\/tonacorp.com\/project\/van-phong-nha-may-spartronics-viet-nam-2-kcn-nam-tan-uyen-binh-duong\/\",\"name\":\"V\u0103n Ph\u00f2ng - Nh\u00e0 m\u00e1y Spartronics 2 V\u1ec7t Nam - TONA CORP\",\"isPartOf\":{\"@id\":\"https:\/\/tonacorp.com\/#website\"},\"primaryImageOfPage\":{\"@id\":\"https:\/\/tonacorp.com\/project\/van-phong-nha-may-spartronics-viet-nam-2-kcn-nam-tan-uyen-binh-duong\/#primaryimage\"},\"image\":{\"@id\":\"https:\/\/tonacorp.com\/project\/van-phong-nha-may-spartronics-viet-nam-2-kcn-nam-tan-uyen-binh-duong\/#primaryimage\"},\"thumbnailUrl\":\"https:\/\/tonacorp.com\/wp-content\/uploads\/2022\/11\/Office-10.jpg\",\"datePublished\":\"2022-11-02T09:18:45+00:00\",\"dateModified\":\"2024-04-12T04:27:05+00:00\",\"description\":\"V\u0103n Ph\u00f2ng Nh\u00e0 m\u00e1y Spartronics 2 Vi\u1ec7t Nam tr\u1ef1c thu\u1ed9c t\u1eadp \u0111o\u00e0n Sparton c\u00f3 tr\u1ee5 s\u1edf ch\u00ednh t\u1ea1i Schaumburg, Illinois, Hoa K\u1ef3. T\u1ea1i mi\u1ec1n Nam Vi\u1ec7t Nam, Spartro...\",\"breadcrumb\":{\"@id\":\"https:\/\/tonacorp.com\/project\/van-phong-nha-may-spartronics-viet-nam-2-kcn-nam-tan-uyen-binh-duong\/#breadcrumb\"},\"inLanguage\":\"vi-VN\",\"potentialAction\":[{\"@type\":\"ReadAction\",\"target\":[\"https:\/\/tonacorp.com\/project\/van-phong-nha-may-spartronics-viet-nam-2-kcn-nam-tan-uyen-binh-duong\/\"]}]},{\"@type\":\"ImageObject\",\"inLanguage\":\"vi-VN\",\"@id\":\"https:\/\/tonacorp.com\/project\/van-phong-nha-may-spartronics-viet-nam-2-kcn-nam-tan-uyen-binh-duong\/#primaryimage\",\"url\":\"https:\/\/tonacorp.com\/wp-content\/uploads\/2022\/11\/Office-10.jpg\",\"contentUrl\":\"https:\/\/tonacorp.com\/wp-content\/uploads\/2022\/11\/Office-10.jpg\",\"width\":1500,\"height\":1000,\"caption\":\"Office (10)\"},{\"@type\":\"BreadcrumbList\",\"@id\":\"https:\/\/tonacorp.com\/project\/van-phong-nha-may-spartronics-viet-nam-2-kcn-nam-tan-uyen-binh-duong\/#breadcrumb\",\"itemListElement\":[{\"@type\":\"ListItem\",\"position\":1,\"name\":\"Home\",\"item\":\"https:\/\/tonacorp.com\/vi\/\"},{\"@type\":\"ListItem\",\"position\":2,\"name\":\"D\u1ef1 \u00e1n TONA\",\"item\":\"https:\/\/tonacorp.com\/du-an-tona\/\"},{\"@type\":\"ListItem\",\"position\":3,\"name\":\"V\u0103n Ph\u00f2ng &#8211; Nh\u00e0 m\u00e1y Spartronics Vi\u1ec7t Nam 2 \u2013 KCN Nam T\u00e2n Uy\u00ean, B\u00ecnh D\u01b0\u01a1ng\"}]},{\"@type\":\"WebSite\",\"@id\":\"https:\/\/tonacorp.com\/#website\",\"url\":\"https:\/\/tonacorp.com\/\",\"name\":\"TONA CORP\",\"description\":\"Build it right\",\"potentialAction\":[{\"@type\":\"SearchAction\",\"target\":{\"@type\":\"EntryPoint\",\"urlTemplate\":\"https:\/\/tonacorp.com\/?s={search_term_string}\"},\"query-input\":\"required name=search_term_string\"}],\"inLanguage\":\"vi-VN\"}]}<\/script>\n<!-- \/ Yoast SEO plugin. -->","yoast_head_json":{"title":"V\u0103n Ph\u00f2ng - Nh\u00e0 m\u00e1y Spartronics 2 V\u1ec7t Nam - TONA CORP","description":"V\u0103n Ph\u00f2ng Nh\u00e0 m\u00e1y Spartronics 2 Vi\u1ec7t Nam tr\u1ef1c thu\u1ed9c t\u1eadp \u0111o\u00e0n Sparton c\u00f3 tr\u1ee5 s\u1edf ch\u00ednh t\u1ea1i Schaumburg, Illinois, Hoa K\u1ef3. T\u1ea1i mi\u1ec1n Nam Vi\u1ec7t Nam, Spartro...","robots":{"index":"index","follow":"follow","max-snippet":"max-snippet:-1","max-image-preview":"max-image-preview:large","max-video-preview":"max-video-preview:-1"},"canonical":"https:\/\/tonacorp.com\/project\/van-phong-nha-may-spartronics-viet-nam-2-kcn-nam-tan-uyen-binh-duong\/","og_locale":"vi_VN","og_type":"article","og_title":"V\u0103n Ph\u00f2ng - Nh\u00e0 m\u00e1y Spartronics 2 V\u1ec7t Nam - TONA CORP","og_description":"V\u0103n Ph\u00f2ng Nh\u00e0 m\u00e1y Spartronics 2 Vi\u1ec7t Nam tr\u1ef1c thu\u1ed9c t\u1eadp \u0111o\u00e0n Sparton c\u00f3 tr\u1ee5 s\u1edf ch\u00ednh t\u1ea1i Schaumburg, Illinois, Hoa K\u1ef3. T\u1ea1i mi\u1ec1n Nam Vi\u1ec7t Nam, Spartro...","og_url":"https:\/\/tonacorp.com\/project\/van-phong-nha-may-spartronics-viet-nam-2-kcn-nam-tan-uyen-binh-duong\/","og_site_name":"TONA CORP","article_modified_time":"2024-04-12T04:27:05+00:00","og_image":[{"width":1500,"height":1000,"url":"https:\/\/tonacorp.com\/wp-content\/uploads\/2022\/11\/Office-10.jpg","type":"image\/jpeg"}],"twitter_card":"summary_large_image","twitter_misc":{"Est. reading time":"2 minutes"},"schema":{"@context":"https:\/\/schema.org","@graph":[{"@type":"WebPage","@id":"https:\/\/tonacorp.com\/project\/van-phong-nha-may-spartronics-viet-nam-2-kcn-nam-tan-uyen-binh-duong\/","url":"https:\/\/tonacorp.com\/project\/van-phong-nha-may-spartronics-viet-nam-2-kcn-nam-tan-uyen-binh-duong\/","name":"V\u0103n Ph\u00f2ng - Nh\u00e0 m\u00e1y Spartronics 2 V\u1ec7t Nam - TONA CORP","isPartOf":{"@id":"https:\/\/tonacorp.com\/#website"},"primaryImageOfPage":{"@id":"https:\/\/tonacorp.com\/project\/van-phong-nha-may-spartronics-viet-nam-2-kcn-nam-tan-uyen-binh-duong\/#primaryimage"},"image":{"@id":"https:\/\/tonacorp.com\/project\/van-phong-nha-may-spartronics-viet-nam-2-kcn-nam-tan-uyen-binh-duong\/#primaryimage"},"thumbnailUrl":"https:\/\/tonacorp.com\/wp-content\/uploads\/2022\/11\/Office-10.jpg","datePublished":"2022-11-02T09:18:45+00:00","dateModified":"2024-04-12T04:27:05+00:00","description":"V\u0103n Ph\u00f2ng Nh\u00e0 m\u00e1y Spartronics 2 Vi\u1ec7t Nam tr\u1ef1c thu\u1ed9c t\u1eadp \u0111o\u00e0n Sparton c\u00f3 tr\u1ee5 s\u1edf ch\u00ednh t\u1ea1i Schaumburg, Illinois, Hoa K\u1ef3. T\u1ea1i mi\u1ec1n Nam Vi\u1ec7t Nam, Spartro...","breadcrumb":{"@id":"https:\/\/tonacorp.com\/project\/van-phong-nha-may-spartronics-viet-nam-2-kcn-nam-tan-uyen-binh-duong\/#breadcrumb"},"inLanguage":"vi-VN","potentialAction":[{"@type":"ReadAction","target":["https:\/\/tonacorp.com\/project\/van-phong-nha-may-spartronics-viet-nam-2-kcn-nam-tan-uyen-binh-duong\/"]}]},{"@type":"ImageObject","inLanguage":"vi-VN","@id":"https:\/\/tonacorp.com\/project\/van-phong-nha-may-spartronics-viet-nam-2-kcn-nam-tan-uyen-binh-duong\/#primaryimage","url":"https:\/\/tonacorp.com\/wp-content\/uploads\/2022\/11\/Office-10.jpg","contentUrl":"https:\/\/tonacorp.com\/wp-content\/uploads\/2022\/11\/Office-10.jpg","width":1500,"height":1000,"caption":"Office (10)"},{"@type":"BreadcrumbList","@id":"https:\/\/tonacorp.com\/project\/van-phong-nha-may-spartronics-viet-nam-2-kcn-nam-tan-uyen-binh-duong\/#breadcrumb","itemListElement":[{"@type":"ListItem","position":1,"name":"Home","item":"https:\/\/tonacorp.com\/vi\/"},{"@type":"ListItem","position":2,"name":"D\u1ef1 \u00e1n TONA","item":"https:\/\/tonacorp.com\/du-an-tona\/"},{"@type":"ListItem","position":3,"name":"V\u0103n Ph\u00f2ng &#8211; Nh\u00e0 m\u00e1y Spartronics Vi\u1ec7t Nam 2 \u2013 KCN Nam T\u00e2n Uy\u00ean, B\u00ecnh D\u01b0\u01a1ng"}]},{"@type":"WebSite","@id":"https:\/\/tonacorp.com\/#website","url":"https:\/\/tonacorp.com\/","name":"TONA CORP","description":"Build it right","potentialAction":[{"@type":"SearchAction","target":{"@type":"EntryPoint","urlTemplate":"https:\/\/tonacorp.com\/?s={search_term_string}"},"query-input":"required name=search_term_string"}],"inLanguage":"vi-VN"}]}},"_links":{"self":[{"href":"https:\/\/tonacorp.com\/vi\/wp-json\/wp\/v2\/product\/6325","targetHints":{"allow":["GET"]}}],"collection":[{"href":"https:\/\/tonacorp.com\/vi\/wp-json\/wp\/v2\/product"}],"about":[{"href":"https:\/\/tonacorp.com\/vi\/wp-json\/wp\/v2\/types\/product"}],"replies":[{"embeddable":true,"href":"https:\/\/tonacorp.com\/vi\/wp-json\/wp\/v2\/comments?post=6325"}],"wp:featuredmedia":[{"embeddable":true,"href":"https:\/\/tonacorp.com\/vi\/wp-json\/wp\/v2\/media\/6497"}],"wp:attachment":[{"href":"https:\/\/tonacorp.com\/vi\/wp-json\/wp\/v2\/media?parent=6325"}],"wp:term":[{"taxonomy":"product_cat","embeddable":true,"href":"https:\/\/tonacorp.com\/vi\/wp-json\/wp\/v2\/product_cat?post=6325"},{"taxonomy":"product_tag","embeddable":true,"href":"https:\/\/tonacorp.com\/vi\/wp-json\/wp\/v2\/product_tag?post=6325"}],"curies":[{"name":"wp","href":"https:\/\/api.w.org\/{rel}","templated":true}]}}