{"id":7690,"date":"2025-06-20T04:32:59","date_gmt":"2025-06-20T04:32:59","guid":{"rendered":"https:\/\/tonacorp.com\/?post_type=product&#038;p=7690"},"modified":"2025-06-20T04:37:12","modified_gmt":"2025-06-20T04:37:12","slug":"nang-cap-cai-tao-trung-tam-thuong-mai-go-tan-hiep-bien-hoa-dong-nai","status":"publish","type":"product","link":"https:\/\/tonacorp.com\/vi\/project\/nang-cap-cai-tao-trung-tam-thuong-mai-go-tan-hiep-bien-hoa-dong-nai\/","title":{"rendered":"N\u00e2ng c\u1ea5p C\u1ea3i t\u1ea1o Trung t\u00e2m Th\u01b0\u01a1ng m\u1ea1i GO! T\u00e2n Hi\u1ec7p &#8211; Bi\u00ean Ho\u00e0, \u0110\u1ed3ng Nai"},"content":{"rendered":"","protected":false},"excerpt":{"rendered":"<p>GO! T\u00e2n Hi\u1ec7p l\u00e0 m\u1ed9t trong nh\u1eefng d\u1ef1 \u00e1n c\u1ea3i t\u1ea1o tr\u1ecdng \u0111i\u1ec3m n\u1eb1m trong chi\u1ebfn l\u01b0\u1ee3c n\u00e2ng c\u1ea5p h\u1ec7 th\u1ed1ng b\u00e1n l\u1ebb c\u1ee7a Central Retail. V\u1edbi y\u00eau c\u1ea7u kh\u00f4ng l\u00e0m gi\u00e1n \u0111o\u1ea1n ho\u1ea1t \u0111\u1ed9ng kinh doanh, TONA \u0111\u00e3 tri\u1ec3n khai gi\u1ea3i ph\u00e1p thi c\u00f4ng kh\u00f4ng gi\u00e1n \u0111o\u1ea1n (zero-downtime), \u0111\u1ea3m b\u1ea3o trung t\u00e2m v\u1eabn v\u1eadn h\u00e0nh b\u00ecnh th\u01b0\u1eddng trong su\u1ed1t th\u1eddi gian thi c\u00f4ng.<\/p>\n<p>D\u1ef1 \u00e1n bao g\u1ed3m n\u00e2ng c\u1ea5p k\u1ebft c\u1ea5u, c\u1ea3i t\u1ea1o m\u1eb7t d\u1ef1ng, ho\u00e0n thi\u1ec7n n\u1ed9i th\u1ea5t v\u00e0 thay m\u1edbi h\u1ec7 th\u1ed1ng c\u01a1 \u0111i\u1ec7n (MEP), h\u01b0\u1edbng \u0111\u1ebfn m\u1ed9t kh\u00f4ng gian mua s\u1eafm hi\u1ec7n \u0111\u1ea1i, ti\u1ec7n nghi v\u00e0 th\u00e2n thi\u1ec7n h\u01a1n v\u1edbi kh\u00e1ch h\u00e0ng.<\/p>\n","protected":false},"featured_media":7682,"comment_status":"open","ping_status":"closed","template":"","meta":{"_et_pb_use_builder":"off","_et_pb_old_content":"","_et_gb_content_width":""},"product_cat":[37],"product_tag":[],"class_list":{"0":"post-7690","1":"product","2":"type-product","3":"status-publish","4":"has-post-thumbnail","6":"product_cat-toa-nha-chung-cu-tttm","8":"first","9":"instock","10":"taxable","11":"shipping-taxable","12":"product-type-simple"},"yoast_head":"<!-- This site is optimized with the Yoast SEO plugin v22.9 - https:\/\/yoast.com\/wordpress\/plugins\/seo\/ -->\n<title>N\u00e2ng c\u1ea5p C\u1ea3i t\u1ea1o Trung t\u00e2m Th\u01b0\u01a1ng m\u1ea1i GO! T\u00e2n Hi\u1ec7p - Bi\u00ean Ho\u00e0, \u0110\u1ed3ng Nai - TONA CORP<\/title>\n<meta name=\"robots\" content=\"index, follow, max-snippet:-1, max-image-preview:large, max-video-preview:-1\" \/>\n<link rel=\"canonical\" href=\"https:\/\/tonacorp.com\/vi\/project\/nang-cap-cai-tao-trung-tam-thuong-mai-go-tan-hiep-bien-hoa-dong-nai\/\" \/>\n<meta property=\"og:locale\" content=\"vi_VN\" \/>\n<meta property=\"og:type\" content=\"article\" \/>\n<meta property=\"og:title\" content=\"N\u00e2ng c\u1ea5p C\u1ea3i t\u1ea1o Trung t\u00e2m Th\u01b0\u01a1ng m\u1ea1i GO! T\u00e2n Hi\u1ec7p - Bi\u00ean Ho\u00e0, \u0110\u1ed3ng Nai - TONA CORP\" \/>\n<meta property=\"og:description\" content=\"GO! T\u00e2n Hi\u1ec7p l\u00e0 m\u1ed9t trong nh\u1eefng d\u1ef1 \u00e1n c\u1ea3i t\u1ea1o tr\u1ecdng \u0111i\u1ec3m n\u1eb1m trong chi\u1ebfn l\u01b0\u1ee3c n\u00e2ng c\u1ea5p h\u1ec7 th\u1ed1ng b\u00e1n l\u1ebb c\u1ee7a Central Retail. V\u1edbi y\u00eau c\u1ea7u kh\u00f4ng l\u00e0m gi\u00e1n \u0111o\u1ea1n ho\u1ea1t \u0111\u1ed9ng kinh doanh, TONA \u0111\u00e3 tri\u1ec3n khai gi\u1ea3i ph\u00e1p thi c\u00f4ng kh\u00f4ng gi\u00e1n \u0111o\u1ea1n (zero-downtime), \u0111\u1ea3m b\u1ea3o trung t\u00e2m v\u1eabn v\u1eadn h\u00e0nh b\u00ecnh th\u01b0\u1eddng trong su\u1ed1t th\u1eddi gian thi c\u00f4ng.  D\u1ef1 \u00e1n bao g\u1ed3m n\u00e2ng c\u1ea5p k\u1ebft c\u1ea5u, c\u1ea3i t\u1ea1o m\u1eb7t d\u1ef1ng, ho\u00e0n thi\u1ec7n n\u1ed9i th\u1ea5t v\u00e0 thay m\u1edbi h\u1ec7 th\u1ed1ng c\u01a1 \u0111i\u1ec7n (MEP), h\u01b0\u1edbng \u0111\u1ebfn m\u1ed9t kh\u00f4ng gian mua s\u1eafm hi\u1ec7n \u0111\u1ea1i, ti\u1ec7n nghi v\u00e0 th\u00e2n thi\u1ec7n h\u01a1n v\u1edbi kh\u00e1ch h\u00e0ng.\" \/>\n<meta property=\"og:url\" content=\"https:\/\/tonacorp.com\/vi\/project\/nang-cap-cai-tao-trung-tam-thuong-mai-go-tan-hiep-bien-hoa-dong-nai\/\" \/>\n<meta property=\"og:site_name\" content=\"TONA CORP\" \/>\n<meta property=\"article:modified_time\" content=\"2025-06-20T04:37:12+00:00\" \/>\n<meta property=\"og:image\" content=\"https:\/\/tonacorp.com\/wp-content\/uploads\/2025\/06\/1-e1753864490428.jpg\" \/>\n\t<meta property=\"og:image:width\" content=\"2000\" \/>\n\t<meta property=\"og:image:height\" content=\"1266\" \/>\n\t<meta property=\"og:image:type\" content=\"image\/jpeg\" \/>\n<meta name=\"twitter:card\" content=\"summary_large_image\" \/>\n<meta name=\"twitter:label1\" content=\"Est. reading time\" \/>\n\t<meta name=\"twitter:data1\" content=\"1 minute\" \/>\n<script type=\"application\/ld+json\" class=\"yoast-schema-graph\">{\"@context\":\"https:\/\/schema.org\",\"@graph\":[{\"@type\":\"WebPage\",\"@id\":\"https:\/\/tonacorp.com\/vi\/project\/nang-cap-cai-tao-trung-tam-thuong-mai-go-tan-hiep-bien-hoa-dong-nai\/\",\"url\":\"https:\/\/tonacorp.com\/vi\/project\/nang-cap-cai-tao-trung-tam-thuong-mai-go-tan-hiep-bien-hoa-dong-nai\/\",\"name\":\"N\u00e2ng c\u1ea5p C\u1ea3i t\u1ea1o Trung t\u00e2m Th\u01b0\u01a1ng m\u1ea1i GO! T\u00e2n Hi\u1ec7p - Bi\u00ean Ho\u00e0, \u0110\u1ed3ng Nai - TONA CORP\",\"isPartOf\":{\"@id\":\"https:\/\/tonacorp.com\/#website\"},\"primaryImageOfPage\":{\"@id\":\"https:\/\/tonacorp.com\/vi\/project\/nang-cap-cai-tao-trung-tam-thuong-mai-go-tan-hiep-bien-hoa-dong-nai\/#primaryimage\"},\"image\":{\"@id\":\"https:\/\/tonacorp.com\/vi\/project\/nang-cap-cai-tao-trung-tam-thuong-mai-go-tan-hiep-bien-hoa-dong-nai\/#primaryimage\"},\"thumbnailUrl\":\"https:\/\/tonacorp.com\/wp-content\/uploads\/2025\/06\/1-e1753864490428.jpg\",\"datePublished\":\"2025-06-20T04:32:59+00:00\",\"dateModified\":\"2025-06-20T04:37:12+00:00\",\"breadcrumb\":{\"@id\":\"https:\/\/tonacorp.com\/vi\/project\/nang-cap-cai-tao-trung-tam-thuong-mai-go-tan-hiep-bien-hoa-dong-nai\/#breadcrumb\"},\"inLanguage\":\"vi-VN\",\"potentialAction\":[{\"@type\":\"ReadAction\",\"target\":[\"https:\/\/tonacorp.com\/vi\/project\/nang-cap-cai-tao-trung-tam-thuong-mai-go-tan-hiep-bien-hoa-dong-nai\/\"]}]},{\"@type\":\"ImageObject\",\"inLanguage\":\"vi-VN\",\"@id\":\"https:\/\/tonacorp.com\/vi\/project\/nang-cap-cai-tao-trung-tam-thuong-mai-go-tan-hiep-bien-hoa-dong-nai\/#primaryimage\",\"url\":\"https:\/\/tonacorp.com\/wp-content\/uploads\/2025\/06\/1-e1753864490428.jpg\",\"contentUrl\":\"https:\/\/tonacorp.com\/wp-content\/uploads\/2025\/06\/1-e1753864490428.jpg\",\"width\":2000,\"height\":1266},{\"@type\":\"BreadcrumbList\",\"@id\":\"https:\/\/tonacorp.com\/vi\/project\/nang-cap-cai-tao-trung-tam-thuong-mai-go-tan-hiep-bien-hoa-dong-nai\/#breadcrumb\",\"itemListElement\":[{\"@type\":\"ListItem\",\"position\":1,\"name\":\"Home\",\"item\":\"https:\/\/tonacorp.com\/vi\/\"},{\"@type\":\"ListItem\",\"position\":2,\"name\":\"D\u1ef1 \u00e1n TONA\",\"item\":\"https:\/\/tonacorp.com\/du-an-tona\/\"},{\"@type\":\"ListItem\",\"position\":3,\"name\":\"N\u00e2ng c\u1ea5p C\u1ea3i t\u1ea1o Trung t\u00e2m Th\u01b0\u01a1ng m\u1ea1i GO! T\u00e2n Hi\u1ec7p &#8211; Bi\u00ean Ho\u00e0, \u0110\u1ed3ng Nai\"}]},{\"@type\":\"WebSite\",\"@id\":\"https:\/\/tonacorp.com\/#website\",\"url\":\"https:\/\/tonacorp.com\/\",\"name\":\"TONA CORP\",\"description\":\"Build it right\",\"potentialAction\":[{\"@type\":\"SearchAction\",\"target\":{\"@type\":\"EntryPoint\",\"urlTemplate\":\"https:\/\/tonacorp.com\/?s={search_term_string}\"},\"query-input\":\"required name=search_term_string\"}],\"inLanguage\":\"vi-VN\"}]}<\/script>\n<!-- \/ Yoast SEO plugin. -->","yoast_head_json":{"title":"N\u00e2ng c\u1ea5p C\u1ea3i t\u1ea1o Trung t\u00e2m Th\u01b0\u01a1ng m\u1ea1i GO! T\u00e2n Hi\u1ec7p - Bi\u00ean Ho\u00e0, \u0110\u1ed3ng Nai - TONA CORP","robots":{"index":"index","follow":"follow","max-snippet":"max-snippet:-1","max-image-preview":"max-image-preview:large","max-video-preview":"max-video-preview:-1"},"canonical":"https:\/\/tonacorp.com\/vi\/project\/nang-cap-cai-tao-trung-tam-thuong-mai-go-tan-hiep-bien-hoa-dong-nai\/","og_locale":"vi_VN","og_type":"article","og_title":"N\u00e2ng c\u1ea5p C\u1ea3i t\u1ea1o Trung t\u00e2m Th\u01b0\u01a1ng m\u1ea1i GO! T\u00e2n Hi\u1ec7p - Bi\u00ean Ho\u00e0, \u0110\u1ed3ng Nai - TONA CORP","og_description":"GO! T\u00e2n Hi\u1ec7p l\u00e0 m\u1ed9t trong nh\u1eefng d\u1ef1 \u00e1n c\u1ea3i t\u1ea1o tr\u1ecdng \u0111i\u1ec3m n\u1eb1m trong chi\u1ebfn l\u01b0\u1ee3c n\u00e2ng c\u1ea5p h\u1ec7 th\u1ed1ng b\u00e1n l\u1ebb c\u1ee7a Central Retail. V\u1edbi y\u00eau c\u1ea7u kh\u00f4ng l\u00e0m gi\u00e1n \u0111o\u1ea1n ho\u1ea1t \u0111\u1ed9ng kinh doanh, TONA \u0111\u00e3 tri\u1ec3n khai gi\u1ea3i ph\u00e1p thi c\u00f4ng kh\u00f4ng gi\u00e1n \u0111o\u1ea1n (zero-downtime), \u0111\u1ea3m b\u1ea3o trung t\u00e2m v\u1eabn v\u1eadn h\u00e0nh b\u00ecnh th\u01b0\u1eddng trong su\u1ed1t th\u1eddi gian thi c\u00f4ng.  D\u1ef1 \u00e1n bao g\u1ed3m n\u00e2ng c\u1ea5p k\u1ebft c\u1ea5u, c\u1ea3i t\u1ea1o m\u1eb7t d\u1ef1ng, ho\u00e0n thi\u1ec7n n\u1ed9i th\u1ea5t v\u00e0 thay m\u1edbi h\u1ec7 th\u1ed1ng c\u01a1 \u0111i\u1ec7n (MEP), h\u01b0\u1edbng \u0111\u1ebfn m\u1ed9t kh\u00f4ng gian mua s\u1eafm hi\u1ec7n \u0111\u1ea1i, ti\u1ec7n nghi v\u00e0 th\u00e2n thi\u1ec7n h\u01a1n v\u1edbi kh\u00e1ch h\u00e0ng.","og_url":"https:\/\/tonacorp.com\/vi\/project\/nang-cap-cai-tao-trung-tam-thuong-mai-go-tan-hiep-bien-hoa-dong-nai\/","og_site_name":"TONA CORP","article_modified_time":"2025-06-20T04:37:12+00:00","og_image":[{"width":2000,"height":1266,"url":"https:\/\/tonacorp.com\/wp-content\/uploads\/2025\/06\/1-e1753864490428.jpg","type":"image\/jpeg"}],"twitter_card":"summary_large_image","twitter_misc":{"Est. reading time":"1 minute"},"schema":{"@context":"https:\/\/schema.org","@graph":[{"@type":"WebPage","@id":"https:\/\/tonacorp.com\/vi\/project\/nang-cap-cai-tao-trung-tam-thuong-mai-go-tan-hiep-bien-hoa-dong-nai\/","url":"https:\/\/tonacorp.com\/vi\/project\/nang-cap-cai-tao-trung-tam-thuong-mai-go-tan-hiep-bien-hoa-dong-nai\/","name":"N\u00e2ng c\u1ea5p C\u1ea3i t\u1ea1o Trung t\u00e2m Th\u01b0\u01a1ng m\u1ea1i GO! T\u00e2n Hi\u1ec7p - Bi\u00ean Ho\u00e0, \u0110\u1ed3ng Nai - TONA CORP","isPartOf":{"@id":"https:\/\/tonacorp.com\/#website"},"primaryImageOfPage":{"@id":"https:\/\/tonacorp.com\/vi\/project\/nang-cap-cai-tao-trung-tam-thuong-mai-go-tan-hiep-bien-hoa-dong-nai\/#primaryimage"},"image":{"@id":"https:\/\/tonacorp.com\/vi\/project\/nang-cap-cai-tao-trung-tam-thuong-mai-go-tan-hiep-bien-hoa-dong-nai\/#primaryimage"},"thumbnailUrl":"https:\/\/tonacorp.com\/wp-content\/uploads\/2025\/06\/1-e1753864490428.jpg","datePublished":"2025-06-20T04:32:59+00:00","dateModified":"2025-06-20T04:37:12+00:00","breadcrumb":{"@id":"https:\/\/tonacorp.com\/vi\/project\/nang-cap-cai-tao-trung-tam-thuong-mai-go-tan-hiep-bien-hoa-dong-nai\/#breadcrumb"},"inLanguage":"vi-VN","potentialAction":[{"@type":"ReadAction","target":["https:\/\/tonacorp.com\/vi\/project\/nang-cap-cai-tao-trung-tam-thuong-mai-go-tan-hiep-bien-hoa-dong-nai\/"]}]},{"@type":"ImageObject","inLanguage":"vi-VN","@id":"https:\/\/tonacorp.com\/vi\/project\/nang-cap-cai-tao-trung-tam-thuong-mai-go-tan-hiep-bien-hoa-dong-nai\/#primaryimage","url":"https:\/\/tonacorp.com\/wp-content\/uploads\/2025\/06\/1-e1753864490428.jpg","contentUrl":"https:\/\/tonacorp.com\/wp-content\/uploads\/2025\/06\/1-e1753864490428.jpg","width":2000,"height":1266},{"@type":"BreadcrumbList","@id":"https:\/\/tonacorp.com\/vi\/project\/nang-cap-cai-tao-trung-tam-thuong-mai-go-tan-hiep-bien-hoa-dong-nai\/#breadcrumb","itemListElement":[{"@type":"ListItem","position":1,"name":"Home","item":"https:\/\/tonacorp.com\/vi\/"},{"@type":"ListItem","position":2,"name":"D\u1ef1 \u00e1n TONA","item":"https:\/\/tonacorp.com\/du-an-tona\/"},{"@type":"ListItem","position":3,"name":"N\u00e2ng c\u1ea5p C\u1ea3i t\u1ea1o Trung t\u00e2m Th\u01b0\u01a1ng m\u1ea1i GO! T\u00e2n Hi\u1ec7p &#8211; Bi\u00ean Ho\u00e0, \u0110\u1ed3ng Nai"}]},{"@type":"WebSite","@id":"https:\/\/tonacorp.com\/#website","url":"https:\/\/tonacorp.com\/","name":"TONA CORP","description":"Build it right","potentialAction":[{"@type":"SearchAction","target":{"@type":"EntryPoint","urlTemplate":"https:\/\/tonacorp.com\/?s={search_term_string}"},"query-input":"required name=search_term_string"}],"inLanguage":"vi-VN"}]}},"_links":{"self":[{"href":"https:\/\/tonacorp.com\/vi\/wp-json\/wp\/v2\/product\/7690","targetHints":{"allow":["GET"]}}],"collection":[{"href":"https:\/\/tonacorp.com\/vi\/wp-json\/wp\/v2\/product"}],"about":[{"href":"https:\/\/tonacorp.com\/vi\/wp-json\/wp\/v2\/types\/product"}],"replies":[{"embeddable":true,"href":"https:\/\/tonacorp.com\/vi\/wp-json\/wp\/v2\/comments?post=7690"}],"wp:featuredmedia":[{"embeddable":true,"href":"https:\/\/tonacorp.com\/vi\/wp-json\/wp\/v2\/media\/7682"}],"wp:attachment":[{"href":"https:\/\/tonacorp.com\/vi\/wp-json\/wp\/v2\/media?parent=7690"}],"wp:term":[{"taxonomy":"product_cat","embeddable":true,"href":"https:\/\/tonacorp.com\/vi\/wp-json\/wp\/v2\/product_cat?post=7690"},{"taxonomy":"product_tag","embeddable":true,"href":"https:\/\/tonacorp.com\/vi\/wp-json\/wp\/v2\/product_tag?post=7690"}],"curies":[{"name":"wp","href":"https:\/\/api.w.org\/{rel}","templated":true}]}}