{"id":7798,"date":"2025-10-23T07:55:08","date_gmt":"2025-10-23T07:55:08","guid":{"rendered":"https:\/\/tonacorp.com\/?post_type=product&#038;p=7798"},"modified":"2025-10-23T08:18:34","modified_gmt":"2025-10-23T08:18:34","slug":"nang-cap-cai-tao-trung-tam-thuong-mai-go-dong-nai-bien-hoa-dong-nai","status":"publish","type":"product","link":"https:\/\/tonacorp.com\/vi\/project\/nang-cap-cai-tao-trung-tam-thuong-mai-go-dong-nai-bien-hoa-dong-nai\/","title":{"rendered":"N\u00e2ng c\u1ea5p C\u1ea3i t\u1ea1o Trung t\u00e2m Th\u01b0\u01a1ng m\u1ea1i GO! \u0110\u1ed3ng Nai &#8211; Bi\u00ean Ho\u00e0, \u0110\u1ed3ng Nai"},"content":{"rendered":"","protected":false},"excerpt":{"rendered":"<p data-start=\"55\" data-end=\"237\">GO! \u0110\u1ed3ng Nai l\u00e0 m\u1ed9t trong nh\u1eefng d\u1ef1 \u00e1n c\u1ea3i t\u1ea1o si\u00eau th\u1ecb tr\u1ecdng \u0111i\u1ec3m c\u1ee7a Central Retail, v\u1edbi m\u1ee5c ti\u00eau n\u00e2ng cao ch\u1ea5t l\u01b0\u1ee3ng kh\u00f4ng gian v\u00e0 t\u1ed1i \u01b0u h\u00f3a tr\u1ea3i nghi\u1ec7m t\u1ed5ng th\u1ec3 c\u1ee7a kh\u00e1ch h\u00e0ng.<\/p>\n<p data-start=\"239\" data-end=\"514\">V\u1edbi vai tr\u00f2 <strong data-start=\"251\" data-end=\"301\">T\u1ed5ng th\u1ea7u Thi\u1ebft k\u1ebf &amp; Thi c\u00f4ng (Design &amp; Build)<\/strong>, <strong data-start=\"303\" data-end=\"311\">TONA<\/strong> \u0111\u00e3 th\u1ef1c hi\u1ec7n to\u00e0n b\u1ed9 c\u00e1c h\u1ea1ng m\u1ee5c c\u00f4ng tr\u00ecnh trong khi trung t\u00e2m v\u1eabn duy tr\u00ec ho\u1ea1t \u0111\u1ed9ng b\u00ecnh th\u01b0\u1eddng. Ph\u01b0\u01a1ng \u00e1n thi c\u00f4ng \u201c<strong data-start=\"432\" data-end=\"449\">zero downtime<\/strong>\u201d \u0111\u01b0\u1ee3c \u00e1p d\u1ee5ng, \u0111\u1ea3m b\u1ea3o ti\u1ebfn \u0111\u1ed9 linh ho\u1ea1t, an to\u00e0n v\u00e0 hi\u1ec7u qu\u1ea3.<\/p>\n<p data-start=\"516\" data-end=\"693\" data-is-last-node=\"\" data-is-only-node=\"\">Ph\u1ea1m vi c\u1ea3i t\u1ea1o bao g\u1ed3m n\u00e2ng c\u1ea5p k\u1ebft c\u1ea5u, c\u1ea3i t\u1ea1o m\u1eb7t d\u1ef1ng, hi\u1ec7n \u0111\u1ea1i h\u00f3a h\u1ec7 th\u1ed1ng MEP v\u00e0 ho\u00e0n thi\u1ec7n n\u1ed9i th\u1ea5t \u2014 t\u1ea5t c\u1ea3 \u0111\u1ec1u tu\u00e2n theo c\u00e1c ti\u00eau chu\u1ea9n b\u00e1n l\u1ebb m\u1edbi c\u1ee7a Central Retail.<\/p>\n","protected":false},"featured_media":7702,"comment_status":"open","ping_status":"closed","template":"","meta":{"_et_pb_use_builder":"off","_et_pb_old_content":"","_et_gb_content_width":""},"product_cat":[37],"product_tag":[],"class_list":{"0":"post-7798","1":"product","2":"type-product","3":"status-publish","4":"has-post-thumbnail","6":"product_cat-toa-nha-chung-cu-tttm","8":"first","9":"instock","10":"taxable","11":"shipping-taxable","12":"product-type-simple"},"yoast_head":"<!-- This site is optimized with the Yoast SEO plugin v22.9 - https:\/\/yoast.com\/wordpress\/plugins\/seo\/ -->\n<title>N\u00e2ng c\u1ea5p C\u1ea3i t\u1ea1o Trung t\u00e2m Th\u01b0\u01a1ng m\u1ea1i GO! \u0110\u1ed3ng Nai - Bi\u00ean Ho\u00e0, \u0110\u1ed3ng Nai - TONA CORP<\/title>\n<meta name=\"robots\" content=\"index, follow, max-snippet:-1, max-image-preview:large, max-video-preview:-1\" \/>\n<link rel=\"canonical\" href=\"https:\/\/tonacorp.com\/vi\/project\/nang-cap-cai-tao-trung-tam-thuong-mai-go-dong-nai-bien-hoa-dong-nai\/\" \/>\n<meta property=\"og:locale\" content=\"vi_VN\" \/>\n<meta property=\"og:type\" content=\"article\" \/>\n<meta property=\"og:title\" content=\"N\u00e2ng c\u1ea5p C\u1ea3i t\u1ea1o Trung t\u00e2m Th\u01b0\u01a1ng m\u1ea1i GO! \u0110\u1ed3ng Nai - Bi\u00ean Ho\u00e0, \u0110\u1ed3ng Nai - TONA CORP\" \/>\n<meta property=\"og:description\" content=\"GO! \u0110\u1ed3ng Nai l\u00e0 m\u1ed9t trong nh\u1eefng d\u1ef1 \u00e1n c\u1ea3i t\u1ea1o si\u00eau th\u1ecb tr\u1ecdng \u0111i\u1ec3m c\u1ee7a Central Retail, v\u1edbi m\u1ee5c ti\u00eau n\u00e2ng cao ch\u1ea5t l\u01b0\u1ee3ng kh\u00f4ng gian v\u00e0 t\u1ed1i \u01b0u h\u00f3a tr\u1ea3i nghi\u1ec7m t\u1ed5ng th\u1ec3 c\u1ee7a kh\u00e1ch h\u00e0ng. V\u1edbi vai tr\u00f2 T\u1ed5ng th\u1ea7u Thi\u1ebft k\u1ebf &amp; Thi c\u00f4ng (Design &amp; Build), TONA \u0111\u00e3 th\u1ef1c hi\u1ec7n to\u00e0n b\u1ed9 c\u00e1c h\u1ea1ng m\u1ee5c c\u00f4ng tr\u00ecnh trong khi trung t\u00e2m v\u1eabn duy tr\u00ec ho\u1ea1t \u0111\u1ed9ng b\u00ecnh th\u01b0\u1eddng. Ph\u01b0\u01a1ng \u00e1n thi c\u00f4ng \u201czero downtime\u201d \u0111\u01b0\u1ee3c \u00e1p d\u1ee5ng, \u0111\u1ea3m b\u1ea3o ti\u1ebfn \u0111\u1ed9 linh ho\u1ea1t, an to\u00e0n v\u00e0 hi\u1ec7u qu\u1ea3. Ph\u1ea1m vi c\u1ea3i t\u1ea1o bao g\u1ed3m n\u00e2ng c\u1ea5p k\u1ebft c\u1ea5u, c\u1ea3i t\u1ea1o m\u1eb7t d\u1ef1ng, hi\u1ec7n \u0111\u1ea1i h\u00f3a h\u1ec7 th\u1ed1ng MEP v\u00e0 ho\u00e0n thi\u1ec7n n\u1ed9i th\u1ea5t \u2014 t\u1ea5t c\u1ea3 \u0111\u1ec1u tu\u00e2n theo c\u00e1c ti\u00eau chu\u1ea9n b\u00e1n l\u1ebb m\u1edbi c\u1ee7a Central Retail.\" \/>\n<meta property=\"og:url\" content=\"https:\/\/tonacorp.com\/vi\/project\/nang-cap-cai-tao-trung-tam-thuong-mai-go-dong-nai-bien-hoa-dong-nai\/\" \/>\n<meta property=\"og:site_name\" content=\"TONA CORP\" \/>\n<meta property=\"article:modified_time\" content=\"2025-10-23T08:18:34+00:00\" \/>\n<meta property=\"og:image\" content=\"https:\/\/tonacorp.com\/wp-content\/uploads\/2025\/06\/img4-scaled-e1761207497732.jpg\" \/>\n\t<meta property=\"og:image:width\" content=\"1796\" \/>\n\t<meta property=\"og:image:height\" content=\"1197\" \/>\n\t<meta property=\"og:image:type\" content=\"image\/jpeg\" \/>\n<meta name=\"twitter:card\" content=\"summary_large_image\" \/>\n<meta name=\"twitter:label1\" content=\"Est. reading time\" \/>\n\t<meta name=\"twitter:data1\" content=\"1 minute\" \/>\n<script type=\"application\/ld+json\" class=\"yoast-schema-graph\">{\"@context\":\"https:\/\/schema.org\",\"@graph\":[{\"@type\":\"WebPage\",\"@id\":\"https:\/\/tonacorp.com\/vi\/project\/nang-cap-cai-tao-trung-tam-thuong-mai-go-dong-nai-bien-hoa-dong-nai\/\",\"url\":\"https:\/\/tonacorp.com\/vi\/project\/nang-cap-cai-tao-trung-tam-thuong-mai-go-dong-nai-bien-hoa-dong-nai\/\",\"name\":\"N\u00e2ng c\u1ea5p C\u1ea3i t\u1ea1o Trung t\u00e2m Th\u01b0\u01a1ng m\u1ea1i GO! \u0110\u1ed3ng Nai - Bi\u00ean Ho\u00e0, \u0110\u1ed3ng Nai - TONA CORP\",\"isPartOf\":{\"@id\":\"https:\/\/tonacorp.com\/#website\"},\"primaryImageOfPage\":{\"@id\":\"https:\/\/tonacorp.com\/vi\/project\/nang-cap-cai-tao-trung-tam-thuong-mai-go-dong-nai-bien-hoa-dong-nai\/#primaryimage\"},\"image\":{\"@id\":\"https:\/\/tonacorp.com\/vi\/project\/nang-cap-cai-tao-trung-tam-thuong-mai-go-dong-nai-bien-hoa-dong-nai\/#primaryimage\"},\"thumbnailUrl\":\"https:\/\/tonacorp.com\/wp-content\/uploads\/2025\/06\/img4-scaled-e1761207497732.jpg\",\"datePublished\":\"2025-10-23T07:55:08+00:00\",\"dateModified\":\"2025-10-23T08:18:34+00:00\",\"breadcrumb\":{\"@id\":\"https:\/\/tonacorp.com\/vi\/project\/nang-cap-cai-tao-trung-tam-thuong-mai-go-dong-nai-bien-hoa-dong-nai\/#breadcrumb\"},\"inLanguage\":\"vi-VN\",\"potentialAction\":[{\"@type\":\"ReadAction\",\"target\":[\"https:\/\/tonacorp.com\/vi\/project\/nang-cap-cai-tao-trung-tam-thuong-mai-go-dong-nai-bien-hoa-dong-nai\/\"]}]},{\"@type\":\"ImageObject\",\"inLanguage\":\"vi-VN\",\"@id\":\"https:\/\/tonacorp.com\/vi\/project\/nang-cap-cai-tao-trung-tam-thuong-mai-go-dong-nai-bien-hoa-dong-nai\/#primaryimage\",\"url\":\"https:\/\/tonacorp.com\/wp-content\/uploads\/2025\/06\/img4-scaled-e1761207497732.jpg\",\"contentUrl\":\"https:\/\/tonacorp.com\/wp-content\/uploads\/2025\/06\/img4-scaled-e1761207497732.jpg\",\"width\":1796,\"height\":1197},{\"@type\":\"BreadcrumbList\",\"@id\":\"https:\/\/tonacorp.com\/vi\/project\/nang-cap-cai-tao-trung-tam-thuong-mai-go-dong-nai-bien-hoa-dong-nai\/#breadcrumb\",\"itemListElement\":[{\"@type\":\"ListItem\",\"position\":1,\"name\":\"Home\",\"item\":\"https:\/\/tonacorp.com\/vi\/\"},{\"@type\":\"ListItem\",\"position\":2,\"name\":\"D\u1ef1 \u00e1n TONA\",\"item\":\"https:\/\/tonacorp.com\/du-an-tona\/\"},{\"@type\":\"ListItem\",\"position\":3,\"name\":\"N\u00e2ng c\u1ea5p C\u1ea3i t\u1ea1o Trung t\u00e2m Th\u01b0\u01a1ng m\u1ea1i GO! \u0110\u1ed3ng Nai &#8211; Bi\u00ean Ho\u00e0, \u0110\u1ed3ng Nai\"}]},{\"@type\":\"WebSite\",\"@id\":\"https:\/\/tonacorp.com\/#website\",\"url\":\"https:\/\/tonacorp.com\/\",\"name\":\"TONA CORP\",\"description\":\"Build it right\",\"potentialAction\":[{\"@type\":\"SearchAction\",\"target\":{\"@type\":\"EntryPoint\",\"urlTemplate\":\"https:\/\/tonacorp.com\/?s={search_term_string}\"},\"query-input\":\"required name=search_term_string\"}],\"inLanguage\":\"vi-VN\"}]}<\/script>\n<!-- \/ Yoast SEO plugin. -->","yoast_head_json":{"title":"N\u00e2ng c\u1ea5p C\u1ea3i t\u1ea1o Trung t\u00e2m Th\u01b0\u01a1ng m\u1ea1i GO! \u0110\u1ed3ng Nai - Bi\u00ean Ho\u00e0, \u0110\u1ed3ng Nai - TONA CORP","robots":{"index":"index","follow":"follow","max-snippet":"max-snippet:-1","max-image-preview":"max-image-preview:large","max-video-preview":"max-video-preview:-1"},"canonical":"https:\/\/tonacorp.com\/vi\/project\/nang-cap-cai-tao-trung-tam-thuong-mai-go-dong-nai-bien-hoa-dong-nai\/","og_locale":"vi_VN","og_type":"article","og_title":"N\u00e2ng c\u1ea5p C\u1ea3i t\u1ea1o Trung t\u00e2m Th\u01b0\u01a1ng m\u1ea1i GO! \u0110\u1ed3ng Nai - Bi\u00ean Ho\u00e0, \u0110\u1ed3ng Nai - TONA CORP","og_description":"GO! \u0110\u1ed3ng Nai l\u00e0 m\u1ed9t trong nh\u1eefng d\u1ef1 \u00e1n c\u1ea3i t\u1ea1o si\u00eau th\u1ecb tr\u1ecdng \u0111i\u1ec3m c\u1ee7a Central Retail, v\u1edbi m\u1ee5c ti\u00eau n\u00e2ng cao ch\u1ea5t l\u01b0\u1ee3ng kh\u00f4ng gian v\u00e0 t\u1ed1i \u01b0u h\u00f3a tr\u1ea3i nghi\u1ec7m t\u1ed5ng th\u1ec3 c\u1ee7a kh\u00e1ch h\u00e0ng. V\u1edbi vai tr\u00f2 T\u1ed5ng th\u1ea7u Thi\u1ebft k\u1ebf &amp; Thi c\u00f4ng (Design &amp; Build), TONA \u0111\u00e3 th\u1ef1c hi\u1ec7n to\u00e0n b\u1ed9 c\u00e1c h\u1ea1ng m\u1ee5c c\u00f4ng tr\u00ecnh trong khi trung t\u00e2m v\u1eabn duy tr\u00ec ho\u1ea1t \u0111\u1ed9ng b\u00ecnh th\u01b0\u1eddng. Ph\u01b0\u01a1ng \u00e1n thi c\u00f4ng \u201czero downtime\u201d \u0111\u01b0\u1ee3c \u00e1p d\u1ee5ng, \u0111\u1ea3m b\u1ea3o ti\u1ebfn \u0111\u1ed9 linh ho\u1ea1t, an to\u00e0n v\u00e0 hi\u1ec7u qu\u1ea3. Ph\u1ea1m vi c\u1ea3i t\u1ea1o bao g\u1ed3m n\u00e2ng c\u1ea5p k\u1ebft c\u1ea5u, c\u1ea3i t\u1ea1o m\u1eb7t d\u1ef1ng, hi\u1ec7n \u0111\u1ea1i h\u00f3a h\u1ec7 th\u1ed1ng MEP v\u00e0 ho\u00e0n thi\u1ec7n n\u1ed9i th\u1ea5t \u2014 t\u1ea5t c\u1ea3 \u0111\u1ec1u tu\u00e2n theo c\u00e1c ti\u00eau chu\u1ea9n b\u00e1n l\u1ebb m\u1edbi c\u1ee7a Central Retail.","og_url":"https:\/\/tonacorp.com\/vi\/project\/nang-cap-cai-tao-trung-tam-thuong-mai-go-dong-nai-bien-hoa-dong-nai\/","og_site_name":"TONA CORP","article_modified_time":"2025-10-23T08:18:34+00:00","og_image":[{"width":1796,"height":1197,"url":"https:\/\/tonacorp.com\/wp-content\/uploads\/2025\/06\/img4-scaled-e1761207497732.jpg","type":"image\/jpeg"}],"twitter_card":"summary_large_image","twitter_misc":{"Est. reading time":"1 minute"},"schema":{"@context":"https:\/\/schema.org","@graph":[{"@type":"WebPage","@id":"https:\/\/tonacorp.com\/vi\/project\/nang-cap-cai-tao-trung-tam-thuong-mai-go-dong-nai-bien-hoa-dong-nai\/","url":"https:\/\/tonacorp.com\/vi\/project\/nang-cap-cai-tao-trung-tam-thuong-mai-go-dong-nai-bien-hoa-dong-nai\/","name":"N\u00e2ng c\u1ea5p C\u1ea3i t\u1ea1o Trung t\u00e2m Th\u01b0\u01a1ng m\u1ea1i GO! \u0110\u1ed3ng Nai - Bi\u00ean Ho\u00e0, \u0110\u1ed3ng Nai - TONA CORP","isPartOf":{"@id":"https:\/\/tonacorp.com\/#website"},"primaryImageOfPage":{"@id":"https:\/\/tonacorp.com\/vi\/project\/nang-cap-cai-tao-trung-tam-thuong-mai-go-dong-nai-bien-hoa-dong-nai\/#primaryimage"},"image":{"@id":"https:\/\/tonacorp.com\/vi\/project\/nang-cap-cai-tao-trung-tam-thuong-mai-go-dong-nai-bien-hoa-dong-nai\/#primaryimage"},"thumbnailUrl":"https:\/\/tonacorp.com\/wp-content\/uploads\/2025\/06\/img4-scaled-e1761207497732.jpg","datePublished":"2025-10-23T07:55:08+00:00","dateModified":"2025-10-23T08:18:34+00:00","breadcrumb":{"@id":"https:\/\/tonacorp.com\/vi\/project\/nang-cap-cai-tao-trung-tam-thuong-mai-go-dong-nai-bien-hoa-dong-nai\/#breadcrumb"},"inLanguage":"vi-VN","potentialAction":[{"@type":"ReadAction","target":["https:\/\/tonacorp.com\/vi\/project\/nang-cap-cai-tao-trung-tam-thuong-mai-go-dong-nai-bien-hoa-dong-nai\/"]}]},{"@type":"ImageObject","inLanguage":"vi-VN","@id":"https:\/\/tonacorp.com\/vi\/project\/nang-cap-cai-tao-trung-tam-thuong-mai-go-dong-nai-bien-hoa-dong-nai\/#primaryimage","url":"https:\/\/tonacorp.com\/wp-content\/uploads\/2025\/06\/img4-scaled-e1761207497732.jpg","contentUrl":"https:\/\/tonacorp.com\/wp-content\/uploads\/2025\/06\/img4-scaled-e1761207497732.jpg","width":1796,"height":1197},{"@type":"BreadcrumbList","@id":"https:\/\/tonacorp.com\/vi\/project\/nang-cap-cai-tao-trung-tam-thuong-mai-go-dong-nai-bien-hoa-dong-nai\/#breadcrumb","itemListElement":[{"@type":"ListItem","position":1,"name":"Home","item":"https:\/\/tonacorp.com\/vi\/"},{"@type":"ListItem","position":2,"name":"D\u1ef1 \u00e1n TONA","item":"https:\/\/tonacorp.com\/du-an-tona\/"},{"@type":"ListItem","position":3,"name":"N\u00e2ng c\u1ea5p C\u1ea3i t\u1ea1o Trung t\u00e2m Th\u01b0\u01a1ng m\u1ea1i GO! \u0110\u1ed3ng Nai &#8211; Bi\u00ean Ho\u00e0, \u0110\u1ed3ng Nai"}]},{"@type":"WebSite","@id":"https:\/\/tonacorp.com\/#website","url":"https:\/\/tonacorp.com\/","name":"TONA CORP","description":"Build it right","potentialAction":[{"@type":"SearchAction","target":{"@type":"EntryPoint","urlTemplate":"https:\/\/tonacorp.com\/?s={search_term_string}"},"query-input":"required name=search_term_string"}],"inLanguage":"vi-VN"}]}},"_links":{"self":[{"href":"https:\/\/tonacorp.com\/vi\/wp-json\/wp\/v2\/product\/7798","targetHints":{"allow":["GET"]}}],"collection":[{"href":"https:\/\/tonacorp.com\/vi\/wp-json\/wp\/v2\/product"}],"about":[{"href":"https:\/\/tonacorp.com\/vi\/wp-json\/wp\/v2\/types\/product"}],"replies":[{"embeddable":true,"href":"https:\/\/tonacorp.com\/vi\/wp-json\/wp\/v2\/comments?post=7798"}],"wp:featuredmedia":[{"embeddable":true,"href":"https:\/\/tonacorp.com\/vi\/wp-json\/wp\/v2\/media\/7702"}],"wp:attachment":[{"href":"https:\/\/tonacorp.com\/vi\/wp-json\/wp\/v2\/media?parent=7798"}],"wp:term":[{"taxonomy":"product_cat","embeddable":true,"href":"https:\/\/tonacorp.com\/vi\/wp-json\/wp\/v2\/product_cat?post=7798"},{"taxonomy":"product_tag","embeddable":true,"href":"https:\/\/tonacorp.com\/vi\/wp-json\/wp\/v2\/product_tag?post=7798"}],"curies":[{"name":"wp","href":"https:\/\/api.w.org\/{rel}","templated":true}]}}