{"id":7803,"date":"2025-10-23T08:18:59","date_gmt":"2025-10-23T08:18:59","guid":{"rendered":"https:\/\/tonacorp.com\/?post_type=product&#038;p=7803"},"modified":"2025-10-23T08:22:00","modified_gmt":"2025-10-23T08:22:00","slug":"nang-cap-cai-tao-nha-may-phoenix-contact-bien-hoa-dong-nai","status":"publish","type":"product","link":"https:\/\/tonacorp.com\/vi\/project\/nang-cap-cai-tao-nha-may-phoenix-contact-bien-hoa-dong-nai\/","title":{"rendered":"N\u00e2ng c\u1ea5p C\u1ea3i t\u1ea1o Nh\u00e0 m\u00e1y Phoenix Contact &#8211; Bi\u00ean Ho\u00e0, \u0110\u1ed3ng Nai"},"content":{"rendered":"","protected":false},"excerpt":{"rendered":"<p data-start=\"223\" data-end=\"508\">D\u1ef1 \u00e1n c\u1ea3i t\u1ea1o v\u00e0 n\u00e2ng c\u1ea5p nh\u00e0 m\u00e1y <strong data-start=\"257\" data-end=\"276\">Phoenix Contact<\/strong> t\u1ea1i Khu c\u00f4ng nghi\u1ec7p Amata, Bi\u00ean H\u00f2a, \u0110\u1ed3ng Nai l\u00e0 m\u1ed9t d\u1ea5u m\u1ed1c quan tr\u1ecdng trong h\u00e0nh tr\u00ecnh hi\u1ec7n th\u1ef1c h\u00f3a c\u00e1c ti\u00eau chu\u1ea9n s\u1ea3n xu\u1ea5t to\u00e0n c\u1ea7u c\u1ee7a T\u1eadp \u0111o\u00e0n t\u1ea1i Vi\u1ec7t Nam \u2014 n\u01a1i ch\u1ea5t l\u01b0\u1ee3ng, c\u00f4ng ngh\u1ec7 v\u00e0 t\u00ednh b\u1ec1n v\u1eefng \u0111\u01b0\u1ee3c \u0111\u1eb7t l\u00ean h\u00e0ng \u0111\u1ea7u.<\/p>\n<p data-start=\"510\" data-end=\"819\">V\u1edbi vai tr\u00f2 <strong data-start=\"522\" data-end=\"572\">T\u1ed5ng th\u1ea7u Thi\u1ebft k\u1ebf &amp; Thi c\u00f4ng (Design &amp; Build)<\/strong>, <strong data-start=\"574\" data-end=\"582\">TONA<\/strong> \u0111\u1ea3m nh\u1eadn to\u00e0n b\u1ed9 ph\u1ea1m vi c\u00f4ng vi\u1ec7c, bao g\u1ed3m n\u00e2ng c\u1ea5p k\u1ebft c\u1ea5u, hi\u1ec7n \u0111\u1ea1i h\u00f3a h\u1ec7 th\u1ed1ng MEP, c\u1ea3i t\u1ea1o khu v\u1ef1c ph\u00f2ng s\u1ea1ch v\u00e0 ho\u00e0n thi\u1ec7n kh\u00f4ng gian n\u1ed9i th\u1ea5t, \u0111\u00e1p \u1ee9ng nghi\u00eam ng\u1eb7t c\u00e1c y\u00eau c\u1ea7u k\u1ef9 thu\u1eadt v\u00e0 quy chu\u1ea9n v\u1eadn h\u00e0nh c\u1ee7a Phoenix Contact.<\/p>\n<p data-start=\"821\" data-end=\"1076\">D\u1ef1 \u00e1n th\u1ec3 hi\u1ec7n cam k\u1ebft c\u1ee7a <strong data-start=\"848\" data-end=\"856\">TONA<\/strong> trong vi\u1ec7c mang \u0111\u1ebfn <strong data-start=\"877\" data-end=\"930\">gi\u1ea3i ph\u00e1p thi c\u00f4ng ch\u00ednh x\u00e1c, an to\u00e0n v\u00e0 hi\u1ec7u qu\u1ea3<\/strong>, g\u00f3p ph\u1ea7n ki\u1ebfn t\u1ea1o m\u00f4i tr\u01b0\u1eddng s\u1ea3n xu\u1ea5t hi\u1ec7n \u0111\u1ea1i, \u0111\u1ed3ng h\u00e0nh c\u00f9ng Phoenix Contact tr\u00ean h\u00e0nh tr\u00ecnh h\u01b0\u1edbng t\u1edbi m\u1ed9t t\u01b0\u01a1ng lai \u0111i\u1ec7n kh\u00ed h\u00f3a to\u00e0n di\u1ec7n.<\/p>\n","protected":false},"featured_media":7777,"comment_status":"open","ping_status":"closed","template":"","meta":{"_et_pb_use_builder":"off","_et_pb_old_content":"","_et_gb_content_width":""},"product_cat":[35],"product_tag":[],"class_list":{"0":"post-7803","1":"product","2":"type-product","3":"status-publish","4":"has-post-thumbnail","6":"product_cat-nha-may-cong-nghiep","8":"first","9":"instock","10":"taxable","11":"shipping-taxable","12":"product-type-simple"},"yoast_head":"<!-- This site is optimized with the Yoast SEO plugin v22.9 - https:\/\/yoast.com\/wordpress\/plugins\/seo\/ -->\n<title>N\u00e2ng c\u1ea5p C\u1ea3i t\u1ea1o Nh\u00e0 m\u00e1y Phoenix Contact - Bi\u00ean Ho\u00e0, \u0110\u1ed3ng Nai - TONA CORP<\/title>\n<meta name=\"robots\" content=\"index, follow, max-snippet:-1, max-image-preview:large, max-video-preview:-1\" \/>\n<link rel=\"canonical\" href=\"https:\/\/tonacorp.com\/vi\/project\/nang-cap-cai-tao-nha-may-phoenix-contact-bien-hoa-dong-nai\/\" \/>\n<meta property=\"og:locale\" content=\"vi_VN\" \/>\n<meta property=\"og:type\" content=\"article\" \/>\n<meta property=\"og:title\" content=\"N\u00e2ng c\u1ea5p C\u1ea3i t\u1ea1o Nh\u00e0 m\u00e1y Phoenix Contact - Bi\u00ean Ho\u00e0, \u0110\u1ed3ng Nai - TONA CORP\" \/>\n<meta property=\"og:description\" content=\"D\u1ef1 \u00e1n c\u1ea3i t\u1ea1o v\u00e0 n\u00e2ng c\u1ea5p nh\u00e0 m\u00e1y Phoenix Contact t\u1ea1i Khu c\u00f4ng nghi\u1ec7p Amata, Bi\u00ean H\u00f2a, \u0110\u1ed3ng Nai l\u00e0 m\u1ed9t d\u1ea5u m\u1ed1c quan tr\u1ecdng trong h\u00e0nh tr\u00ecnh hi\u1ec7n th\u1ef1c h\u00f3a c\u00e1c ti\u00eau chu\u1ea9n s\u1ea3n xu\u1ea5t to\u00e0n c\u1ea7u c\u1ee7a T\u1eadp \u0111o\u00e0n t\u1ea1i Vi\u1ec7t Nam \u2014 n\u01a1i ch\u1ea5t l\u01b0\u1ee3ng, c\u00f4ng ngh\u1ec7 v\u00e0 t\u00ednh b\u1ec1n v\u1eefng \u0111\u01b0\u1ee3c \u0111\u1eb7t l\u00ean h\u00e0ng \u0111\u1ea7u. V\u1edbi vai tr\u00f2 T\u1ed5ng th\u1ea7u Thi\u1ebft k\u1ebf &amp; Thi c\u00f4ng (Design &amp; Build), TONA \u0111\u1ea3m nh\u1eadn to\u00e0n b\u1ed9 ph\u1ea1m vi c\u00f4ng vi\u1ec7c, bao g\u1ed3m n\u00e2ng c\u1ea5p k\u1ebft c\u1ea5u, hi\u1ec7n \u0111\u1ea1i h\u00f3a h\u1ec7 th\u1ed1ng MEP, c\u1ea3i t\u1ea1o khu v\u1ef1c ph\u00f2ng s\u1ea1ch v\u00e0 ho\u00e0n thi\u1ec7n kh\u00f4ng gian n\u1ed9i th\u1ea5t, \u0111\u00e1p \u1ee9ng nghi\u00eam ng\u1eb7t c\u00e1c y\u00eau c\u1ea7u k\u1ef9 thu\u1eadt v\u00e0 quy chu\u1ea9n v\u1eadn h\u00e0nh c\u1ee7a Phoenix Contact. D\u1ef1 \u00e1n th\u1ec3 hi\u1ec7n cam k\u1ebft c\u1ee7a TONA trong vi\u1ec7c mang \u0111\u1ebfn gi\u1ea3i ph\u00e1p thi c\u00f4ng ch\u00ednh x\u00e1c, an to\u00e0n v\u00e0 hi\u1ec7u qu\u1ea3, g\u00f3p ph\u1ea7n ki\u1ebfn t\u1ea1o m\u00f4i tr\u01b0\u1eddng s\u1ea3n xu\u1ea5t hi\u1ec7n \u0111\u1ea1i, \u0111\u1ed3ng h\u00e0nh c\u00f9ng Phoenix Contact tr\u00ean h\u00e0nh tr\u00ecnh h\u01b0\u1edbng t\u1edbi m\u1ed9t t\u01b0\u01a1ng lai \u0111i\u1ec7n kh\u00ed h\u00f3a to\u00e0n di\u1ec7n.\" \/>\n<meta property=\"og:url\" content=\"https:\/\/tonacorp.com\/vi\/project\/nang-cap-cai-tao-nha-may-phoenix-contact-bien-hoa-dong-nai\/\" \/>\n<meta property=\"og:site_name\" content=\"TONA CORP\" \/>\n<meta property=\"article:modified_time\" content=\"2025-10-23T08:22:00+00:00\" \/>\n<meta property=\"og:image\" content=\"https:\/\/tonacorp.com\/wp-content\/uploads\/2025\/10\/DJI_20251017120052_0992_D-scaled-e1761207685590.jpg\" \/>\n\t<meta property=\"og:image:width\" content=\"1802\" \/>\n\t<meta property=\"og:image:height\" content=\"1201\" \/>\n\t<meta property=\"og:image:type\" content=\"image\/jpeg\" \/>\n<meta name=\"twitter:card\" content=\"summary_large_image\" \/>\n<meta name=\"twitter:label1\" content=\"Est. reading time\" \/>\n\t<meta name=\"twitter:data1\" content=\"1 minute\" \/>\n<script type=\"application\/ld+json\" class=\"yoast-schema-graph\">{\"@context\":\"https:\/\/schema.org\",\"@graph\":[{\"@type\":\"WebPage\",\"@id\":\"https:\/\/tonacorp.com\/vi\/project\/nang-cap-cai-tao-nha-may-phoenix-contact-bien-hoa-dong-nai\/\",\"url\":\"https:\/\/tonacorp.com\/vi\/project\/nang-cap-cai-tao-nha-may-phoenix-contact-bien-hoa-dong-nai\/\",\"name\":\"N\u00e2ng c\u1ea5p C\u1ea3i t\u1ea1o Nh\u00e0 m\u00e1y Phoenix Contact - Bi\u00ean Ho\u00e0, \u0110\u1ed3ng Nai - TONA CORP\",\"isPartOf\":{\"@id\":\"https:\/\/tonacorp.com\/#website\"},\"primaryImageOfPage\":{\"@id\":\"https:\/\/tonacorp.com\/vi\/project\/nang-cap-cai-tao-nha-may-phoenix-contact-bien-hoa-dong-nai\/#primaryimage\"},\"image\":{\"@id\":\"https:\/\/tonacorp.com\/vi\/project\/nang-cap-cai-tao-nha-may-phoenix-contact-bien-hoa-dong-nai\/#primaryimage\"},\"thumbnailUrl\":\"https:\/\/tonacorp.com\/wp-content\/uploads\/2025\/10\/DJI_20251017120052_0992_D-scaled-e1761207685590.jpg\",\"datePublished\":\"2025-10-23T08:18:59+00:00\",\"dateModified\":\"2025-10-23T08:22:00+00:00\",\"breadcrumb\":{\"@id\":\"https:\/\/tonacorp.com\/vi\/project\/nang-cap-cai-tao-nha-may-phoenix-contact-bien-hoa-dong-nai\/#breadcrumb\"},\"inLanguage\":\"vi-VN\",\"potentialAction\":[{\"@type\":\"ReadAction\",\"target\":[\"https:\/\/tonacorp.com\/vi\/project\/nang-cap-cai-tao-nha-may-phoenix-contact-bien-hoa-dong-nai\/\"]}]},{\"@type\":\"ImageObject\",\"inLanguage\":\"vi-VN\",\"@id\":\"https:\/\/tonacorp.com\/vi\/project\/nang-cap-cai-tao-nha-may-phoenix-contact-bien-hoa-dong-nai\/#primaryimage\",\"url\":\"https:\/\/tonacorp.com\/wp-content\/uploads\/2025\/10\/DJI_20251017120052_0992_D-scaled-e1761207685590.jpg\",\"contentUrl\":\"https:\/\/tonacorp.com\/wp-content\/uploads\/2025\/10\/DJI_20251017120052_0992_D-scaled-e1761207685590.jpg\",\"width\":1802,\"height\":1201,\"caption\":\"default\"},{\"@type\":\"BreadcrumbList\",\"@id\":\"https:\/\/tonacorp.com\/vi\/project\/nang-cap-cai-tao-nha-may-phoenix-contact-bien-hoa-dong-nai\/#breadcrumb\",\"itemListElement\":[{\"@type\":\"ListItem\",\"position\":1,\"name\":\"Home\",\"item\":\"https:\/\/tonacorp.com\/vi\/\"},{\"@type\":\"ListItem\",\"position\":2,\"name\":\"D\u1ef1 \u00e1n TONA\",\"item\":\"https:\/\/tonacorp.com\/du-an-tona\/\"},{\"@type\":\"ListItem\",\"position\":3,\"name\":\"N\u00e2ng c\u1ea5p C\u1ea3i t\u1ea1o Nh\u00e0 m\u00e1y Phoenix Contact &#8211; Bi\u00ean Ho\u00e0, \u0110\u1ed3ng Nai\"}]},{\"@type\":\"WebSite\",\"@id\":\"https:\/\/tonacorp.com\/#website\",\"url\":\"https:\/\/tonacorp.com\/\",\"name\":\"TONA CORP\",\"description\":\"Build it right\",\"potentialAction\":[{\"@type\":\"SearchAction\",\"target\":{\"@type\":\"EntryPoint\",\"urlTemplate\":\"https:\/\/tonacorp.com\/?s={search_term_string}\"},\"query-input\":\"required name=search_term_string\"}],\"inLanguage\":\"vi-VN\"}]}<\/script>\n<!-- \/ Yoast SEO plugin. -->","yoast_head_json":{"title":"N\u00e2ng c\u1ea5p C\u1ea3i t\u1ea1o Nh\u00e0 m\u00e1y Phoenix Contact - Bi\u00ean Ho\u00e0, \u0110\u1ed3ng Nai - TONA CORP","robots":{"index":"index","follow":"follow","max-snippet":"max-snippet:-1","max-image-preview":"max-image-preview:large","max-video-preview":"max-video-preview:-1"},"canonical":"https:\/\/tonacorp.com\/vi\/project\/nang-cap-cai-tao-nha-may-phoenix-contact-bien-hoa-dong-nai\/","og_locale":"vi_VN","og_type":"article","og_title":"N\u00e2ng c\u1ea5p C\u1ea3i t\u1ea1o Nh\u00e0 m\u00e1y Phoenix Contact - Bi\u00ean Ho\u00e0, \u0110\u1ed3ng Nai - TONA CORP","og_description":"D\u1ef1 \u00e1n c\u1ea3i t\u1ea1o v\u00e0 n\u00e2ng c\u1ea5p nh\u00e0 m\u00e1y Phoenix Contact t\u1ea1i Khu c\u00f4ng nghi\u1ec7p Amata, Bi\u00ean H\u00f2a, \u0110\u1ed3ng Nai l\u00e0 m\u1ed9t d\u1ea5u m\u1ed1c quan tr\u1ecdng trong h\u00e0nh tr\u00ecnh hi\u1ec7n th\u1ef1c h\u00f3a c\u00e1c ti\u00eau chu\u1ea9n s\u1ea3n xu\u1ea5t to\u00e0n c\u1ea7u c\u1ee7a T\u1eadp \u0111o\u00e0n t\u1ea1i Vi\u1ec7t Nam \u2014 n\u01a1i ch\u1ea5t l\u01b0\u1ee3ng, c\u00f4ng ngh\u1ec7 v\u00e0 t\u00ednh b\u1ec1n v\u1eefng \u0111\u01b0\u1ee3c \u0111\u1eb7t l\u00ean h\u00e0ng \u0111\u1ea7u. V\u1edbi vai tr\u00f2 T\u1ed5ng th\u1ea7u Thi\u1ebft k\u1ebf &amp; Thi c\u00f4ng (Design &amp; Build), TONA \u0111\u1ea3m nh\u1eadn to\u00e0n b\u1ed9 ph\u1ea1m vi c\u00f4ng vi\u1ec7c, bao g\u1ed3m n\u00e2ng c\u1ea5p k\u1ebft c\u1ea5u, hi\u1ec7n \u0111\u1ea1i h\u00f3a h\u1ec7 th\u1ed1ng MEP, c\u1ea3i t\u1ea1o khu v\u1ef1c ph\u00f2ng s\u1ea1ch v\u00e0 ho\u00e0n thi\u1ec7n kh\u00f4ng gian n\u1ed9i th\u1ea5t, \u0111\u00e1p \u1ee9ng nghi\u00eam ng\u1eb7t c\u00e1c y\u00eau c\u1ea7u k\u1ef9 thu\u1eadt v\u00e0 quy chu\u1ea9n v\u1eadn h\u00e0nh c\u1ee7a Phoenix Contact. D\u1ef1 \u00e1n th\u1ec3 hi\u1ec7n cam k\u1ebft c\u1ee7a TONA trong vi\u1ec7c mang \u0111\u1ebfn gi\u1ea3i ph\u00e1p thi c\u00f4ng ch\u00ednh x\u00e1c, an to\u00e0n v\u00e0 hi\u1ec7u qu\u1ea3, g\u00f3p ph\u1ea7n ki\u1ebfn t\u1ea1o m\u00f4i tr\u01b0\u1eddng s\u1ea3n xu\u1ea5t hi\u1ec7n \u0111\u1ea1i, \u0111\u1ed3ng h\u00e0nh c\u00f9ng Phoenix Contact tr\u00ean h\u00e0nh tr\u00ecnh h\u01b0\u1edbng t\u1edbi m\u1ed9t t\u01b0\u01a1ng lai \u0111i\u1ec7n kh\u00ed h\u00f3a to\u00e0n di\u1ec7n.","og_url":"https:\/\/tonacorp.com\/vi\/project\/nang-cap-cai-tao-nha-may-phoenix-contact-bien-hoa-dong-nai\/","og_site_name":"TONA CORP","article_modified_time":"2025-10-23T08:22:00+00:00","og_image":[{"width":1802,"height":1201,"url":"https:\/\/tonacorp.com\/wp-content\/uploads\/2025\/10\/DJI_20251017120052_0992_D-scaled-e1761207685590.jpg","type":"image\/jpeg"}],"twitter_card":"summary_large_image","twitter_misc":{"Est. reading time":"1 minute"},"schema":{"@context":"https:\/\/schema.org","@graph":[{"@type":"WebPage","@id":"https:\/\/tonacorp.com\/vi\/project\/nang-cap-cai-tao-nha-may-phoenix-contact-bien-hoa-dong-nai\/","url":"https:\/\/tonacorp.com\/vi\/project\/nang-cap-cai-tao-nha-may-phoenix-contact-bien-hoa-dong-nai\/","name":"N\u00e2ng c\u1ea5p C\u1ea3i t\u1ea1o Nh\u00e0 m\u00e1y Phoenix Contact - Bi\u00ean Ho\u00e0, \u0110\u1ed3ng Nai - TONA CORP","isPartOf":{"@id":"https:\/\/tonacorp.com\/#website"},"primaryImageOfPage":{"@id":"https:\/\/tonacorp.com\/vi\/project\/nang-cap-cai-tao-nha-may-phoenix-contact-bien-hoa-dong-nai\/#primaryimage"},"image":{"@id":"https:\/\/tonacorp.com\/vi\/project\/nang-cap-cai-tao-nha-may-phoenix-contact-bien-hoa-dong-nai\/#primaryimage"},"thumbnailUrl":"https:\/\/tonacorp.com\/wp-content\/uploads\/2025\/10\/DJI_20251017120052_0992_D-scaled-e1761207685590.jpg","datePublished":"2025-10-23T08:18:59+00:00","dateModified":"2025-10-23T08:22:00+00:00","breadcrumb":{"@id":"https:\/\/tonacorp.com\/vi\/project\/nang-cap-cai-tao-nha-may-phoenix-contact-bien-hoa-dong-nai\/#breadcrumb"},"inLanguage":"vi-VN","potentialAction":[{"@type":"ReadAction","target":["https:\/\/tonacorp.com\/vi\/project\/nang-cap-cai-tao-nha-may-phoenix-contact-bien-hoa-dong-nai\/"]}]},{"@type":"ImageObject","inLanguage":"vi-VN","@id":"https:\/\/tonacorp.com\/vi\/project\/nang-cap-cai-tao-nha-may-phoenix-contact-bien-hoa-dong-nai\/#primaryimage","url":"https:\/\/tonacorp.com\/wp-content\/uploads\/2025\/10\/DJI_20251017120052_0992_D-scaled-e1761207685590.jpg","contentUrl":"https:\/\/tonacorp.com\/wp-content\/uploads\/2025\/10\/DJI_20251017120052_0992_D-scaled-e1761207685590.jpg","width":1802,"height":1201,"caption":"default"},{"@type":"BreadcrumbList","@id":"https:\/\/tonacorp.com\/vi\/project\/nang-cap-cai-tao-nha-may-phoenix-contact-bien-hoa-dong-nai\/#breadcrumb","itemListElement":[{"@type":"ListItem","position":1,"name":"Home","item":"https:\/\/tonacorp.com\/vi\/"},{"@type":"ListItem","position":2,"name":"D\u1ef1 \u00e1n TONA","item":"https:\/\/tonacorp.com\/du-an-tona\/"},{"@type":"ListItem","position":3,"name":"N\u00e2ng c\u1ea5p C\u1ea3i t\u1ea1o Nh\u00e0 m\u00e1y Phoenix Contact &#8211; Bi\u00ean Ho\u00e0, \u0110\u1ed3ng Nai"}]},{"@type":"WebSite","@id":"https:\/\/tonacorp.com\/#website","url":"https:\/\/tonacorp.com\/","name":"TONA CORP","description":"Build it right","potentialAction":[{"@type":"SearchAction","target":{"@type":"EntryPoint","urlTemplate":"https:\/\/tonacorp.com\/?s={search_term_string}"},"query-input":"required name=search_term_string"}],"inLanguage":"vi-VN"}]}},"_links":{"self":[{"href":"https:\/\/tonacorp.com\/vi\/wp-json\/wp\/v2\/product\/7803","targetHints":{"allow":["GET"]}}],"collection":[{"href":"https:\/\/tonacorp.com\/vi\/wp-json\/wp\/v2\/product"}],"about":[{"href":"https:\/\/tonacorp.com\/vi\/wp-json\/wp\/v2\/types\/product"}],"replies":[{"embeddable":true,"href":"https:\/\/tonacorp.com\/vi\/wp-json\/wp\/v2\/comments?post=7803"}],"wp:featuredmedia":[{"embeddable":true,"href":"https:\/\/tonacorp.com\/vi\/wp-json\/wp\/v2\/media\/7777"}],"wp:attachment":[{"href":"https:\/\/tonacorp.com\/vi\/wp-json\/wp\/v2\/media?parent=7803"}],"wp:term":[{"taxonomy":"product_cat","embeddable":true,"href":"https:\/\/tonacorp.com\/vi\/wp-json\/wp\/v2\/product_cat?post=7803"},{"taxonomy":"product_tag","embeddable":true,"href":"https:\/\/tonacorp.com\/vi\/wp-json\/wp\/v2\/product_tag?post=7803"}],"curies":[{"name":"wp","href":"https:\/\/api.w.org\/{rel}","templated":true}]}}